{"id":6981,"date":"2023-09-21T15:10:30","date_gmt":"2023-09-21T15:10:30","guid":{"rendered":"https:\/\/vistaslawgroup.com\/home\/"},"modified":"2025-06-19T14:18:44","modified_gmt":"2025-06-19T14:18:44","slug":"home","status":"publish","type":"page","link":"https:\/\/vistaslawgroup.com\/es\/","title":{"rendered":"Inicio"},"content":{"rendered":"\n<h1>\n\t\t\tSus Socios De Confianza En Planificaci\u00f3n Patrimonial, Sucesiones Y Litigios De Fideicomisos\t<\/h1>\n\t<p>Al Servicio De Clientes En Toda California<\/p>\n\t<p>Con m\u00e1s de 25 a\u00f1os de experiencia acumulada, Mario Vega y Louie Ruiz ofrecen una gu\u00eda especializada en casos de planificaci\u00f3n patrimonial, litigios y sucesiones. Nos enorgullece brindar servicios personalizados y biling\u00fces en ingl\u00e9s y espa\u00f1ol, dando prioridad a soluciones efectivas y compasivas.<\/p>\n\t\t\t\t<img decoding=\"async\" src=\"https:\/\/vistaslawgroup.com\/wp-content\/uploads\/2023\/10\/shutterstock_1845825394.jpg\" alt=\"Mixed,Race,Parents,Giving,Piggyback,Ride,To,Their,Children.,Portrait\" itemprop=\"image\" height=\"1280\" width=\"1920\" title=\"Mixed,Race,Parents,Giving,Piggyback,Ride,To,Their,Children.,Portrait\" onerror=\"this.style.display='none'\" loading='lazy' \/>\n<h2>\n\t\t\tAcerca De Vistas Law Group\t<\/h2>\n\t<p>En Vistas Law Group, aprovechamos m\u00e1s de dos d\u00e9cadas de experiencia en litigios de fideicomisos y sucesiones para ofrecer servicios de planificaci\u00f3n patrimonial incomparables. A diferencia del enfoque gen\u00e9rico habitual, valoramos profundamente la asesor\u00eda personalizada.<\/p>\n<p>Entendemos que un plan patrimonial no se trata solo de documentos, sino de comprender sus necesidades e inquietudes \u00fanicas. Nuestra amplia experiencia en litigios nos permite anticipar problemas potenciales, garantizando que reciba un plan que resista el paso del tiempo.<\/p>\n\t\t\t<a href=\"#contactform\" target=\"_self\">\n\t\t\t\t\t\t\tPROGRAME UNA CONSULTA<br \/> GRATUITA DE 15 MINUTOS\n\t\t\t\t\t<\/a>\n\t<div class='black' style='background:rgb(255, 255, 255); border:solid 0px #f0f0f0; border-radius:0px; padding:8px 8px 8px 8px;'>\n<div id='badges' class='owl-carousel sa_owl_theme owl-pagination-true autohide-arrows' data-slider-id='badges' style='visibility:hidden;'>\n<div id='badges_slide01' class='sa_hover_container' style='padding:0% 0%; margin:0px 0%; background-color:rgb(255, 255, 255); min-height:90px; '><p><img decoding=\"async\" src=\"https:\/\/vistaslawgroup.com\/wp-content\/uploads\/2023\/09\/CSB-1.png\" alt=\"\" \/><\/p><\/div>\n<div id='badges_slide02' class='sa_hover_container' style='padding:0% 0%; margin:0px 0%; background-color:rgb(255, 255, 255); min-height:90px; '><p><img loading=\"lazy\" decoding=\"async\" src=\"https:\/\/vistaslawgroup.com\/wp-content\/uploads\/2023\/09\/Wealth_Counsel-1.png\" alt=\"\" width=\"91\" height=\"80\" \/><\/p><\/div>\n<div id='badges_slide03' class='sa_hover_container' style='padding:0% 0%; margin:0px 0%; background-color:rgb(255, 255, 255); min-height:90px; '><p><img decoding=\"async\" style=\"width: 96px\" src=\"https:\/\/vistaslawgroup.com\/wp-content\/uploads\/2024\/02\/2024-SuperLawyers-Badge.jpeg\" alt=\"Super Lawyers\" \/><\/p><\/div>\n<div id='badges_slide04' class='sa_hover_container' style='padding:0% 0%; margin:0px 0%; background-color:rgb(255, 255, 255); min-height:90px; '><p><img decoding=\"async\" src=\"https:\/\/vistaslawgroup.com\/wp-content\/uploads\/2023\/09\/maba-1.png\" alt=\"\" \/><\/p><\/div>\n<div id='badges_slide05' class='sa_hover_container' style='padding:0% 0%; margin:0px 0%; background-color:rgb(255, 255, 255); min-height:90px; '><p><img decoding=\"async\" src=\"https:\/\/vistaslawgroup.com\/wp-content\/uploads\/2023\/09\/LACBA-1.png\" alt=\"\" \/><\/p><\/div>\n<div id='badges_slide06' class='sa_hover_container' style='padding:0% 0%; margin:0px 0%; background-color:rgb(255, 255, 255); min-height:90px; '><p><img decoding=\"async\" src=\"https:\/\/vistaslawgroup.com\/wp-content\/uploads\/2023\/09\/Riverside_Barristers-1.png\" alt=\"\" \/><\/p><\/div>\n<div id='badges_slide07' class='sa_hover_container' style='padding:0% 0%; margin:0px 0%; background-color:rgb(255, 255, 255); min-height:90px; '><p><img decoding=\"async\" src=\"https:\/\/vistaslawgroup.com\/wp-content\/uploads\/2023\/09\/ProbateBarLogoColor-1.png\" alt=\"\" \/><\/p><\/div>\n<\/div>\n<\/div>\n<script type='text\/javascript'>\n\tjQuery(document).ready(function() {\n\t\tjQuery('#badges').owlCarousel({\n\t\t\tresponsive:{\n\t\t\t\t0:{ items:2 },\n\t\t\t\t480:{ items:2 },\n\t\t\t\t768:{ items:2 },\n\t\t\t\t980:{ items:7 },\n\t\t\t\t1200:{ items:7 },\n\t\t\t\t1500:{ items:7 }\n\t\t\t},\n\t\t\tautoplay : true,\n\t\t\tautoplayTimeout : 4000,\n\t\t\tautoplayHoverPause : true,\n\t\t\tsmartSpeed : 300,\n\t\t\tfluidSpeed : 300,\n\t\t\tautoplaySpeed : 300,\n\t\t\tnavSpeed : 300,\n\t\t\tdotsSpeed : 300,\n\t\t\tloop : false,\n\t\t\tnav : false,\n\t\t\tnavText : ['Previous','Next'],\n\t\t\tdots : true,\n\t\t\tresponsiveRefreshRate : 200,\n\t\t\tslideBy : 1,\n\t\t\tmergeFit : true,\n\t\t\tautoHeight : false,\n\t\t\tmouseDrag : false,\n\t\t\ttouchDrag : true\n\t\t});\n\t\tjQuery('#badges').css('visibility', 'visible');\n\t\tvar owl_goto = jQuery('#badges');\n\t\tjQuery('.badges_goto1').click(function(event){\n\t\t\towl_goto.trigger('to.owl.carousel', 0);\n\t\t});\n\t\tjQuery('.badges_goto2').click(function(event){\n\t\t\towl_goto.trigger('to.owl.carousel', 1);\n\t\t});\n\t\tjQuery('.badges_goto3').click(function(event){\n\t\t\towl_goto.trigger('to.owl.carousel', 2);\n\t\t});\n\t\tjQuery('.badges_goto4').click(function(event){\n\t\t\towl_goto.trigger('to.owl.carousel', 3);\n\t\t});\n\t\tjQuery('.badges_goto5').click(function(event){\n\t\t\towl_goto.trigger('to.owl.carousel', 4);\n\t\t});\n\t\tjQuery('.badges_goto6').click(function(event){\n\t\t\towl_goto.trigger('to.owl.carousel', 5);\n\t\t});\n\t\tjQuery('.badges_goto7').click(function(event){\n\t\t\towl_goto.trigger('to.owl.carousel', 6);\n\t\t});\n\t\tvar resize_6289 = jQuery('.owl-carousel');\n\t\tresize_6289.on('initialized.owl.carousel', function(e) {\n\t\t\tif (typeof(Event) === 'function') {\n\t\t\t\twindow.dispatchEvent(new Event('resize'));\n\t\t\t} else {\n\t\t\t\tvar evt = window.document.createEvent('UIEvents');\n\t\t\t\tevt.initUIEvent('resize', true, false, window, 0);\n\t\t\t\twindow.dispatchEvent(evt);\n\t\t\t}\n\t\t});\n\t});\n<\/script>\n\n<h2>\n\t\t\tNuestros Servicios\t<\/h2>\n\t\t\t<a href=\"https:\/\/vistaslawgroup.com\/es\/areas-de-practica\/\" target=\"_self\">\n\t\t\t\t\t\t\tVER TODAS NUESTRAS \u00c1REAS DE PR\u00c1CTICA\n\t\t\t\t\t<\/a>\n<h2>\n\t\t\tConozca A Nuestro Equipo\t<\/h2>\n<figure><img decoding=\"async\" src=\"https:\/\/vistaslawgroup.com\/wp-content\/uploads\/2023\/12\/Mario-.jpg\" alt=\"Mario-D.-Vega\" \/><\/figure>\n<p><a href=\"https:\/\/vistaslawgroup.com\/es\/mario-vega\/\">Mario D. Vega<\/a><\/p>\n<p>Socio Principal<\/p>\n<figure><img decoding=\"async\" src=\"https:\/\/vistaslawgroup.com\/wp-content\/uploads\/2023\/12\/Louie.jpg\" alt=\"Antonieta \"Tonie\" Leal\" \/><\/figure>\n<p><a href=\"https:\/\/vistaslawgroup.com\/es\/louie_a_ruiz\/\">Louie A. Ruiz<\/a><\/p>\n<p>Socio Principal<\/p>\n<figure><img decoding=\"async\" src=\"https:\/\/vistaslawgroup.com\/wp-content\/uploads\/2023\/12\/GEORGE-2.jpg\" alt=\"George V. Karr\" \/><\/figure>\n<p><a href=\"https:\/\/vistaslawgroup.com\/es\/george-v-karr\/\">George V. Karr<\/a><\/p>\n<p>Asociado<\/p>\n<figure><img decoding=\"async\" src=\"https:\/\/vistaslawgroup.com\/wp-content\/uploads\/2024\/06\/Nelson-E.-Cavour-Gray-Background.jpg\" alt=\"Nelson E. Cavour\" \/><\/figure>\n<p><a href=\"https:\/\/vistaslawgroup.com\/es\/nelson-e-cavour\/\">Nelson E. Cavour<\/a><\/p>\n<p>Asociado<\/p>\n\t\t\t<a href=\"https:\/\/vistaslawgroup.com\/es\/nuestro-equipo\/\" target=\"_self\">\n\t\t\t\t\t\t\tConozca al equipo\n\t\t\t\t\t<\/a>\n\t\t\t\t<img decoding=\"async\" src=\"https:\/\/vistaslawgroup.com\/wp-content\/uploads\/2023\/09\/text.png\" alt=\"text\" itemprop=\"image\" height=\"31\" width=\"28\" title=\"text\" onerror=\"this.style.display='none'\" loading='lazy' \/>\n\t<p>Un buen abogado cumple dos funciones: defender y asesorar. Nos enorgullecemos de nuestra tenaz defensa. Para cada cliente, recurrimos a nuestra vasta experiencia y conocimiento para aconsejarlo en las decisiones dif\u00edciles de la vida con honestidad, integridad y compasi\u00f3n.<\/p>\n\t<p>Mario D. Vega<\/p>\n\t<p>Socio Principal<\/p>\n\t\t\t\t<img decoding=\"async\" src=\"https:\/\/vistaslawgroup.com\/wp-content\/uploads\/2025\/01\/vistaslawgroup.png\" alt=\"vistaslawgroup\" itemprop=\"image\" height=\"900\" width=\"1050\" title=\"vistaslawgroup\" onerror=\"this.style.display='none'\" loading='lazy' \/>\n<h2>\n\t\t\tTestimonios de clientes\t<\/h2>\n\t<div class='white' style='background:rgb(242, 246, 250); border:solid 0px rgba(0,0,0,0); border-radius:0px; padding:0px 0px 0px 0px;'>\n<div id='slider_6469' class='owl-carousel sa_owl_theme owl-pagination-true autohide-arrows' data-slider-id='slider_6469' style='visibility:hidden;'>\n<div id='slider_6469_slide01' class='sa_hover_container' style='padding:0% 0%; margin:0px 0%; min-height:150px; '><p class=\"testimonialText\">Admito que al principio no estaba segura... Mi caso se estaba moviendo de un bufete de abogados a otro con Louie Ruiz, quien hab\u00eda estado trabajando en el caso durante bastante tiempo... simplemente no lo sab\u00eda. Fue poco despu\u00e9s del cambio que me di cuenta de que este tipo no estaba bromeando, hizo un trabajo absolutamente incre\u00edble para conseguirnos a mi hermana y a m\u00ed nuestra herencia, y algunos recuerdos familiares personales para atesorar... Obtuvo para nosotros m\u00e1s de lo que nunca esper\u00e1bamos. Recomiendo encarecidamente a Louie Ruiz y a Vistas Law Group para todas sus necesidades legales. Gracias Louie, y a todo su personal... ha sido un placer trabajar con todos ustedes. \u00a1Gracias!<\/p>\r\n<p><img decoding=\"async\" class=\"testimonialStars\" src=\"https:\/\/vistaslawgroup.com\/wp-content\/uploads\/2023\/10\/blueStars.png\" alt=\"Testimonial Rating\" \/><\/p>\r\n<p class=\"testimonialClient\">Cliente<\/p><\/div>\n<div id='slider_6469_slide02' class='sa_hover_container' style='padding:0% 0%; margin:0px 0%; min-height:150px; '><p class=\"testimonialText\">Louie, le estoy muy agradecido a usted y a la firma que representa. Manej\u00f3 mi caso con gran profesionalismo durante toda su duraci\u00f3n. Todos en su firma estuvieron muy involucrados y respond\u00edan con prontitud cada vez que ten\u00eda preguntas. Usted siempre estuvo disponible y dispuesto a ayudar y responder mis dudas. El resultado fue muy satisfactorio para m\u00ed, se tom\u00f3 el tiempo para hacer el movimiento correcto para impresionar al juez a nuestro favor. Le estoy agradecido, puede contar conmigo para recomendar la firma que representa a mis amigos, familiares y comunidad.<\/p>\r\n<p><img decoding=\"async\" class=\"testimonialStars\" src=\"https:\/\/vistaslawgroup.com\/wp-content\/uploads\/2023\/10\/blueStars.png\" alt=\"Testimonial Rating\" \/><\/p>\r\n<p class=\"testimonialClient\">Cliente<\/p><\/div>\n<\/div>\n<\/div>\n<script type='text\/javascript'>\n\tjQuery(document).ready(function() {\n\t\tjQuery('#slider_6469').owlCarousel({\n\t\t\titems : 1,\n\t\t\tsmartSpeed : 200,\n\t\t\tautoplay : true,\n\t\t\tautoplayTimeout : 5000,\n\t\t\tautoplayHoverPause : true,\n\t\t\tsmartSpeed : 200,\n\t\t\tfluidSpeed : 200,\n\t\t\tautoplaySpeed : 200,\n\t\t\tnavSpeed : 200,\n\t\t\tdotsSpeed : 200,\n\t\t\tloop : false,\n\t\t\tnav : true,\n\t\t\tnavText : ['Previous','Next'],\n\t\t\tdots : true,\n\t\t\tresponsiveRefreshRate : 200,\n\t\t\tslideBy : 1,\n\t\t\tmergeFit : true,\n\t\t\tautoHeight : true,\n\t\t\tmouseDrag : false,\n\t\t\ttouchDrag : true\n\t\t});\n\t\tjQuery('#slider_6469').css('visibility', 'visible');\n\t\tvar owl_goto = jQuery('#slider_6469');\n\t\tjQuery('.slider_6469_goto1').click(function(event){\n\t\t\towl_goto.trigger('to.owl.carousel', 0);\n\t\t});\n\t\tjQuery('.slider_6469_goto2').click(function(event){\n\t\t\towl_goto.trigger('to.owl.carousel', 1);\n\t\t});\n\t\tvar resize_6984 = jQuery('.owl-carousel');\n\t\tresize_6984.on('initialized.owl.carousel', function(e) {\n\t\t\tif (typeof(Event) === 'function') {\n\t\t\t\twindow.dispatchEvent(new Event('resize'));\n\t\t\t} else {\n\t\t\t\tvar evt = window.document.createEvent('UIEvents');\n\t\t\t\tevt.initUIEvent('resize', true, false, window, 0);\n\t\t\t\twindow.dispatchEvent(evt);\n\t\t\t}\n\t\t});\n\t});\n<\/script>\n\n\t\t\t<a href=\"https:\/\/vistaslawgroup.com\/es\/testimonios\/\" target=\"_self\">\n\t\t\t\t\t\t\tLEA M\u00c1S TESTIMONIOS DE CLIENTES\n\t\t\t\t\t<\/a>\n\n","protected":false},"excerpt":{"rendered":"<p>Sus Socios De Confianza En Planificaci\u00f3n Patrimonial, Sucesiones Y Litigios De Fideicomisos Al Servicio De Clientes En Toda California Con m\u00e1s de 25 a\u00f1os de experiencia acumulada, Mario Vega y Louie Ruiz ofrecen una gu\u00eda especializada en casos de planificaci\u00f3n patrimonial, litigios y sucesiones. Nos enorgullece brindar servicios personalizados y biling\u00fces en ingl\u00e9s y espa\u00f1ol,&hellip;<\/p>\n","protected":false},"author":1,"featured_media":6956,"parent":0,"menu_order":0,"comment_status":"closed","ping_status":"closed","template":"","meta":{"_acf_changed":false,"inline_featured_image":false,"footnotes":""},"class_list":["post-6981","page","type-page","status-publish","has-post-thumbnail","hentry"],"acf":[],"yoast_head":"<!-- This site is optimized with the Yoast SEO plugin v27.5 - https:\/\/yoast.com\/product\/yoast-seo-wordpress\/ -->\n<title>Vistas Law Group: California Estate Planning, Probate, and Trust Litigation Attorneys<\/title>\n<meta name=\"description\" content=\"Vistas Law Group\" \/>\n<meta name=\"robots\" content=\"index, follow, max-snippet:-1, max-image-preview:large, max-video-preview:-1\" \/>\n<link rel=\"canonical\" href=\"https:\/\/vistaslawgroup.com\/es\/\" \/>\n<meta property=\"og:locale\" content=\"es_ES\" \/>\n<meta property=\"og:type\" content=\"article\" \/>\n<meta property=\"og:title\" content=\"Vistas Law Group: California Estate Planning, Probate, and Trust Litigation Attorneys\" \/>\n<meta property=\"og:description\" content=\"Vistas Law Group\" \/>\n<meta property=\"og:url\" content=\"https:\/\/vistaslawgroup.com\/es\/\" \/>\n<meta property=\"og:site_name\" content=\"Vistas Law Group\" \/>\n<meta property=\"article:modified_time\" content=\"2025-06-19T14:18:44+00:00\" \/>\n<meta property=\"og:image\" content=\"https:\/\/vistaslawgroup.com\/wp-content\/uploads\/2023\/12\/Mario-And-Louie-home.png\" \/>\n\t<meta property=\"og:image:width\" content=\"674\" \/>\n\t<meta property=\"og:image:height\" content=\"557\" \/>\n\t<meta property=\"og:image:type\" content=\"image\/png\" \/>\n<meta name=\"twitter:card\" content=\"summary_large_image\" \/>\n<meta name=\"twitter:label1\" content=\"Tiempo de lectura\" \/>\n\t<meta name=\"twitter:data1\" content=\"10 minutos\" \/>\n<script type=\"application\/ld+json\" class=\"yoast-schema-graph\">{\"@context\":\"https:\\\/\\\/schema.org\",\"@graph\":[{\"@type\":\"WebPage\",\"@id\":\"https:\\\/\\\/vistaslawgroup.com\\\/es\\\/\",\"url\":\"https:\\\/\\\/vistaslawgroup.com\\\/es\\\/\",\"name\":\"Vistas Law Group: California Estate Planning, Probate, and Trust Litigation Attorneys\",\"isPartOf\":{\"@id\":\"https:\\\/\\\/vistaslawgroup.com\\\/es\\\/#website\"},\"primaryImageOfPage\":{\"@id\":\"https:\\\/\\\/vistaslawgroup.com\\\/es\\\/#primaryimage\"},\"image\":{\"@id\":\"https:\\\/\\\/vistaslawgroup.com\\\/es\\\/#primaryimage\"},\"thumbnailUrl\":\"https:\\\/\\\/vistaslawgroup.com\\\/wp-content\\\/uploads\\\/2023\\\/12\\\/Mario-And-Louie-home.png\",\"datePublished\":\"2023-09-21T15:10:30+00:00\",\"dateModified\":\"2025-06-19T14:18:44+00:00\",\"description\":\"Vistas Law Group\",\"breadcrumb\":{\"@id\":\"https:\\\/\\\/vistaslawgroup.com\\\/es\\\/#breadcrumb\"},\"inLanguage\":\"es\",\"potentialAction\":[{\"@type\":\"ReadAction\",\"target\":[\"https:\\\/\\\/vistaslawgroup.com\\\/es\\\/\"]}]},{\"@type\":\"ImageObject\",\"inLanguage\":\"es\",\"@id\":\"https:\\\/\\\/vistaslawgroup.com\\\/es\\\/#primaryimage\",\"url\":\"https:\\\/\\\/vistaslawgroup.com\\\/wp-content\\\/uploads\\\/2023\\\/12\\\/Mario-And-Louie-home.png\",\"contentUrl\":\"https:\\\/\\\/vistaslawgroup.com\\\/wp-content\\\/uploads\\\/2023\\\/12\\\/Mario-And-Louie-home.png\",\"width\":674,\"height\":557},{\"@type\":\"BreadcrumbList\",\"@id\":\"https:\\\/\\\/vistaslawgroup.com\\\/es\\\/#breadcrumb\",\"itemListElement\":[{\"@type\":\"ListItem\",\"position\":1,\"name\":\"Home\",\"item\":\"https:\\\/\\\/vistaslawgroup.com\\\/es\\\/\"},{\"@type\":\"ListItem\",\"position\":2,\"name\":\"Inicio\"}]},{\"@type\":\"WebSite\",\"@id\":\"https:\\\/\\\/vistaslawgroup.com\\\/es\\\/#website\",\"url\":\"https:\\\/\\\/vistaslawgroup.com\\\/es\\\/\",\"name\":\"Vistas Law Group\",\"description\":\"\",\"publisher\":{\"@id\":\"https:\\\/\\\/vistaslawgroup.com\\\/es\\\/#organization\"},\"potentialAction\":[{\"@type\":\"SearchAction\",\"target\":{\"@type\":\"EntryPoint\",\"urlTemplate\":\"https:\\\/\\\/vistaslawgroup.com\\\/es\\\/?s={search_term_string}\"},\"query-input\":{\"@type\":\"PropertyValueSpecification\",\"valueRequired\":true,\"valueName\":\"search_term_string\"}}],\"inLanguage\":\"es\"},{\"@type\":\"Organization\",\"@id\":\"https:\\\/\\\/vistaslawgroup.com\\\/es\\\/#organization\",\"name\":\"Vistas Law Group\",\"url\":\"https:\\\/\\\/vistaslawgroup.com\\\/es\\\/\",\"logo\":{\"@type\":\"ImageObject\",\"inLanguage\":\"es\",\"@id\":\"https:\\\/\\\/vistaslawgroup.com\\\/es\\\/#\\\/schema\\\/logo\\\/image\\\/\",\"url\":\"https:\\\/\\\/vistaslawgroup.com\\\/wp-content\\\/uploads\\\/2023\\\/10\\\/Vistas.png\",\"contentUrl\":\"https:\\\/\\\/vistaslawgroup.com\\\/wp-content\\\/uploads\\\/2023\\\/10\\\/Vistas.png\",\"width\":304,\"height\":73,\"caption\":\"Vistas Law Group\"},\"image\":{\"@id\":\"https:\\\/\\\/vistaslawgroup.com\\\/es\\\/#\\\/schema\\\/logo\\\/image\\\/\"}}]}<\/script>\n<!-- \/ Yoast SEO plugin. -->","yoast_head_json":{"title":"Vistas Law Group: California Estate Planning, Probate, and Trust Litigation Attorneys","description":"Vistas Law Group","robots":{"index":"index","follow":"follow","max-snippet":"max-snippet:-1","max-image-preview":"max-image-preview:large","max-video-preview":"max-video-preview:-1"},"canonical":"https:\/\/vistaslawgroup.com\/es\/","og_locale":"es_ES","og_type":"article","og_title":"Vistas Law Group: California Estate Planning, Probate, and Trust Litigation Attorneys","og_description":"Vistas Law Group","og_url":"https:\/\/vistaslawgroup.com\/es\/","og_site_name":"Vistas Law Group","article_modified_time":"2025-06-19T14:18:44+00:00","og_image":[{"width":674,"height":557,"url":"https:\/\/vistaslawgroup.com\/wp-content\/uploads\/2023\/12\/Mario-And-Louie-home.png","type":"image\/png"}],"twitter_card":"summary_large_image","twitter_misc":{"Tiempo de lectura":"10 minutos"},"schema":{"@context":"https:\/\/schema.org","@graph":[{"@type":"WebPage","@id":"https:\/\/vistaslawgroup.com\/es\/","url":"https:\/\/vistaslawgroup.com\/es\/","name":"Vistas Law Group: California Estate Planning, Probate, and Trust Litigation Attorneys","isPartOf":{"@id":"https:\/\/vistaslawgroup.com\/es\/#website"},"primaryImageOfPage":{"@id":"https:\/\/vistaslawgroup.com\/es\/#primaryimage"},"image":{"@id":"https:\/\/vistaslawgroup.com\/es\/#primaryimage"},"thumbnailUrl":"https:\/\/vistaslawgroup.com\/wp-content\/uploads\/2023\/12\/Mario-And-Louie-home.png","datePublished":"2023-09-21T15:10:30+00:00","dateModified":"2025-06-19T14:18:44+00:00","description":"Vistas Law Group","breadcrumb":{"@id":"https:\/\/vistaslawgroup.com\/es\/#breadcrumb"},"inLanguage":"es","potentialAction":[{"@type":"ReadAction","target":["https:\/\/vistaslawgroup.com\/es\/"]}]},{"@type":"ImageObject","inLanguage":"es","@id":"https:\/\/vistaslawgroup.com\/es\/#primaryimage","url":"https:\/\/vistaslawgroup.com\/wp-content\/uploads\/2023\/12\/Mario-And-Louie-home.png","contentUrl":"https:\/\/vistaslawgroup.com\/wp-content\/uploads\/2023\/12\/Mario-And-Louie-home.png","width":674,"height":557},{"@type":"BreadcrumbList","@id":"https:\/\/vistaslawgroup.com\/es\/#breadcrumb","itemListElement":[{"@type":"ListItem","position":1,"name":"Home","item":"https:\/\/vistaslawgroup.com\/es\/"},{"@type":"ListItem","position":2,"name":"Inicio"}]},{"@type":"WebSite","@id":"https:\/\/vistaslawgroup.com\/es\/#website","url":"https:\/\/vistaslawgroup.com\/es\/","name":"Vistas Law Group","description":"","publisher":{"@id":"https:\/\/vistaslawgroup.com\/es\/#organization"},"potentialAction":[{"@type":"SearchAction","target":{"@type":"EntryPoint","urlTemplate":"https:\/\/vistaslawgroup.com\/es\/?s={search_term_string}"},"query-input":{"@type":"PropertyValueSpecification","valueRequired":true,"valueName":"search_term_string"}}],"inLanguage":"es"},{"@type":"Organization","@id":"https:\/\/vistaslawgroup.com\/es\/#organization","name":"Vistas Law Group","url":"https:\/\/vistaslawgroup.com\/es\/","logo":{"@type":"ImageObject","inLanguage":"es","@id":"https:\/\/vistaslawgroup.com\/es\/#\/schema\/logo\/image\/","url":"https:\/\/vistaslawgroup.com\/wp-content\/uploads\/2023\/10\/Vistas.png","contentUrl":"https:\/\/vistaslawgroup.com\/wp-content\/uploads\/2023\/10\/Vistas.png","width":304,"height":73,"caption":"Vistas Law Group"},"image":{"@id":"https:\/\/vistaslawgroup.com\/es\/#\/schema\/logo\/image\/"}}]}},"_links":{"self":[{"href":"https:\/\/vistaslawgroup.com\/es\/wp-json\/wp\/v2\/pages\/6981","targetHints":{"allow":["GET"]}}],"collection":[{"href":"https:\/\/vistaslawgroup.com\/es\/wp-json\/wp\/v2\/pages"}],"about":[{"href":"https:\/\/vistaslawgroup.com\/es\/wp-json\/wp\/v2\/types\/page"}],"author":[{"embeddable":true,"href":"https:\/\/vistaslawgroup.com\/es\/wp-json\/wp\/v2\/users\/1"}],"replies":[{"embeddable":true,"href":"https:\/\/vistaslawgroup.com\/es\/wp-json\/wp\/v2\/comments?post=6981"}],"version-history":[{"count":10,"href":"https:\/\/vistaslawgroup.com\/es\/wp-json\/wp\/v2\/pages\/6981\/revisions"}],"predecessor-version":[{"id":7934,"href":"https:\/\/vistaslawgroup.com\/es\/wp-json\/wp\/v2\/pages\/6981\/revisions\/7934"}],"wp:featuredmedia":[{"embeddable":true,"href":"https:\/\/vistaslawgroup.com\/es\/wp-json\/wp\/v2\/media\/6956"}],"wp:attachment":[{"href":"https:\/\/vistaslawgroup.com\/es\/wp-json\/wp\/v2\/media?parent=6981"}],"curies":[{"name":"wp","href":"https:\/\/api.w.org\/{rel}","templated":true}]}}