{"id":7011,"date":"2023-09-30T06:37:07","date_gmt":"2023-09-30T06:37:07","guid":{"rendered":"https:\/\/vistaslawgroup.com\/louie_a_ruiz\/"},"modified":"2025-05-27T14:00:44","modified_gmt":"2025-05-27T14:00:44","slug":"louie_a_ruiz","status":"publish","type":"page","link":"https:\/\/vistaslawgroup.com\/es\/louie_a_ruiz\/","title":{"rendered":"Louie A. Ruiz"},"content":{"rendered":"\n\n\t\t\t\t<img decoding=\"async\" src=\"https:\/\/vistaslawgroup.com\/wp-content\/uploads\/2023\/12\/Louie-Bio-Page_cr.png\" alt=\"Louie Bio Page_cr\" itemprop=\"image\" height=\"461\" width=\"312\" title=\"Louie Bio Page_cr\" onerror=\"this.style.display='none'\" loading='lazy' \/>\n<h1>\n\t\t\tLouie A. Ruiz\t<\/h1>\n\t<p>Socio Principal<\/p>\n\t<p>\u00abQuiero que los clientes sepan que pueden contar conmigo, y que los cuidamos como equipo. Pero soy directo. No vendo promesas vac\u00edas.\u00bb<\/p>\n\t<p>Louie A. Ruiz maneja una variedad de asuntos complejos relacionados con planificaci\u00f3n patrimonial, sucesiones, tutelas y curatelas, siempre comenzando con un enfoque personalizado. Escucha, hace preguntas, y vuelve a escuchar para entender completamente las necesidades del cliente. Luego formula un plan y explica claramente las opciones disponibles para que el cliente pueda tomar decisiones informadas, ya sea para resolver un conflicto actual o para prevenir problemas en el futuro.<\/p>\n<p>\u00abDesde el principio,\u00bb explica, \u00abquiero que los clientes sepan que pueden contar conmigo, y que los cuidamos como un equipo. Pero soy un tipo directo. No exagero nada. Cuanto m\u00e1s trabajamos el caso, m\u00e1s pruebas reunimos, m\u00e1s nos preparamos, m\u00e1s probable es que ganemos porque lo estamos dando todo. As\u00ed que, aunque no puedo garantizar un resultado, s\u00ed puedo garantizar que trabajar\u00e9 muy duro para lograr lo que el cliente quiere, y que mi equipo har\u00e1 lo mejor posible para aumentar las probabilidades de \u00e9xito.\u00bb<\/p>\n<p>Reconocido como un litigante experimentado, apasionado y firme en la corte, Louie siempre busca el enfoque m\u00e1s pr\u00e1ctico posible. Su preparaci\u00f3n para el juicio a menudo le permite obtener resultados sobresalientes tambi\u00e9n en negociaciones fuera del tribunal.<\/p>\n<p>Louie maneja todo el espectro de asuntos relacionados con la planificaci\u00f3n patrimonial y la administraci\u00f3n de herencias. Trabaja con individuos y familias para educarlos sobre sus opciones y preparar planes que protejan sus intereses, eviten conflictos, y los acerquen a sus metas. Cuando surgen problemas, como errores en la administraci\u00f3n de un fideicomiso, en la creaci\u00f3n de un testamento, o en la asignaci\u00f3n de una tutela o curatela, Louie se enfoca en encontrar soluciones que cumplan con los objetivos del cliente sin demoras ni complicaciones innecesarias.<\/p>\n<p>Antes de enfocarse exclusivamente en fideicomisos, sucesiones, planificaci\u00f3n patrimonial y litigios relacionados en Los \u00c1ngeles, Louie litig\u00f3 casos en otras \u00e1reas complejas del derecho, incluyendo derecho laboral. Esta experiencia le da una perspectiva m\u00e1s amplia sobre c\u00f3mo los asuntos financieros familiares se conectan con disputas legales m\u00e1s grandes, tanto para prevenirlas como para resolverlas.<\/p>\n<p>Louie habla espa\u00f1ol con fluidez y disfruta servir a la comunidad, incluyendo el patrocinio de j\u00f3venes boxeadores profesionales. Le encanta pasar tiempo con su familia, incluidos sus dos perros, y se mantiene f\u00edsica y mentalmente activo-el boxeo es su forma de ejercicio favorita.<\/p>\n<h2><b>Membres\u00edas Profesionales<\/b><\/h2>\n<ul>\n<li aria-level=\"1\">Asociaci\u00f3n de Abogados del Condado de Los \u00c1ngeles, Secci\u00f3n de Fideicomisos y Sucesiones<\/li>\n<li aria-level=\"1\">WealthCounsel<\/li>\n<li aria-level=\"1\">Asociaci\u00f3n Mexicana Americana de Abogados<\/li>\n<li aria-level=\"1\">Asociaci\u00f3n de Abogados del Condado de San Bernardino<\/li>\n<li aria-level=\"1\">Asociaci\u00f3n de Abogados Hispanos del Inland Empire<\/li>\n<\/ul>\n<h2><b>Educaci\u00f3n<\/b><\/h2>\n<ul>\n<li>Juris Doctor (J.D.), <i>Southwestern Law School<\/i>, Los \u00c1ngeles<\/li>\n<li>Licenciatura en Historia, <i>California State Polytechnic University<\/i><\/li>\n<\/ul>\n\n","protected":false},"excerpt":{"rendered":"<p>Louie A. Ruiz Socio Principal \u00abQuiero que los clientes sepan que pueden contar conmigo, y que los cuidamos como equipo. Pero soy directo. No vendo promesas vac\u00edas.\u00bb Louie A. Ruiz maneja una variedad de asuntos complejos relacionados con planificaci\u00f3n patrimonial, sucesiones, tutelas y curatelas, siempre comenzando con un enfoque personalizado. Escucha, hace preguntas, y vuelve&hellip;<\/p>\n","protected":false},"author":1,"featured_media":0,"parent":0,"menu_order":0,"comment_status":"closed","ping_status":"closed","template":"","meta":{"_acf_changed":false,"inline_featured_image":false,"footnotes":""},"class_list":["post-7011","page","type-page","status-publish","hentry"],"acf":[],"yoast_head":"<!-- This site is optimized with the Yoast SEO plugin v27.5 - https:\/\/yoast.com\/product\/yoast-seo-wordpress\/ -->\n<title>Louie A. Ruiz - Vistas Law Group<\/title>\n<meta name=\"description\" content=\"Vistas Law Group\" \/>\n<meta name=\"robots\" content=\"index, follow, max-snippet:-1, max-image-preview:large, max-video-preview:-1\" \/>\n<link rel=\"canonical\" href=\"https:\/\/vistaslawgroup.com\/es\/louie_a_ruiz\/\" \/>\n<meta property=\"og:locale\" content=\"es_ES\" \/>\n<meta property=\"og:type\" content=\"article\" \/>\n<meta property=\"og:title\" content=\"Louie A. Ruiz - Vistas Law Group\" \/>\n<meta property=\"og:description\" content=\"Vistas Law Group\" \/>\n<meta property=\"og:url\" content=\"https:\/\/vistaslawgroup.com\/es\/louie_a_ruiz\/\" \/>\n<meta property=\"og:site_name\" content=\"Vistas Law Group\" \/>\n<meta property=\"article:modified_time\" content=\"2025-05-27T14:00:44+00:00\" \/>\n<meta property=\"og:image\" content=\"https:\/\/vistaslawgroup.com\/wp-content\/uploads\/2023\/12\/Louie-Bio-Page_cr.png\" \/>\n<meta name=\"twitter:card\" content=\"summary_large_image\" \/>\n<meta name=\"twitter:label1\" content=\"Tiempo de lectura\" \/>\n\t<meta name=\"twitter:data1\" content=\"3 minutos\" \/>\n<script type=\"application\/ld+json\" class=\"yoast-schema-graph\">{\"@context\":\"https:\\\/\\\/schema.org\",\"@graph\":[{\"@type\":\"WebPage\",\"@id\":\"https:\\\/\\\/vistaslawgroup.com\\\/es\\\/louie_a_ruiz\\\/\",\"url\":\"https:\\\/\\\/vistaslawgroup.com\\\/es\\\/louie_a_ruiz\\\/\",\"name\":\"Louie A. Ruiz - Vistas Law Group\",\"isPartOf\":{\"@id\":\"https:\\\/\\\/vistaslawgroup.com\\\/es\\\/#website\"},\"primaryImageOfPage\":{\"@id\":\"https:\\\/\\\/vistaslawgroup.com\\\/es\\\/louie_a_ruiz\\\/#primaryimage\"},\"image\":{\"@id\":\"https:\\\/\\\/vistaslawgroup.com\\\/es\\\/louie_a_ruiz\\\/#primaryimage\"},\"thumbnailUrl\":\"https:\\\/\\\/vistaslawgroup.com\\\/wp-content\\\/uploads\\\/2023\\\/12\\\/Louie-Bio-Page_cr.png\",\"datePublished\":\"2023-09-30T06:37:07+00:00\",\"dateModified\":\"2025-05-27T14:00:44+00:00\",\"description\":\"Vistas Law Group\",\"breadcrumb\":{\"@id\":\"https:\\\/\\\/vistaslawgroup.com\\\/es\\\/louie_a_ruiz\\\/#breadcrumb\"},\"inLanguage\":\"es\",\"potentialAction\":[{\"@type\":\"ReadAction\",\"target\":[\"https:\\\/\\\/vistaslawgroup.com\\\/es\\\/louie_a_ruiz\\\/\"]}]},{\"@type\":\"ImageObject\",\"inLanguage\":\"es\",\"@id\":\"https:\\\/\\\/vistaslawgroup.com\\\/es\\\/louie_a_ruiz\\\/#primaryimage\",\"url\":\"https:\\\/\\\/vistaslawgroup.com\\\/wp-content\\\/uploads\\\/2023\\\/12\\\/Louie-Bio-Page_cr.png\",\"contentUrl\":\"https:\\\/\\\/vistaslawgroup.com\\\/wp-content\\\/uploads\\\/2023\\\/12\\\/Louie-Bio-Page_cr.png\"},{\"@type\":\"BreadcrumbList\",\"@id\":\"https:\\\/\\\/vistaslawgroup.com\\\/es\\\/louie_a_ruiz\\\/#breadcrumb\",\"itemListElement\":[{\"@type\":\"ListItem\",\"position\":1,\"name\":\"Home\",\"item\":\"https:\\\/\\\/vistaslawgroup.com\\\/es\\\/\"},{\"@type\":\"ListItem\",\"position\":2,\"name\":\"Louie A. Ruiz\"}]},{\"@type\":\"WebSite\",\"@id\":\"https:\\\/\\\/vistaslawgroup.com\\\/es\\\/#website\",\"url\":\"https:\\\/\\\/vistaslawgroup.com\\\/es\\\/\",\"name\":\"Vistas Law Group\",\"description\":\"\",\"publisher\":{\"@id\":\"https:\\\/\\\/vistaslawgroup.com\\\/es\\\/#organization\"},\"potentialAction\":[{\"@type\":\"SearchAction\",\"target\":{\"@type\":\"EntryPoint\",\"urlTemplate\":\"https:\\\/\\\/vistaslawgroup.com\\\/es\\\/?s={search_term_string}\"},\"query-input\":{\"@type\":\"PropertyValueSpecification\",\"valueRequired\":true,\"valueName\":\"search_term_string\"}}],\"inLanguage\":\"es\"},{\"@type\":\"Organization\",\"@id\":\"https:\\\/\\\/vistaslawgroup.com\\\/es\\\/#organization\",\"name\":\"Vistas Law Group\",\"url\":\"https:\\\/\\\/vistaslawgroup.com\\\/es\\\/\",\"logo\":{\"@type\":\"ImageObject\",\"inLanguage\":\"es\",\"@id\":\"https:\\\/\\\/vistaslawgroup.com\\\/es\\\/#\\\/schema\\\/logo\\\/image\\\/\",\"url\":\"https:\\\/\\\/vistaslawgroup.com\\\/wp-content\\\/uploads\\\/2023\\\/10\\\/Vistas.png\",\"contentUrl\":\"https:\\\/\\\/vistaslawgroup.com\\\/wp-content\\\/uploads\\\/2023\\\/10\\\/Vistas.png\",\"width\":304,\"height\":73,\"caption\":\"Vistas Law Group\"},\"image\":{\"@id\":\"https:\\\/\\\/vistaslawgroup.com\\\/es\\\/#\\\/schema\\\/logo\\\/image\\\/\"}}]}<\/script>\n<!-- \/ Yoast SEO plugin. -->","yoast_head_json":{"title":"Louie A. Ruiz - Vistas Law Group","description":"Vistas Law Group","robots":{"index":"index","follow":"follow","max-snippet":"max-snippet:-1","max-image-preview":"max-image-preview:large","max-video-preview":"max-video-preview:-1"},"canonical":"https:\/\/vistaslawgroup.com\/es\/louie_a_ruiz\/","og_locale":"es_ES","og_type":"article","og_title":"Louie A. Ruiz - Vistas Law Group","og_description":"Vistas Law Group","og_url":"https:\/\/vistaslawgroup.com\/es\/louie_a_ruiz\/","og_site_name":"Vistas Law Group","article_modified_time":"2025-05-27T14:00:44+00:00","og_image":[{"url":"https:\/\/vistaslawgroup.com\/wp-content\/uploads\/2023\/12\/Louie-Bio-Page_cr.png","type":"","width":"","height":""}],"twitter_card":"summary_large_image","twitter_misc":{"Tiempo de lectura":"3 minutos"},"schema":{"@context":"https:\/\/schema.org","@graph":[{"@type":"WebPage","@id":"https:\/\/vistaslawgroup.com\/es\/louie_a_ruiz\/","url":"https:\/\/vistaslawgroup.com\/es\/louie_a_ruiz\/","name":"Louie A. Ruiz - Vistas Law Group","isPartOf":{"@id":"https:\/\/vistaslawgroup.com\/es\/#website"},"primaryImageOfPage":{"@id":"https:\/\/vistaslawgroup.com\/es\/louie_a_ruiz\/#primaryimage"},"image":{"@id":"https:\/\/vistaslawgroup.com\/es\/louie_a_ruiz\/#primaryimage"},"thumbnailUrl":"https:\/\/vistaslawgroup.com\/wp-content\/uploads\/2023\/12\/Louie-Bio-Page_cr.png","datePublished":"2023-09-30T06:37:07+00:00","dateModified":"2025-05-27T14:00:44+00:00","description":"Vistas Law Group","breadcrumb":{"@id":"https:\/\/vistaslawgroup.com\/es\/louie_a_ruiz\/#breadcrumb"},"inLanguage":"es","potentialAction":[{"@type":"ReadAction","target":["https:\/\/vistaslawgroup.com\/es\/louie_a_ruiz\/"]}]},{"@type":"ImageObject","inLanguage":"es","@id":"https:\/\/vistaslawgroup.com\/es\/louie_a_ruiz\/#primaryimage","url":"https:\/\/vistaslawgroup.com\/wp-content\/uploads\/2023\/12\/Louie-Bio-Page_cr.png","contentUrl":"https:\/\/vistaslawgroup.com\/wp-content\/uploads\/2023\/12\/Louie-Bio-Page_cr.png"},{"@type":"BreadcrumbList","@id":"https:\/\/vistaslawgroup.com\/es\/louie_a_ruiz\/#breadcrumb","itemListElement":[{"@type":"ListItem","position":1,"name":"Home","item":"https:\/\/vistaslawgroup.com\/es\/"},{"@type":"ListItem","position":2,"name":"Louie A. Ruiz"}]},{"@type":"WebSite","@id":"https:\/\/vistaslawgroup.com\/es\/#website","url":"https:\/\/vistaslawgroup.com\/es\/","name":"Vistas Law Group","description":"","publisher":{"@id":"https:\/\/vistaslawgroup.com\/es\/#organization"},"potentialAction":[{"@type":"SearchAction","target":{"@type":"EntryPoint","urlTemplate":"https:\/\/vistaslawgroup.com\/es\/?s={search_term_string}"},"query-input":{"@type":"PropertyValueSpecification","valueRequired":true,"valueName":"search_term_string"}}],"inLanguage":"es"},{"@type":"Organization","@id":"https:\/\/vistaslawgroup.com\/es\/#organization","name":"Vistas Law Group","url":"https:\/\/vistaslawgroup.com\/es\/","logo":{"@type":"ImageObject","inLanguage":"es","@id":"https:\/\/vistaslawgroup.com\/es\/#\/schema\/logo\/image\/","url":"https:\/\/vistaslawgroup.com\/wp-content\/uploads\/2023\/10\/Vistas.png","contentUrl":"https:\/\/vistaslawgroup.com\/wp-content\/uploads\/2023\/10\/Vistas.png","width":304,"height":73,"caption":"Vistas Law Group"},"image":{"@id":"https:\/\/vistaslawgroup.com\/es\/#\/schema\/logo\/image\/"}}]}},"_links":{"self":[{"href":"https:\/\/vistaslawgroup.com\/es\/wp-json\/wp\/v2\/pages\/7011","targetHints":{"allow":["GET"]}}],"collection":[{"href":"https:\/\/vistaslawgroup.com\/es\/wp-json\/wp\/v2\/pages"}],"about":[{"href":"https:\/\/vistaslawgroup.com\/es\/wp-json\/wp\/v2\/types\/page"}],"author":[{"embeddable":true,"href":"https:\/\/vistaslawgroup.com\/es\/wp-json\/wp\/v2\/users\/1"}],"replies":[{"embeddable":true,"href":"https:\/\/vistaslawgroup.com\/es\/wp-json\/wp\/v2\/comments?post=7011"}],"version-history":[{"count":3,"href":"https:\/\/vistaslawgroup.com\/es\/wp-json\/wp\/v2\/pages\/7011\/revisions"}],"predecessor-version":[{"id":7839,"href":"https:\/\/vistaslawgroup.com\/es\/wp-json\/wp\/v2\/pages\/7011\/revisions\/7839"}],"wp:attachment":[{"href":"https:\/\/vistaslawgroup.com\/es\/wp-json\/wp\/v2\/media?parent=7011"}],"curies":[{"name":"wp","href":"https:\/\/api.w.org\/{rel}","templated":true}]}}