{"id":7016,"date":"2023-11-07T13:15:48","date_gmt":"2023-11-07T13:15:48","guid":{"rendered":"https:\/\/vistaslawgroup.com\/estate-administration\/"},"modified":"2024-05-24T03:20:33","modified_gmt":"2024-05-24T03:20:33","slug":"sucesiones-testamentarias","status":"publish","type":"page","link":"https:\/\/vistaslawgroup.com\/es\/sucesiones-testamentarias\/","title":{"rendered":"Abogado De Sucesiones Testamentarias En California"},"content":{"rendered":"<p>Entendemos que lidiar con asuntos legales durante un per\u00edodo de duelo puede ser abrumador, por eso estamos comprometidos a brindar asistencia compasiva y personalizada para que el proceso sea lo m\u00e1s fluido posible.<\/p>\n<h2>\u00bfQu\u00e9 Implica La Administraci\u00f3n De Sucesiones En California?<\/h2>\n<p>La administraci\u00f3n de sucesiones en California es un proceso legal multifac\u00e9tico y esencial que abarca una amplia gama de responsabilidades y tareas. En esencia, gira en torno a la administraci\u00f3n cuidadosa y la distribuci\u00f3n equitativa de los activos y las deudas de una persona fallecida. Sin embargo, su importancia va mucho m\u00e1s all\u00e1 de la simple transferencia de propiedad y asuntos financieros. Es un paso fundamental para honrar los deseos del difunto y brindar consuelo a las familias durante un momento dif\u00edcil.<\/p>\n<h2>Administraci\u00f3n Integral De Activos<\/h2>\n<p>Uno de los pilares centrales de la administraci\u00f3n de sucesiones en California es la administraci\u00f3n integral de los activos de la persona fallecida. Esto implica identificar, catalogar y valorar todos los activos, que pueden incluir, pero no se limitan a:<\/p>\n<ol>\n<li><b>Bienes Ra\u00edces:<\/b> Esto puede incluir residencias, casas de vacaciones, terrenos y propiedades comerciales.<span class=\"Apple-converted-space\">\u00a0<\/span><\/li>\n<li><b>Activos Financieros: <\/b>Como cuentas bancarias, carteras de inversi\u00f3n, acciones, bonos y cuentas de jubilaci\u00f3n.<span class=\"Apple-converted-space\">\u00a0<\/span><\/li>\n<li><b>Bienes Muebles:<\/b> Incluidos veh\u00edculos, joyas, arte, art\u00edculos de colecci\u00f3n y art\u00edculos del hogar.<span class=\"Apple-converted-space\">\u00a0<\/span><\/li>\n<li><b>Participaciones Empresariales:<\/b> Si el fallecido ten\u00eda participaci\u00f3n en un negocio, la administraci\u00f3n de estos intereses es una parte integral del proceso.<\/li>\n<\/ol>\n<p>Cada activo debe evaluarse cuidadosamente y contabilizarse para garantizar una administraci\u00f3n de sucesiones transparente y legalmente s\u00f3lida.<\/p>\n<h2>Nuestro Enfoque A La Administraci\u00f3n De Sucesiones<\/h2>\n<p>Entendemos que cada patrimonio es \u00fanico, y nuestro enfoque est\u00e1 dise\u00f1ado para satisfacer sus necesidades espec\u00edficas. Esto es lo que puede esperar cuando trabaja con nosotros:<\/p>\n<ol>\n<li><b>Evaluaci\u00f3n de Activos y Deudas:<\/b> Comenzamos por evaluar exhaustivamente los activos y las deudas del difunto. Esto incluye identificar cuentas bancarias, bienes ra\u00edces, inversiones y cualquier deuda pendiente.<span class=\"Apple-converted-space\">\u00a0<\/span><\/li>\n<li><b>Proceso de Sucesi\u00f3n Testamentaria:<\/b> Dependiendo de la complejidad del patrimonio, lo guiaremos a trav\u00e9s del proceso de sucesi\u00f3n testamentaria si es necesario. Nuestro objetivo es agilizar el proceso y minimizar las demoras.<\/li>\n<li><b> Identificaci\u00f3n de Beneficiarios: <\/b>Trabajamos en estrecha colaboraci\u00f3n con usted para identificar y localizar a los beneficiarios mencionados en el testamento o fideicomiso del difunto.<span class=\"Apple-converted-space\">\u00a0<\/span><\/li>\n<li><b>Notificaci\u00f3n a Acreedores:<\/b> Nos encargamos de las notificaciones necesarias a los acreedores para garantizar que todas las deudas se liquiden adecuadamente. <b>Distribuci\u00f3n de Activos: <\/b>Nuestro equipo asegura que los activos se distribuyan de acuerdo con los deseos del difunto o de conformidad con la ley de California si no hay testamento o fideicomiso.<\/li>\n<\/ol>\n<h2>Comprendiendo El Proceso De Administraci\u00f3n De Sucesiones De California<\/h2>\n<p>Navegar por el proceso de administraci\u00f3n de sucesiones en California puede ser un desaf\u00edo, ya que el estado tiene leyes y procedimientos espec\u00edficos. Algunos puntos clave a tener en cuenta incluyen:<\/p>\n<ol>\n<li><b>Proceso de Sucesi\u00f3n Testamentaria:<\/b> California tiene sus propias leyes de sucesi\u00f3n testamentaria, y el proceso puede llevar mucho tiempo y ser costoso. Trabajamos diligentemente para que el proceso sea lo m\u00e1s eficiente posible, aumentando la probabilidad de que los activos del difunto se distribuyan de manera eficiente.<span class=\"Apple-converted-space\">\u00a0<\/span><\/li>\n<li><b>Funciones del Albacea: <\/b>Si se le nombra albacea en un testamento, usted tiene responsabilidades legales espec\u00edficas. Nuestro equipo brinda orientaci\u00f3n y apoyo a los albaceas, asegur\u00e1ndose de que cumplan con sus funciones correctamente.<span class=\"Apple-converted-space\">\u00a0<\/span><\/li>\n<li><b>Sucesi\u00f3n Intestada: <\/b>Cuando una persona fallece sin testamento, las leyes de sucesi\u00f3n intestada de California determinan c\u00f3mo se distribuyen los activos. Asistimos en estas situaciones para garantizar que los activos se distribuyan de acuerdo con la ley.<\/li>\n<\/ol>\n<h2>Contacto Con Vistas Law Group Para Obtener Ayuda Con La Administraci\u00f3n De Sucesiones<\/h2>\n<p>Lidiar con el patrimonio de un ser querido puede ser un desaf\u00edo emocional. Perm\u00edtanos manejar las complejidades legales mientras usted se concentra en recordar y honrar el legado de su ser querido. Llame a Vistas Law Group para hablar con un abogado en Los \u00c1ngeles al <a href=\"tel:213-745-8747\">213-745-8747<\/a> o en Inland Empire al <a href=\"tel:909-415-0540\">909-415-0540<\/a>. Tambi\u00e9n puede contactarnos en l\u00ednea para programar una consulta con un Abogado de Sucesiones dedicado que atiende a clientes en California.<\/p>\n<p>Nuestro equipo compasivo y experimentado est\u00e1 aqu\u00ed para guiarlo a trav\u00e9s del proceso de administraci\u00f3n de sucesiones con profesionalismo y empat\u00eda. Conf\u00ede en nosotros para garantizar que los deseos de su ser querido sean honrados y que sus activos se distribuyan de acuerdo con la ley de California. Cont\u00e1ctenos hoy mismo para garantizar su tranquilidad durante este momento dif\u00edcil.<\/p>\n","protected":false},"excerpt":{"rendered":"<p>Entendemos que lidiar con asuntos legales durante un per\u00edodo de duelo puede ser abrumador, por eso estamos comprometidos a brindar asistencia compasiva y personalizada para que el proceso sea lo m\u00e1s fluido posible. \u00bfQu\u00e9 Implica La Administraci\u00f3n De Sucesiones En California? La administraci\u00f3n de sucesiones en California es un proceso legal multifac\u00e9tico y esencial que&hellip;<\/p>\n","protected":false},"author":1,"featured_media":0,"parent":0,"menu_order":0,"comment_status":"closed","ping_status":"closed","template":"","meta":{"_acf_changed":false,"inline_featured_image":false,"footnotes":""},"class_list":["post-7016","page","type-page","status-publish","hentry"],"acf":[],"yoast_head":"<!-- This site is optimized with the Yoast SEO plugin v27.5 - https:\/\/yoast.com\/product\/yoast-seo-wordpress\/ -->\n<title>Abogado De Sucesiones Testamentarias En California - Vistas Law Group<\/title>\n<meta name=\"description\" content=\"Vistas Law Group\" \/>\n<meta name=\"robots\" content=\"index, follow, max-snippet:-1, max-image-preview:large, max-video-preview:-1\" \/>\n<link rel=\"canonical\" href=\"https:\/\/vistaslawgroup.com\/es\/sucesiones-testamentarias\/\" \/>\n<meta property=\"og:locale\" content=\"es_ES\" \/>\n<meta property=\"og:type\" content=\"article\" \/>\n<meta property=\"og:title\" content=\"Abogado De Sucesiones Testamentarias En California - Vistas Law Group\" \/>\n<meta property=\"og:description\" content=\"Vistas Law Group\" \/>\n<meta property=\"og:url\" content=\"https:\/\/vistaslawgroup.com\/es\/sucesiones-testamentarias\/\" \/>\n<meta property=\"og:site_name\" content=\"Vistas Law Group\" \/>\n<meta property=\"article:modified_time\" content=\"2024-05-24T03:20:33+00:00\" \/>\n<meta name=\"twitter:card\" content=\"summary_large_image\" \/>\n<meta name=\"twitter:label1\" content=\"Tiempo de lectura\" \/>\n\t<meta name=\"twitter:data1\" content=\"4 minutos\" \/>\n<script type=\"application\/ld+json\" class=\"yoast-schema-graph\">{\"@context\":\"https:\\\/\\\/schema.org\",\"@graph\":[{\"@type\":\"WebPage\",\"@id\":\"https:\\\/\\\/vistaslawgroup.com\\\/es\\\/sucesiones-testamentarias\\\/\",\"url\":\"https:\\\/\\\/vistaslawgroup.com\\\/es\\\/sucesiones-testamentarias\\\/\",\"name\":\"Abogado De Sucesiones Testamentarias En California - Vistas Law Group\",\"isPartOf\":{\"@id\":\"https:\\\/\\\/vistaslawgroup.com\\\/es\\\/#website\"},\"datePublished\":\"2023-11-07T13:15:48+00:00\",\"dateModified\":\"2024-05-24T03:20:33+00:00\",\"description\":\"Vistas Law Group\",\"breadcrumb\":{\"@id\":\"https:\\\/\\\/vistaslawgroup.com\\\/es\\\/sucesiones-testamentarias\\\/#breadcrumb\"},\"inLanguage\":\"es\",\"potentialAction\":[{\"@type\":\"ReadAction\",\"target\":[\"https:\\\/\\\/vistaslawgroup.com\\\/es\\\/sucesiones-testamentarias\\\/\"]}]},{\"@type\":\"BreadcrumbList\",\"@id\":\"https:\\\/\\\/vistaslawgroup.com\\\/es\\\/sucesiones-testamentarias\\\/#breadcrumb\",\"itemListElement\":[{\"@type\":\"ListItem\",\"position\":1,\"name\":\"Home\",\"item\":\"https:\\\/\\\/vistaslawgroup.com\\\/es\\\/\"},{\"@type\":\"ListItem\",\"position\":2,\"name\":\"Abogado De Sucesiones Testamentarias En California\"}]},{\"@type\":\"WebSite\",\"@id\":\"https:\\\/\\\/vistaslawgroup.com\\\/es\\\/#website\",\"url\":\"https:\\\/\\\/vistaslawgroup.com\\\/es\\\/\",\"name\":\"Vistas Law Group\",\"description\":\"\",\"publisher\":{\"@id\":\"https:\\\/\\\/vistaslawgroup.com\\\/es\\\/#organization\"},\"potentialAction\":[{\"@type\":\"SearchAction\",\"target\":{\"@type\":\"EntryPoint\",\"urlTemplate\":\"https:\\\/\\\/vistaslawgroup.com\\\/es\\\/?s={search_term_string}\"},\"query-input\":{\"@type\":\"PropertyValueSpecification\",\"valueRequired\":true,\"valueName\":\"search_term_string\"}}],\"inLanguage\":\"es\"},{\"@type\":\"Organization\",\"@id\":\"https:\\\/\\\/vistaslawgroup.com\\\/es\\\/#organization\",\"name\":\"Vistas Law Group\",\"url\":\"https:\\\/\\\/vistaslawgroup.com\\\/es\\\/\",\"logo\":{\"@type\":\"ImageObject\",\"inLanguage\":\"es\",\"@id\":\"https:\\\/\\\/vistaslawgroup.com\\\/es\\\/#\\\/schema\\\/logo\\\/image\\\/\",\"url\":\"https:\\\/\\\/vistaslawgroup.com\\\/wp-content\\\/uploads\\\/2023\\\/10\\\/Vistas.png\",\"contentUrl\":\"https:\\\/\\\/vistaslawgroup.com\\\/wp-content\\\/uploads\\\/2023\\\/10\\\/Vistas.png\",\"width\":304,\"height\":73,\"caption\":\"Vistas Law Group\"},\"image\":{\"@id\":\"https:\\\/\\\/vistaslawgroup.com\\\/es\\\/#\\\/schema\\\/logo\\\/image\\\/\"}}]}<\/script>\n<!-- \/ Yoast SEO plugin. -->","yoast_head_json":{"title":"Abogado De Sucesiones Testamentarias En California - Vistas Law Group","description":"Vistas Law Group","robots":{"index":"index","follow":"follow","max-snippet":"max-snippet:-1","max-image-preview":"max-image-preview:large","max-video-preview":"max-video-preview:-1"},"canonical":"https:\/\/vistaslawgroup.com\/es\/sucesiones-testamentarias\/","og_locale":"es_ES","og_type":"article","og_title":"Abogado De Sucesiones Testamentarias En California - Vistas Law Group","og_description":"Vistas Law Group","og_url":"https:\/\/vistaslawgroup.com\/es\/sucesiones-testamentarias\/","og_site_name":"Vistas Law Group","article_modified_time":"2024-05-24T03:20:33+00:00","twitter_card":"summary_large_image","twitter_misc":{"Tiempo de lectura":"4 minutos"},"schema":{"@context":"https:\/\/schema.org","@graph":[{"@type":"WebPage","@id":"https:\/\/vistaslawgroup.com\/es\/sucesiones-testamentarias\/","url":"https:\/\/vistaslawgroup.com\/es\/sucesiones-testamentarias\/","name":"Abogado De Sucesiones Testamentarias En California - Vistas Law Group","isPartOf":{"@id":"https:\/\/vistaslawgroup.com\/es\/#website"},"datePublished":"2023-11-07T13:15:48+00:00","dateModified":"2024-05-24T03:20:33+00:00","description":"Vistas Law Group","breadcrumb":{"@id":"https:\/\/vistaslawgroup.com\/es\/sucesiones-testamentarias\/#breadcrumb"},"inLanguage":"es","potentialAction":[{"@type":"ReadAction","target":["https:\/\/vistaslawgroup.com\/es\/sucesiones-testamentarias\/"]}]},{"@type":"BreadcrumbList","@id":"https:\/\/vistaslawgroup.com\/es\/sucesiones-testamentarias\/#breadcrumb","itemListElement":[{"@type":"ListItem","position":1,"name":"Home","item":"https:\/\/vistaslawgroup.com\/es\/"},{"@type":"ListItem","position":2,"name":"Abogado De Sucesiones Testamentarias En California"}]},{"@type":"WebSite","@id":"https:\/\/vistaslawgroup.com\/es\/#website","url":"https:\/\/vistaslawgroup.com\/es\/","name":"Vistas Law Group","description":"","publisher":{"@id":"https:\/\/vistaslawgroup.com\/es\/#organization"},"potentialAction":[{"@type":"SearchAction","target":{"@type":"EntryPoint","urlTemplate":"https:\/\/vistaslawgroup.com\/es\/?s={search_term_string}"},"query-input":{"@type":"PropertyValueSpecification","valueRequired":true,"valueName":"search_term_string"}}],"inLanguage":"es"},{"@type":"Organization","@id":"https:\/\/vistaslawgroup.com\/es\/#organization","name":"Vistas Law Group","url":"https:\/\/vistaslawgroup.com\/es\/","logo":{"@type":"ImageObject","inLanguage":"es","@id":"https:\/\/vistaslawgroup.com\/es\/#\/schema\/logo\/image\/","url":"https:\/\/vistaslawgroup.com\/wp-content\/uploads\/2023\/10\/Vistas.png","contentUrl":"https:\/\/vistaslawgroup.com\/wp-content\/uploads\/2023\/10\/Vistas.png","width":304,"height":73,"caption":"Vistas Law Group"},"image":{"@id":"https:\/\/vistaslawgroup.com\/es\/#\/schema\/logo\/image\/"}}]}},"_links":{"self":[{"href":"https:\/\/vistaslawgroup.com\/es\/wp-json\/wp\/v2\/pages\/7016","targetHints":{"allow":["GET"]}}],"collection":[{"href":"https:\/\/vistaslawgroup.com\/es\/wp-json\/wp\/v2\/pages"}],"about":[{"href":"https:\/\/vistaslawgroup.com\/es\/wp-json\/wp\/v2\/types\/page"}],"author":[{"embeddable":true,"href":"https:\/\/vistaslawgroup.com\/es\/wp-json\/wp\/v2\/users\/1"}],"replies":[{"embeddable":true,"href":"https:\/\/vistaslawgroup.com\/es\/wp-json\/wp\/v2\/comments?post=7016"}],"version-history":[{"count":0,"href":"https:\/\/vistaslawgroup.com\/es\/wp-json\/wp\/v2\/pages\/7016\/revisions"}],"wp:attachment":[{"href":"https:\/\/vistaslawgroup.com\/es\/wp-json\/wp\/v2\/media?parent=7016"}],"curies":[{"name":"wp","href":"https:\/\/api.w.org\/{rel}","templated":true}]}}