{"id":7103,"date":"2023-10-19T21:20:48","date_gmt":"2023-10-19T21:20:48","guid":{"rendered":"https:\/\/vistaslawgroup.com\/guardianship-and-conservatorship-lawyer\/"},"modified":"2024-05-31T02:44:44","modified_gmt":"2024-05-31T02:44:44","slug":"abogado-de-tutelas-y-curatelas","status":"publish","type":"page","link":"https:\/\/vistaslawgroup.com\/es\/abogado-de-tutelas-y-curatelas\/","title":{"rendered":"Abogado De Tutelas Y Curatelas"},"content":{"rendered":"<p>Cuando la vida le lanza desaf\u00edos inesperados, es crucial tener planes de contingencia, especialmente cuando se trata de ni\u00f1os o mayores. En Vistas Law Group, estamos comprometidos a ayudarle a asegurar el bienestar de sus hijos o seres queridos mayores, incluso en circunstancias imprevistas donde usted no est\u00e9 disponible para cuidarlos. Le asistimos en identificar al tutor o curador m\u00e1s adecuado para su hijo o ser querido, bas\u00e1ndonos en la compatibilidad, estabilidad financiera y otros factores esenciales. \u00bfNuestro objetivo? Ofrecerle tranquilidad, sabiendo que usted y sus seres queridos estar\u00e1n en buenas manos si no puede estar all\u00ed para ellos.<\/p>\n<h2>Por Qu\u00e9 Son Cruciales las Nominaciones de Tutores y Curadores<\/h2>\n<p>Planificar para un escenario en el que pueda no estar disponible para cuidar de sus seres queridos es emocionalmente desafiante. Sin embargo, la ausencia de dicha planificaci\u00f3n puede llevar a un mayor estr\u00e9s emocional para su familia si ocurre lo inesperado, incluyendo mayores gastos en litigios. Cuando no designa un curador o tutor, el tribunal se queda con la responsabilidad de tomar esta decisi\u00f3n en su nombre y aumenta la probabilidad de litigios. Esto a menudo significa que los miembros de la familia deben pasar por un proceso legal largo y a veces conflictivo sobre qui\u00e9n va a servir. Adem\u00e1s, la decisi\u00f3n del tribunal puede no alinearse con lo que usted habr\u00eda querido para usted o sus seres queridos. En Vistas Law Group, enfatizamos la importancia cr\u00edtica de la planificaci\u00f3n preventiva para proteger el futuro de usted y sus seres queridos. El marco legal ya es complejo; est\u00e9 preparado y no a\u00f1ada a esa complejidad dejando decisiones tan monumentales a las incertidumbres del sistema judicial.<\/p>\n<h2>El Marco Legal de las Nominaciones de Tutores y Curadores en California<\/h2>\n<p>El sistema legal de California tiene requisitos y procedimientos espec\u00edficos a seguir cuando se trata de nominar a un tutor o curador para usted o sus seres queridos. Comienza con la presentaci\u00f3n de las peticiones necesarias ante el tribunal, lo cual puede parecer sencillo, pero a menudo requiere documentaci\u00f3n significativa y evidencia de apoyo y puede llevar a impugnaciones. Luego viene la audiencia judicial, donde un juez se encarga de evaluar las calificaciones y la idoneidad del nominado para el cargo. En Vistas Law Group, le proporcionamos una hoja de ruta de lo que puede esperar, asegur\u00e1ndonos de que est\u00e9 bien preparado para cada fase del proceso legal. Simplificamos conceptos legales complejos, permiti\u00e9ndole centrarse en los aspectos emocionales y pr\u00e1cticos de la decisi\u00f3n.<\/p>\n<h2>C\u00f3mo Elegir al Tutor o Curador Adecuado para Sus Hijos<\/h2>\n<p>\u00bfHa considerado la salud f\u00edsica y la edad del nominado? \u00bfViven cerca, o al nominarlos significar\u00eda trasladarse usted o sus seres queridos a otro lugar? Para ayudarle a navegar estos dif\u00edciles asuntos, Vistas Law Group ha desarrollado un proceso de evaluaci\u00f3n detallado con la experiencia en litigios para ayudar a detectar se\u00f1ales de alerta. Podemos hacerle una serie de preguntas y plantear preocupaciones que quiz\u00e1s no haya considerado, ofreciendo un enfoque integral para asegurar que su elecci\u00f3n se alinee con sus mejores intereses. Se trata de darle las herramientas que necesita para tomar una decisi\u00f3n informada hoy, para que no deje asuntos tan cruciales al azar.<\/p>\n<h2>Qu\u00e9 Sucede Despu\u00e9s de la Nominaci\u00f3n<\/h2>\n<p>Ha hecho la parte dif\u00edcil: la nominaci\u00f3n. Ahora, el sistema legal entra en acci\u00f3n con su conjunto de procedimientos, incluyendo audiencias judiciales, documentaci\u00f3n obligatoria y verificaciones de antecedentes para la persona que ha nominado, incluyendo supervisi\u00f3n judicial. Tambi\u00e9n puede necesitar comunicar esta importante decisi\u00f3n a otros miembros de la familia, lo que podr\u00eda implicar notificaciones formales requeridas. La orientaci\u00f3n legal en este momento no solo es recomendable, es esencial. Lo \u00faltimo que querr\u00eda es que un peque\u00f1o descuido ponga en peligro su decisi\u00f3n cuidadosamente considerada. Cualquier descuido puede aumentar los gastos en litigios. Aqu\u00ed es donde Vistas Law Group puede ayudar. Le guiamos a trav\u00e9s de los tecnicismos, asegur\u00e1ndonos de que cada documento se presente correctamente, se cumplan los plazos y se informen todas las partes necesarias. Nuestro objetivo es ver su asunto de curatela o tutela hasta la aprobaci\u00f3n judicial sin contratiempos, d\u00e1ndole tranquilidad al saber que ha hecho todo lo posible para asegurar el futuro de su hijo.<\/p>\n<h2>D\u00e9 el Siguiente Paso con Vistas Law Group, LLP<\/h2>\n<p>Contemplar un futuro donde no pueda estar para sus seres queridos es dif\u00edcil, pero es esencial planificar para lo desconocido. Puede dar el siguiente paso hoy para asegurar el bienestar de ma\u00f1ana. Ll\u00e1menos a Vistas Law Group para hablar con un abogado en Los \u00c1ngeles al <a href=\"tel:213-745-8747\">213-745-8747<\/a> o al <a href=\"tel:909-415-0540\">909-415-0540<\/a> para la oficina de Inland Empire, o cont\u00e1ctenos en l\u00ednea para programar una consulta con un abogado especializado en testamentos que sirve a clientes en California.<\/p>\n","protected":false},"excerpt":{"rendered":"<p>Cuando la vida le lanza desaf\u00edos inesperados, es crucial tener planes de contingencia, especialmente cuando se trata de ni\u00f1os o mayores. En Vistas Law Group, estamos comprometidos a ayudarle a asegurar el bienestar de sus hijos o seres queridos mayores, incluso en circunstancias imprevistas donde usted no est\u00e9 disponible para cuidarlos. Le asistimos en identificar&hellip;<\/p>\n","protected":false},"author":2,"featured_media":0,"parent":0,"menu_order":0,"comment_status":"closed","ping_status":"closed","template":"","meta":{"_acf_changed":false,"inline_featured_image":false,"footnotes":""},"class_list":["post-7103","page","type-page","status-publish","hentry"],"acf":[],"yoast_head":"<!-- This site is optimized with the Yoast SEO plugin v27.5 - https:\/\/yoast.com\/product\/yoast-seo-wordpress\/ -->\n<title>Abogado De Tutelas Y Curatelas - Vistas Law Group<\/title>\n<meta name=\"description\" content=\"Vistas Law Group\" \/>\n<meta name=\"robots\" content=\"index, follow, max-snippet:-1, max-image-preview:large, max-video-preview:-1\" \/>\n<link rel=\"canonical\" href=\"https:\/\/vistaslawgroup.com\/es\/abogado-de-tutelas-y-curatelas\/\" \/>\n<meta property=\"og:locale\" content=\"es_ES\" \/>\n<meta property=\"og:type\" content=\"article\" \/>\n<meta property=\"og:title\" content=\"Abogado De Tutelas Y Curatelas - Vistas Law Group\" \/>\n<meta property=\"og:description\" content=\"Vistas Law Group\" \/>\n<meta property=\"og:url\" content=\"https:\/\/vistaslawgroup.com\/es\/abogado-de-tutelas-y-curatelas\/\" \/>\n<meta property=\"og:site_name\" content=\"Vistas Law Group\" \/>\n<meta property=\"article:modified_time\" content=\"2024-05-31T02:44:44+00:00\" \/>\n<meta name=\"twitter:card\" content=\"summary_large_image\" \/>\n<meta name=\"twitter:label1\" content=\"Tiempo de lectura\" \/>\n\t<meta name=\"twitter:data1\" content=\"4 minutos\" \/>\n<script type=\"application\/ld+json\" class=\"yoast-schema-graph\">{\"@context\":\"https:\\\/\\\/schema.org\",\"@graph\":[{\"@type\":\"WebPage\",\"@id\":\"https:\\\/\\\/vistaslawgroup.com\\\/es\\\/abogado-de-tutelas-y-curatelas\\\/\",\"url\":\"https:\\\/\\\/vistaslawgroup.com\\\/es\\\/abogado-de-tutelas-y-curatelas\\\/\",\"name\":\"Abogado De Tutelas Y Curatelas - Vistas Law Group\",\"isPartOf\":{\"@id\":\"https:\\\/\\\/vistaslawgroup.com\\\/es\\\/#website\"},\"datePublished\":\"2023-10-19T21:20:48+00:00\",\"dateModified\":\"2024-05-31T02:44:44+00:00\",\"description\":\"Vistas Law Group\",\"breadcrumb\":{\"@id\":\"https:\\\/\\\/vistaslawgroup.com\\\/es\\\/abogado-de-tutelas-y-curatelas\\\/#breadcrumb\"},\"inLanguage\":\"es\",\"potentialAction\":[{\"@type\":\"ReadAction\",\"target\":[\"https:\\\/\\\/vistaslawgroup.com\\\/es\\\/abogado-de-tutelas-y-curatelas\\\/\"]}]},{\"@type\":\"BreadcrumbList\",\"@id\":\"https:\\\/\\\/vistaslawgroup.com\\\/es\\\/abogado-de-tutelas-y-curatelas\\\/#breadcrumb\",\"itemListElement\":[{\"@type\":\"ListItem\",\"position\":1,\"name\":\"Home\",\"item\":\"https:\\\/\\\/vistaslawgroup.com\\\/es\\\/\"},{\"@type\":\"ListItem\",\"position\":2,\"name\":\"Abogado De Tutelas Y Curatelas\"}]},{\"@type\":\"WebSite\",\"@id\":\"https:\\\/\\\/vistaslawgroup.com\\\/es\\\/#website\",\"url\":\"https:\\\/\\\/vistaslawgroup.com\\\/es\\\/\",\"name\":\"Vistas Law Group\",\"description\":\"\",\"publisher\":{\"@id\":\"https:\\\/\\\/vistaslawgroup.com\\\/es\\\/#organization\"},\"potentialAction\":[{\"@type\":\"SearchAction\",\"target\":{\"@type\":\"EntryPoint\",\"urlTemplate\":\"https:\\\/\\\/vistaslawgroup.com\\\/es\\\/?s={search_term_string}\"},\"query-input\":{\"@type\":\"PropertyValueSpecification\",\"valueRequired\":true,\"valueName\":\"search_term_string\"}}],\"inLanguage\":\"es\"},{\"@type\":\"Organization\",\"@id\":\"https:\\\/\\\/vistaslawgroup.com\\\/es\\\/#organization\",\"name\":\"Vistas Law Group\",\"url\":\"https:\\\/\\\/vistaslawgroup.com\\\/es\\\/\",\"logo\":{\"@type\":\"ImageObject\",\"inLanguage\":\"es\",\"@id\":\"https:\\\/\\\/vistaslawgroup.com\\\/es\\\/#\\\/schema\\\/logo\\\/image\\\/\",\"url\":\"https:\\\/\\\/vistaslawgroup.com\\\/wp-content\\\/uploads\\\/2023\\\/10\\\/Vistas.png\",\"contentUrl\":\"https:\\\/\\\/vistaslawgroup.com\\\/wp-content\\\/uploads\\\/2023\\\/10\\\/Vistas.png\",\"width\":304,\"height\":73,\"caption\":\"Vistas Law Group\"},\"image\":{\"@id\":\"https:\\\/\\\/vistaslawgroup.com\\\/es\\\/#\\\/schema\\\/logo\\\/image\\\/\"}}]}<\/script>\n<!-- \/ Yoast SEO plugin. -->","yoast_head_json":{"title":"Abogado De Tutelas Y Curatelas - Vistas Law Group","description":"Vistas Law Group","robots":{"index":"index","follow":"follow","max-snippet":"max-snippet:-1","max-image-preview":"max-image-preview:large","max-video-preview":"max-video-preview:-1"},"canonical":"https:\/\/vistaslawgroup.com\/es\/abogado-de-tutelas-y-curatelas\/","og_locale":"es_ES","og_type":"article","og_title":"Abogado De Tutelas Y Curatelas - Vistas Law Group","og_description":"Vistas Law Group","og_url":"https:\/\/vistaslawgroup.com\/es\/abogado-de-tutelas-y-curatelas\/","og_site_name":"Vistas Law Group","article_modified_time":"2024-05-31T02:44:44+00:00","twitter_card":"summary_large_image","twitter_misc":{"Tiempo de lectura":"4 minutos"},"schema":{"@context":"https:\/\/schema.org","@graph":[{"@type":"WebPage","@id":"https:\/\/vistaslawgroup.com\/es\/abogado-de-tutelas-y-curatelas\/","url":"https:\/\/vistaslawgroup.com\/es\/abogado-de-tutelas-y-curatelas\/","name":"Abogado De Tutelas Y Curatelas - Vistas Law Group","isPartOf":{"@id":"https:\/\/vistaslawgroup.com\/es\/#website"},"datePublished":"2023-10-19T21:20:48+00:00","dateModified":"2024-05-31T02:44:44+00:00","description":"Vistas Law Group","breadcrumb":{"@id":"https:\/\/vistaslawgroup.com\/es\/abogado-de-tutelas-y-curatelas\/#breadcrumb"},"inLanguage":"es","potentialAction":[{"@type":"ReadAction","target":["https:\/\/vistaslawgroup.com\/es\/abogado-de-tutelas-y-curatelas\/"]}]},{"@type":"BreadcrumbList","@id":"https:\/\/vistaslawgroup.com\/es\/abogado-de-tutelas-y-curatelas\/#breadcrumb","itemListElement":[{"@type":"ListItem","position":1,"name":"Home","item":"https:\/\/vistaslawgroup.com\/es\/"},{"@type":"ListItem","position":2,"name":"Abogado De Tutelas Y Curatelas"}]},{"@type":"WebSite","@id":"https:\/\/vistaslawgroup.com\/es\/#website","url":"https:\/\/vistaslawgroup.com\/es\/","name":"Vistas Law Group","description":"","publisher":{"@id":"https:\/\/vistaslawgroup.com\/es\/#organization"},"potentialAction":[{"@type":"SearchAction","target":{"@type":"EntryPoint","urlTemplate":"https:\/\/vistaslawgroup.com\/es\/?s={search_term_string}"},"query-input":{"@type":"PropertyValueSpecification","valueRequired":true,"valueName":"search_term_string"}}],"inLanguage":"es"},{"@type":"Organization","@id":"https:\/\/vistaslawgroup.com\/es\/#organization","name":"Vistas Law Group","url":"https:\/\/vistaslawgroup.com\/es\/","logo":{"@type":"ImageObject","inLanguage":"es","@id":"https:\/\/vistaslawgroup.com\/es\/#\/schema\/logo\/image\/","url":"https:\/\/vistaslawgroup.com\/wp-content\/uploads\/2023\/10\/Vistas.png","contentUrl":"https:\/\/vistaslawgroup.com\/wp-content\/uploads\/2023\/10\/Vistas.png","width":304,"height":73,"caption":"Vistas Law Group"},"image":{"@id":"https:\/\/vistaslawgroup.com\/es\/#\/schema\/logo\/image\/"}}]}},"_links":{"self":[{"href":"https:\/\/vistaslawgroup.com\/es\/wp-json\/wp\/v2\/pages\/7103","targetHints":{"allow":["GET"]}}],"collection":[{"href":"https:\/\/vistaslawgroup.com\/es\/wp-json\/wp\/v2\/pages"}],"about":[{"href":"https:\/\/vistaslawgroup.com\/es\/wp-json\/wp\/v2\/types\/page"}],"author":[{"embeddable":true,"href":"https:\/\/vistaslawgroup.com\/es\/wp-json\/wp\/v2\/users\/2"}],"replies":[{"embeddable":true,"href":"https:\/\/vistaslawgroup.com\/es\/wp-json\/wp\/v2\/comments?post=7103"}],"version-history":[{"count":0,"href":"https:\/\/vistaslawgroup.com\/es\/wp-json\/wp\/v2\/pages\/7103\/revisions"}],"wp:attachment":[{"href":"https:\/\/vistaslawgroup.com\/es\/wp-json\/wp\/v2\/media?parent=7103"}],"curies":[{"name":"wp","href":"https:\/\/api.w.org\/{rel}","templated":true}]}}