{"id":7114,"date":"2023-10-19T21:13:34","date_gmt":"2023-10-19T21:13:34","guid":{"rendered":"https:\/\/vistaslawgroup.com\/pour-over-will-lawyer-in-california\/"},"modified":"2024-06-08T03:17:39","modified_gmt":"2024-06-08T03:17:39","slug":"testamento-complementario-de-fidecomiso-en-california","status":"publish","type":"page","link":"https:\/\/vistaslawgroup.com\/es\/testamento-complementario-de-fidecomiso-en-california\/","title":{"rendered":"Testamento Complementario De Fidecomiso En California"},"content":{"rendered":"<p>\u00bfEst\u00e1 pensando en la seguridad y transferencia de sus activos a sus seres queridos en el futuro? Es un paso responsable y cari\u00f1oso, y en Vistas Law Group estamos aqu\u00ed para ayudarlo a redactar su testamento complementario de fidecomiso. Tal como suena, un testamento complementario de fidecomiso permite que sus activos se \u00abviertan\u00bb a un fideicomiso ya establecido, asegurando que se distribuyan seg\u00fan sus deseos, sin los procedimientos complejos que suelen seguir al fallecimiento completo en la sucesi\u00f3n testamentaria.<\/p>\n<p>Piense en este testamento como una red de seguridad, que captura cualquier activo que olvid\u00f3 titular a su fideicomiso y asegura que esos activos pertenezcan al fideicomiso por orden judicial. En California, esta herramienta legal es parte de su plan de sucesi\u00f3n porque brinda tranquilidad al saber que si olvida titular alg\u00fan activo en su fideicomiso, el complementario de fidecomiso puede ser sometido a un proceso de sucesi\u00f3n testamentaria en el tribunal para solicitar una orden que confirme que dicho activo ten\u00eda la intenci\u00f3n de pertenecer a su fideicomiso.<\/p>\n<h2>El Proceso de Formaci\u00f3n de un Testamento Complementario de Fidecomiso en California<\/h2>\n<p>Crear un testamento complementario de fidecomiso no es f\u00edsica cu\u00e1ntica, pero s\u00ed involucra un proceso estructurado. Este proceso asegura que todos los activos que posee y que desea que pertenezcan al fideicomiso, incluso los adquiridos m\u00e1s adelante en la vida, se confirme que pertenecen al fideicomiso por orden judicial. Su fideicomiso opera como una entidad viva, adapt\u00e1ndose y cambiando a medida que su vida evoluciona. A continuaci\u00f3n, se muestra un vistazo a c\u00f3mo abordamos este proceso en Vistas Law Group:<\/p>\n<p><b>Identificaci\u00f3n y listado de todos los activos:<\/b> Durante la admisi\u00f3n del plan de sucesi\u00f3n, comenzamos por identificar todos sus activos, incluidos los que pueda adquirir en el futuro. Este es un proceso integral en el que lo alentamos a traer todo a la mesa: cuentas bancarias, escrituras de propiedad inmobiliaria, pertenencias personales y m\u00e1s.<\/p>\n<p><b>Establecimiento de un fideicomiso:<\/b> A continuaci\u00f3n, lo ayudamos a establecer un fideicomiso, una entidad legal que mantendr\u00e1 y administrar\u00e1 sus activos destinados a pertenecer a su fideicomiso. Este fideicomiso est\u00e1 dise\u00f1ado para adaptarse y evolucionar con usted, asegurando que se incluyan todos los activos actuales y futuros previstos.<\/p>\n<p><b>Redacci\u00f3n del testamento Complementario de Fidecomiso:<\/b> Redactamos el testamento complementario de fidecomiso para que se centre en detallar claramente c\u00f3mo sus activos que podr\u00eda olvidar titular en su fideicomiso deben \u00abverterse\u00bb a su fideicomiso al fallecer, para que se administren y distribuyan de acuerdo con sus deseos descritos en su fideicomiso.<\/p>\n<p><b>Designaci\u00f3n de un Fideicomisario:<\/b> Un fideicomisario es alguien en quien conf\u00eda impl\u00edcitamente para supervisar el desempe\u00f1o del fideicomiso. Puede ser un familiar, un amigo cercano o un fideicomisario profesional. Lo guiaremos en la selecci\u00f3n de un fideicomisario que se alinee con sus expectativas y necesidades, con \u00e9nfasis en aumentar la probabilidad de evitar disputas legales despu\u00e9s de su fallecimiento.<\/p>\n<p><b>Revisi\u00f3n y actualizaci\u00f3n:<\/b> La vida es din\u00e1mica y los cambios son inevitables. Enfatizamos la importancia de revisar y actualizar su plan de sucesi\u00f3n, incluido su fideicomiso peri\u00f3dicamente, para reflejar con precisi\u00f3n sus circunstancias y deseos actuales.<\/p>\n<p>Estamos aqu\u00ed para ayudarlo a desglosar este proceso, ofreci\u00e9ndole orientaci\u00f3n paso a paso. Si bien muchos evitan discutir la planificaci\u00f3n del final de la vida, lo hacemos f\u00e1cil, comprensible e incluso reconfortante saber que est\u00e1 preparando a sus seres queridos para una transici\u00f3n m\u00e1s fluida en un momento de p\u00e9rdida.<\/p>\n<h2>Beneficios de Establecer un Testamento Complementario de Fidecomiso en California<\/h2>\n<p>Ahora se preguntar\u00e1 \u00ab\u00bfQu\u00e9 hay para m\u00ed?\u00bb Bueno, establecer un testamento complementario de fidecomiso protege sus activos destinados a pertenecer a su fideicomiso y pasar como lo desea seg\u00fan su fideicomiso. Un testamento complementario de fidecomiso es la herramienta de planificaci\u00f3n de la red de seguridad para salvaguardar los activos de su fideicomiso previsto en caso de que olvide titular dicho activo en el fideicomiso. Adem\u00e1s, proporciona una gesti\u00f3n consolidada de su patrimonio, lo que significa un plan singular y completo que abarca todos sus activos, lo que hace que la ejecuci\u00f3n de sus deseos sea sencilla y clara.<\/p>\n<h2>Personalizaci\u00f3n de su Testamento Complementario de Fidecomiso en California<\/h2>\n<p>Hablemos de personalizaci\u00f3n. Ha trabajado arduamente para construir sus activos: propiedades, negocios, pertenencias personales y tal vez incluso una preciada colecci\u00f3n de arte. Cada activo tiene una historia, un recuerdo y un valor \u00fanico para usted. Es justo que encuentren a los custodios adecuados cuando llegue el momento.<\/p>\n<p>Elaborar un testamento complementario de fidecomiso con Vistas Law Group como parte de su plan de sucesi\u00f3n no es solo un servicio legal; es una experiencia \u00edntima en la que usted toma el control de la distribuci\u00f3n de sus activos. \u00bfNuestro papel? Escuchar atentamente sus deseos y redactar un testamento complementario de fidecomiso como parte de su plan de sucesi\u00f3n que refleje sus deseos para garantizar que sus activos se distribuyan seg\u00fan lo previsto tras su fallecimiento. Lo invitamos a reunirse con nosotros para discutir sus intenciones sobre el destino de sus activos despu\u00e9s de su muerte. De esta manera, podemos dise\u00f1ar un plan de sucesi\u00f3n, incluido un testamento complementario de fidecomiso \u00fanico para usted, teniendo en cuenta las conexiones emocionales que tiene con sus activos. No se trata solo de legalidades; se trata de honrar el legado de su vida que desea dejar en California.<\/p>\n<h2>Contacte a Vistas Law Group, LLP Hoy Mismo<\/h2>\n<p>\u00bfEst\u00e1 listo para dar el siguiente paso para asegurar un futuro tranquilo para sus seres queridos? Es hora de conversar con un abogado experto en California. Ll\u00e1menos a Los \u00c1ngeles al <a href=\"tel:213-745-8747\">213-745-8747<\/a> o a Inland Empire al <a href=\"tel:909-415-0540\">909-415-0540<\/a>, o simplemente <a href=\"https:\/\/vistaslawgroup.com\/es\/contactenos\/\">cont\u00e1ctenos<\/a> en l\u00ednea para programar una consulta. Estamos aqu\u00ed para ayudarlo en cada paso del camino. Trabajemos juntos para asegurar el futuro.<\/p>\n","protected":false},"excerpt":{"rendered":"<p>\u00bfEst\u00e1 pensando en la seguridad y transferencia de sus activos a sus seres queridos en el futuro? Es un paso responsable y cari\u00f1oso, y en Vistas Law Group estamos aqu\u00ed para ayudarlo a redactar su testamento complementario de fidecomiso. Tal como suena, un testamento complementario de fidecomiso permite que sus activos se \u00abviertan\u00bb a un&hellip;<\/p>\n","protected":false},"author":2,"featured_media":0,"parent":0,"menu_order":0,"comment_status":"closed","ping_status":"closed","template":"","meta":{"_acf_changed":false,"inline_featured_image":false,"footnotes":""},"class_list":["post-7114","page","type-page","status-publish","hentry"],"acf":[],"yoast_head":"<!-- This site is optimized with the Yoast SEO plugin v27.5 - https:\/\/yoast.com\/product\/yoast-seo-wordpress\/ -->\n<title>Testamento Complementario De Fidecomiso En California - Vistas Law Group<\/title>\n<meta name=\"description\" content=\"Vistas Law Group\" \/>\n<meta name=\"robots\" content=\"index, follow, max-snippet:-1, max-image-preview:large, max-video-preview:-1\" \/>\n<link rel=\"canonical\" href=\"https:\/\/vistaslawgroup.com\/es\/testamento-complementario-de-fidecomiso-en-california\/\" \/>\n<meta property=\"og:locale\" content=\"es_ES\" \/>\n<meta property=\"og:type\" content=\"article\" \/>\n<meta property=\"og:title\" content=\"Testamento Complementario De Fidecomiso En California - Vistas Law Group\" \/>\n<meta property=\"og:description\" content=\"Vistas Law Group\" \/>\n<meta property=\"og:url\" content=\"https:\/\/vistaslawgroup.com\/es\/testamento-complementario-de-fidecomiso-en-california\/\" \/>\n<meta property=\"og:site_name\" content=\"Vistas Law Group\" \/>\n<meta property=\"article:modified_time\" content=\"2024-06-08T03:17:39+00:00\" \/>\n<meta name=\"twitter:card\" content=\"summary_large_image\" \/>\n<meta name=\"twitter:label1\" content=\"Tiempo de lectura\" \/>\n\t<meta name=\"twitter:data1\" content=\"5 minutos\" \/>\n<script type=\"application\/ld+json\" class=\"yoast-schema-graph\">{\"@context\":\"https:\\\/\\\/schema.org\",\"@graph\":[{\"@type\":\"WebPage\",\"@id\":\"https:\\\/\\\/vistaslawgroup.com\\\/es\\\/testamento-complementario-de-fidecomiso-en-california\\\/\",\"url\":\"https:\\\/\\\/vistaslawgroup.com\\\/es\\\/testamento-complementario-de-fidecomiso-en-california\\\/\",\"name\":\"Testamento Complementario De Fidecomiso En California - Vistas Law Group\",\"isPartOf\":{\"@id\":\"https:\\\/\\\/vistaslawgroup.com\\\/es\\\/#website\"},\"datePublished\":\"2023-10-19T21:13:34+00:00\",\"dateModified\":\"2024-06-08T03:17:39+00:00\",\"description\":\"Vistas Law Group\",\"breadcrumb\":{\"@id\":\"https:\\\/\\\/vistaslawgroup.com\\\/es\\\/testamento-complementario-de-fidecomiso-en-california\\\/#breadcrumb\"},\"inLanguage\":\"es\",\"potentialAction\":[{\"@type\":\"ReadAction\",\"target\":[\"https:\\\/\\\/vistaslawgroup.com\\\/es\\\/testamento-complementario-de-fidecomiso-en-california\\\/\"]}]},{\"@type\":\"BreadcrumbList\",\"@id\":\"https:\\\/\\\/vistaslawgroup.com\\\/es\\\/testamento-complementario-de-fidecomiso-en-california\\\/#breadcrumb\",\"itemListElement\":[{\"@type\":\"ListItem\",\"position\":1,\"name\":\"Home\",\"item\":\"https:\\\/\\\/vistaslawgroup.com\\\/es\\\/\"},{\"@type\":\"ListItem\",\"position\":2,\"name\":\"Testamento Complementario De Fidecomiso En California\"}]},{\"@type\":\"WebSite\",\"@id\":\"https:\\\/\\\/vistaslawgroup.com\\\/es\\\/#website\",\"url\":\"https:\\\/\\\/vistaslawgroup.com\\\/es\\\/\",\"name\":\"Vistas Law Group\",\"description\":\"\",\"publisher\":{\"@id\":\"https:\\\/\\\/vistaslawgroup.com\\\/es\\\/#organization\"},\"potentialAction\":[{\"@type\":\"SearchAction\",\"target\":{\"@type\":\"EntryPoint\",\"urlTemplate\":\"https:\\\/\\\/vistaslawgroup.com\\\/es\\\/?s={search_term_string}\"},\"query-input\":{\"@type\":\"PropertyValueSpecification\",\"valueRequired\":true,\"valueName\":\"search_term_string\"}}],\"inLanguage\":\"es\"},{\"@type\":\"Organization\",\"@id\":\"https:\\\/\\\/vistaslawgroup.com\\\/es\\\/#organization\",\"name\":\"Vistas Law Group\",\"url\":\"https:\\\/\\\/vistaslawgroup.com\\\/es\\\/\",\"logo\":{\"@type\":\"ImageObject\",\"inLanguage\":\"es\",\"@id\":\"https:\\\/\\\/vistaslawgroup.com\\\/es\\\/#\\\/schema\\\/logo\\\/image\\\/\",\"url\":\"https:\\\/\\\/vistaslawgroup.com\\\/wp-content\\\/uploads\\\/2023\\\/10\\\/Vistas.png\",\"contentUrl\":\"https:\\\/\\\/vistaslawgroup.com\\\/wp-content\\\/uploads\\\/2023\\\/10\\\/Vistas.png\",\"width\":304,\"height\":73,\"caption\":\"Vistas Law Group\"},\"image\":{\"@id\":\"https:\\\/\\\/vistaslawgroup.com\\\/es\\\/#\\\/schema\\\/logo\\\/image\\\/\"}}]}<\/script>\n<!-- \/ Yoast SEO plugin. -->","yoast_head_json":{"title":"Testamento Complementario De Fidecomiso En California - Vistas Law Group","description":"Vistas Law Group","robots":{"index":"index","follow":"follow","max-snippet":"max-snippet:-1","max-image-preview":"max-image-preview:large","max-video-preview":"max-video-preview:-1"},"canonical":"https:\/\/vistaslawgroup.com\/es\/testamento-complementario-de-fidecomiso-en-california\/","og_locale":"es_ES","og_type":"article","og_title":"Testamento Complementario De Fidecomiso En California - Vistas Law Group","og_description":"Vistas Law Group","og_url":"https:\/\/vistaslawgroup.com\/es\/testamento-complementario-de-fidecomiso-en-california\/","og_site_name":"Vistas Law Group","article_modified_time":"2024-06-08T03:17:39+00:00","twitter_card":"summary_large_image","twitter_misc":{"Tiempo de lectura":"5 minutos"},"schema":{"@context":"https:\/\/schema.org","@graph":[{"@type":"WebPage","@id":"https:\/\/vistaslawgroup.com\/es\/testamento-complementario-de-fidecomiso-en-california\/","url":"https:\/\/vistaslawgroup.com\/es\/testamento-complementario-de-fidecomiso-en-california\/","name":"Testamento Complementario De Fidecomiso En California - Vistas Law Group","isPartOf":{"@id":"https:\/\/vistaslawgroup.com\/es\/#website"},"datePublished":"2023-10-19T21:13:34+00:00","dateModified":"2024-06-08T03:17:39+00:00","description":"Vistas Law Group","breadcrumb":{"@id":"https:\/\/vistaslawgroup.com\/es\/testamento-complementario-de-fidecomiso-en-california\/#breadcrumb"},"inLanguage":"es","potentialAction":[{"@type":"ReadAction","target":["https:\/\/vistaslawgroup.com\/es\/testamento-complementario-de-fidecomiso-en-california\/"]}]},{"@type":"BreadcrumbList","@id":"https:\/\/vistaslawgroup.com\/es\/testamento-complementario-de-fidecomiso-en-california\/#breadcrumb","itemListElement":[{"@type":"ListItem","position":1,"name":"Home","item":"https:\/\/vistaslawgroup.com\/es\/"},{"@type":"ListItem","position":2,"name":"Testamento Complementario De Fidecomiso En California"}]},{"@type":"WebSite","@id":"https:\/\/vistaslawgroup.com\/es\/#website","url":"https:\/\/vistaslawgroup.com\/es\/","name":"Vistas Law Group","description":"","publisher":{"@id":"https:\/\/vistaslawgroup.com\/es\/#organization"},"potentialAction":[{"@type":"SearchAction","target":{"@type":"EntryPoint","urlTemplate":"https:\/\/vistaslawgroup.com\/es\/?s={search_term_string}"},"query-input":{"@type":"PropertyValueSpecification","valueRequired":true,"valueName":"search_term_string"}}],"inLanguage":"es"},{"@type":"Organization","@id":"https:\/\/vistaslawgroup.com\/es\/#organization","name":"Vistas Law Group","url":"https:\/\/vistaslawgroup.com\/es\/","logo":{"@type":"ImageObject","inLanguage":"es","@id":"https:\/\/vistaslawgroup.com\/es\/#\/schema\/logo\/image\/","url":"https:\/\/vistaslawgroup.com\/wp-content\/uploads\/2023\/10\/Vistas.png","contentUrl":"https:\/\/vistaslawgroup.com\/wp-content\/uploads\/2023\/10\/Vistas.png","width":304,"height":73,"caption":"Vistas Law Group"},"image":{"@id":"https:\/\/vistaslawgroup.com\/es\/#\/schema\/logo\/image\/"}}]}},"_links":{"self":[{"href":"https:\/\/vistaslawgroup.com\/es\/wp-json\/wp\/v2\/pages\/7114","targetHints":{"allow":["GET"]}}],"collection":[{"href":"https:\/\/vistaslawgroup.com\/es\/wp-json\/wp\/v2\/pages"}],"about":[{"href":"https:\/\/vistaslawgroup.com\/es\/wp-json\/wp\/v2\/types\/page"}],"author":[{"embeddable":true,"href":"https:\/\/vistaslawgroup.com\/es\/wp-json\/wp\/v2\/users\/2"}],"replies":[{"embeddable":true,"href":"https:\/\/vistaslawgroup.com\/es\/wp-json\/wp\/v2\/comments?post=7114"}],"version-history":[{"count":0,"href":"https:\/\/vistaslawgroup.com\/es\/wp-json\/wp\/v2\/pages\/7114\/revisions"}],"wp:attachment":[{"href":"https:\/\/vistaslawgroup.com\/es\/wp-json\/wp\/v2\/media?parent=7114"}],"curies":[{"name":"wp","href":"https:\/\/api.w.org\/{rel}","templated":true}]}}