{"id":7120,"date":"2023-10-19T21:08:01","date_gmt":"2023-10-19T21:08:01","guid":{"rendered":"https:\/\/vistaslawgroup.com\/advanced-healthcare-directive-living-will-lawyer\/"},"modified":"2024-06-08T03:21:08","modified_gmt":"2024-06-08T03:21:08","slug":"abogado-de-directiva-anticipada-y-testamento-vital-en-california","status":"publish","type":"page","link":"https:\/\/vistaslawgroup.com\/es\/abogado-de-directiva-anticipada-y-testamento-vital-en-california\/","title":{"rendered":"Abogado De Directiva Anticipada Y Testamento Vital En California"},"content":{"rendered":"<p>Navegar las incertidumbres de la vida puede ser un desaf\u00edo. Por eso, tener una Directiva Anticipada, que incluye un Testamento Vital, es crucial. En Vistas Law Group, LLP, entendemos el peso emocional que conlleva planificar lo desconocido. Nuestro enfoque es hacer que el proceso sea lo m\u00e1s claro y directo posible, a la vez que le brindamos una gu\u00eda compasiva.<\/p>\n<h2>\u00bfQu\u00e9 es una Directiva Anticipada o Testamento Vital?<\/h2>\n<p>A muchas personas les preocupa planificar la muerte. En Vistas Law Group, lo ayudamos a planificar la vida. Mucha gente se pregunta qu\u00e9 es una Directiva Anticipada o Testamento Vital y por qu\u00e9 es importante. En pocas palabras, estos documentos legales le permiten especificar qu\u00e9 tipo de tratamientos m\u00e9dicos o medidas de soporte vital desea, o no desea, en caso de que no pueda comunicar sus deseos debido a la falta de capacidad durante su vida. Nos comprometemos a ayudarlo a crear una hoja de ruta para sus seres queridos y proveedores de atenci\u00f3n m\u00e9dica. Tener una gu\u00eda de este tipo puede aliviar la carga emocional y \u00e9tica que su familia podr\u00eda tener que soportar al tomar estas decisiones dif\u00edciles.<\/p>\n<h2>La Importancia de las Directivas Anticipadas en California<\/h2>\n<p>La conversaci\u00f3n en torno a las Directivas Anticipadas a menudo se remonta a las personas mayores o aquellos con enfermedades o lesiones potencialmente mortales que las incapacitan. Sin embargo, este es un tema muy relevante para todos antes de sufrir una incapacidad. Imagine escenarios como accidentes automovil\u00edsticos, emergencias m\u00e9dicas inesperadas o incluso inconsciencia temporal debido a diversas causas. \u00bfEn qui\u00e9n conf\u00eda para que tome decisiones en su nombre cuando sea incapaz de tomarlas usted mismo durante su vida? Estas son situaciones en las que nadie quiere pensar, pero suceden y usted necesita estar preparado.<\/p>\n<p>Crear una Directiva Anticipada no es solo un procedimiento legal; tambi\u00e9n es una consideraci\u00f3n emocional y \u00e9tica. Es un instrumento de control que empodera a alguien en quien conf\u00eda para tomar decisiones que afectan no solo su vida sino tambi\u00e9n el bienestar emocional de sus seres queridos. Sin una Directiva Anticipada, deja a sus amigos, familiares y\/o compa\u00f1ero en una situaci\u00f3n emocionalmente exigente de tener que adivinar sus preferencias de atenci\u00f3n m\u00e9dica. Esto puede conducir a disputas familiares y un deterioro en las relaciones que usted aprecia durante un momento ya dif\u00edcil, agregando m\u00e1s estr\u00e9s a una situaci\u00f3n ya intensa. Es m\u00e1s que planificar un futuro incierto; se trata de ser responsable hoy para evitar una mayor angustia ma\u00f1ana.<\/p>\n<h2>Elaboraci\u00f3n de un Testamento Vital Completo<\/h2>\n<p>A la hora de crear un Testamento Vital y una Directiva Anticipada, la especificidad es crucial. Puede pensar que es tan simple como especificar \u00abNo Reanimar\u00bb o aprobar ciertos medicamentos, pero la realidad es mucho m\u00e1s compleja. Se incluyen opciones de tratamiento, cuidados paliativos, donaci\u00f3n de \u00f3rganos, control del dolor e incluso preferencias por rituales religiosos o espirituales.<\/p>\n<p>Como abogados litigantes, comprendemos la gravedad de lo que representa este documento, por eso estamos comprometidos a asesorar de manera que aumente la probabilidad de evitar conflictos o disputas sobre sus deseos. Despu\u00e9s de todo, su Directiva Anticipada debe reflejar sus preferencias m\u00e9dicas y \u00e9ticas \u00fanicas. Adem\u00e1s, la vida es impredecible y sabemos que sus necesidades y preferencias de atenci\u00f3n m\u00e9dica se pueden confirmar por escrito para adaptarse a cualquier cambio en su vida. Su Directiva Anticipada tambi\u00e9n puede evolucionar con usted. Los cambios en la estructura familiar, los avances m\u00e9dicos o los cambios en las creencias personales pueden ser razones para revisar y modificar este importante documento en el futuro.<\/p>\n<p>Vale la pena se\u00f1alar que una Directiva Anticipada desactualizada a veces puede hacer m\u00e1s da\u00f1o que bien. Por ejemplo, no querr\u00eda que un documento escrito hace 20 a\u00f1os que nombra a alguien que ya no est\u00e1 en su vida para dictar su tratamiento m\u00e9dico actual. Por eso enfatizamos la importancia de mantener actualizados su Directiva Anticipada y Testamento Vital para reflejar en qui\u00e9n conf\u00eda para seguir sus deseos y opciones m\u00e9dicas actuales.<\/p>\n<h2>C\u00f3mo Le Ayuda Vistas Law Group en California<\/h2>\n<p>Su Directiva Anticipada debe ser tan individual como usted. En Vistas Law Group, no creemos en un enfoque \u00fanico para todos. Despu\u00e9s de una consulta detallada para comprender sus preferencias y necesidades, lo guiaremos a trav\u00e9s de los aspectos legales y las opciones m\u00e9dicas que quiz\u00e1s desee considerar, y lo asesoraremos sobre la decisi\u00f3n de nombrar a su agente responsable de tomar esas decisiones en su nombre. El objetivo es producir una Directiva Anticipada o Testamento Vital que especifique claramente sus deseos, sin dejar lugar a ambig\u00fcedades o malentendidos.<\/p>\n<h2>Cont\u00e1ctenos para una Consulta<\/h2>\n<p>El primer paso para prepararse para lo desconocido suele ser el m\u00e1s desafiante. Vistas Law Group est\u00e1 aqu\u00ed para asesorarlo. Si necesita ayuda con una Directiva Anticipada y un Testamento Vital en California, llame a Vistas Law Group hoy mismo para hablar con un abogado en Los \u00c1ngeles al <a href=\"tel:213-745-8747\">213-745-8747<\/a> y en Inland Empire al <a href=\"tel:909-415-0540\">909-415-0540<\/a>, o <a href=\"https:\/\/vistaslawgroup.com\/es\/contactenos\/\">cont\u00e1ctenos<\/a> en l\u00ednea para programar una consulta con un abogado de sucesiones dedicado que atiende a clientes en California. Si planificar para lo desconocido se siente abrumador, recuerde que no tiene que hacerlo solo.<\/p>\n","protected":false},"excerpt":{"rendered":"<p>Navegar las incertidumbres de la vida puede ser un desaf\u00edo. Por eso, tener una Directiva Anticipada, que incluye un Testamento Vital, es crucial. En Vistas Law Group, LLP, entendemos el peso emocional que conlleva planificar lo desconocido. Nuestro enfoque es hacer que el proceso sea lo m\u00e1s claro y directo posible, a la vez que&hellip;<\/p>\n","protected":false},"author":2,"featured_media":0,"parent":0,"menu_order":0,"comment_status":"closed","ping_status":"closed","template":"","meta":{"_acf_changed":false,"inline_featured_image":false,"footnotes":""},"class_list":["post-7120","page","type-page","status-publish","hentry"],"acf":[],"yoast_head":"<!-- This site is optimized with the Yoast SEO plugin v27.5 - https:\/\/yoast.com\/product\/yoast-seo-wordpress\/ -->\n<title>Abogado De Directiva Anticipada Y Testamento Vital En California - Vistas Law Group<\/title>\n<meta name=\"description\" content=\"Vistas Law Group\" \/>\n<meta name=\"robots\" content=\"index, follow, max-snippet:-1, max-image-preview:large, max-video-preview:-1\" \/>\n<link rel=\"canonical\" href=\"https:\/\/vistaslawgroup.com\/es\/abogado-de-directiva-anticipada-y-testamento-vital-en-california\/\" \/>\n<meta property=\"og:locale\" content=\"es_ES\" \/>\n<meta property=\"og:type\" content=\"article\" \/>\n<meta property=\"og:title\" content=\"Abogado De Directiva Anticipada Y Testamento Vital En California - Vistas Law Group\" \/>\n<meta property=\"og:description\" content=\"Vistas Law Group\" \/>\n<meta property=\"og:url\" content=\"https:\/\/vistaslawgroup.com\/es\/abogado-de-directiva-anticipada-y-testamento-vital-en-california\/\" \/>\n<meta property=\"og:site_name\" content=\"Vistas Law Group\" \/>\n<meta property=\"article:modified_time\" content=\"2024-06-08T03:21:08+00:00\" \/>\n<meta name=\"twitter:card\" content=\"summary_large_image\" \/>\n<meta name=\"twitter:label1\" content=\"Tiempo de lectura\" \/>\n\t<meta name=\"twitter:data1\" content=\"4 minutos\" \/>\n<script type=\"application\/ld+json\" class=\"yoast-schema-graph\">{\"@context\":\"https:\\\/\\\/schema.org\",\"@graph\":[{\"@type\":\"WebPage\",\"@id\":\"https:\\\/\\\/vistaslawgroup.com\\\/es\\\/abogado-de-directiva-anticipada-y-testamento-vital-en-california\\\/\",\"url\":\"https:\\\/\\\/vistaslawgroup.com\\\/es\\\/abogado-de-directiva-anticipada-y-testamento-vital-en-california\\\/\",\"name\":\"Abogado De Directiva Anticipada Y Testamento Vital En California - Vistas Law Group\",\"isPartOf\":{\"@id\":\"https:\\\/\\\/vistaslawgroup.com\\\/es\\\/#website\"},\"datePublished\":\"2023-10-19T21:08:01+00:00\",\"dateModified\":\"2024-06-08T03:21:08+00:00\",\"description\":\"Vistas Law Group\",\"breadcrumb\":{\"@id\":\"https:\\\/\\\/vistaslawgroup.com\\\/es\\\/abogado-de-directiva-anticipada-y-testamento-vital-en-california\\\/#breadcrumb\"},\"inLanguage\":\"es\",\"potentialAction\":[{\"@type\":\"ReadAction\",\"target\":[\"https:\\\/\\\/vistaslawgroup.com\\\/es\\\/abogado-de-directiva-anticipada-y-testamento-vital-en-california\\\/\"]}]},{\"@type\":\"BreadcrumbList\",\"@id\":\"https:\\\/\\\/vistaslawgroup.com\\\/es\\\/abogado-de-directiva-anticipada-y-testamento-vital-en-california\\\/#breadcrumb\",\"itemListElement\":[{\"@type\":\"ListItem\",\"position\":1,\"name\":\"Home\",\"item\":\"https:\\\/\\\/vistaslawgroup.com\\\/es\\\/\"},{\"@type\":\"ListItem\",\"position\":2,\"name\":\"Abogado De Directiva Anticipada Y Testamento Vital En California\"}]},{\"@type\":\"WebSite\",\"@id\":\"https:\\\/\\\/vistaslawgroup.com\\\/es\\\/#website\",\"url\":\"https:\\\/\\\/vistaslawgroup.com\\\/es\\\/\",\"name\":\"Vistas Law Group\",\"description\":\"\",\"publisher\":{\"@id\":\"https:\\\/\\\/vistaslawgroup.com\\\/es\\\/#organization\"},\"potentialAction\":[{\"@type\":\"SearchAction\",\"target\":{\"@type\":\"EntryPoint\",\"urlTemplate\":\"https:\\\/\\\/vistaslawgroup.com\\\/es\\\/?s={search_term_string}\"},\"query-input\":{\"@type\":\"PropertyValueSpecification\",\"valueRequired\":true,\"valueName\":\"search_term_string\"}}],\"inLanguage\":\"es\"},{\"@type\":\"Organization\",\"@id\":\"https:\\\/\\\/vistaslawgroup.com\\\/es\\\/#organization\",\"name\":\"Vistas Law Group\",\"url\":\"https:\\\/\\\/vistaslawgroup.com\\\/es\\\/\",\"logo\":{\"@type\":\"ImageObject\",\"inLanguage\":\"es\",\"@id\":\"https:\\\/\\\/vistaslawgroup.com\\\/es\\\/#\\\/schema\\\/logo\\\/image\\\/\",\"url\":\"https:\\\/\\\/vistaslawgroup.com\\\/wp-content\\\/uploads\\\/2023\\\/10\\\/Vistas.png\",\"contentUrl\":\"https:\\\/\\\/vistaslawgroup.com\\\/wp-content\\\/uploads\\\/2023\\\/10\\\/Vistas.png\",\"width\":304,\"height\":73,\"caption\":\"Vistas Law Group\"},\"image\":{\"@id\":\"https:\\\/\\\/vistaslawgroup.com\\\/es\\\/#\\\/schema\\\/logo\\\/image\\\/\"}}]}<\/script>\n<!-- \/ Yoast SEO plugin. -->","yoast_head_json":{"title":"Abogado De Directiva Anticipada Y Testamento Vital En California - Vistas Law Group","description":"Vistas Law Group","robots":{"index":"index","follow":"follow","max-snippet":"max-snippet:-1","max-image-preview":"max-image-preview:large","max-video-preview":"max-video-preview:-1"},"canonical":"https:\/\/vistaslawgroup.com\/es\/abogado-de-directiva-anticipada-y-testamento-vital-en-california\/","og_locale":"es_ES","og_type":"article","og_title":"Abogado De Directiva Anticipada Y Testamento Vital En California - Vistas Law Group","og_description":"Vistas Law Group","og_url":"https:\/\/vistaslawgroup.com\/es\/abogado-de-directiva-anticipada-y-testamento-vital-en-california\/","og_site_name":"Vistas Law Group","article_modified_time":"2024-06-08T03:21:08+00:00","twitter_card":"summary_large_image","twitter_misc":{"Tiempo de lectura":"4 minutos"},"schema":{"@context":"https:\/\/schema.org","@graph":[{"@type":"WebPage","@id":"https:\/\/vistaslawgroup.com\/es\/abogado-de-directiva-anticipada-y-testamento-vital-en-california\/","url":"https:\/\/vistaslawgroup.com\/es\/abogado-de-directiva-anticipada-y-testamento-vital-en-california\/","name":"Abogado De Directiva Anticipada Y Testamento Vital En California - Vistas Law Group","isPartOf":{"@id":"https:\/\/vistaslawgroup.com\/es\/#website"},"datePublished":"2023-10-19T21:08:01+00:00","dateModified":"2024-06-08T03:21:08+00:00","description":"Vistas Law Group","breadcrumb":{"@id":"https:\/\/vistaslawgroup.com\/es\/abogado-de-directiva-anticipada-y-testamento-vital-en-california\/#breadcrumb"},"inLanguage":"es","potentialAction":[{"@type":"ReadAction","target":["https:\/\/vistaslawgroup.com\/es\/abogado-de-directiva-anticipada-y-testamento-vital-en-california\/"]}]},{"@type":"BreadcrumbList","@id":"https:\/\/vistaslawgroup.com\/es\/abogado-de-directiva-anticipada-y-testamento-vital-en-california\/#breadcrumb","itemListElement":[{"@type":"ListItem","position":1,"name":"Home","item":"https:\/\/vistaslawgroup.com\/es\/"},{"@type":"ListItem","position":2,"name":"Abogado De Directiva Anticipada Y Testamento Vital En California"}]},{"@type":"WebSite","@id":"https:\/\/vistaslawgroup.com\/es\/#website","url":"https:\/\/vistaslawgroup.com\/es\/","name":"Vistas Law Group","description":"","publisher":{"@id":"https:\/\/vistaslawgroup.com\/es\/#organization"},"potentialAction":[{"@type":"SearchAction","target":{"@type":"EntryPoint","urlTemplate":"https:\/\/vistaslawgroup.com\/es\/?s={search_term_string}"},"query-input":{"@type":"PropertyValueSpecification","valueRequired":true,"valueName":"search_term_string"}}],"inLanguage":"es"},{"@type":"Organization","@id":"https:\/\/vistaslawgroup.com\/es\/#organization","name":"Vistas Law Group","url":"https:\/\/vistaslawgroup.com\/es\/","logo":{"@type":"ImageObject","inLanguage":"es","@id":"https:\/\/vistaslawgroup.com\/es\/#\/schema\/logo\/image\/","url":"https:\/\/vistaslawgroup.com\/wp-content\/uploads\/2023\/10\/Vistas.png","contentUrl":"https:\/\/vistaslawgroup.com\/wp-content\/uploads\/2023\/10\/Vistas.png","width":304,"height":73,"caption":"Vistas Law Group"},"image":{"@id":"https:\/\/vistaslawgroup.com\/es\/#\/schema\/logo\/image\/"}}]}},"_links":{"self":[{"href":"https:\/\/vistaslawgroup.com\/es\/wp-json\/wp\/v2\/pages\/7120","targetHints":{"allow":["GET"]}}],"collection":[{"href":"https:\/\/vistaslawgroup.com\/es\/wp-json\/wp\/v2\/pages"}],"about":[{"href":"https:\/\/vistaslawgroup.com\/es\/wp-json\/wp\/v2\/types\/page"}],"author":[{"embeddable":true,"href":"https:\/\/vistaslawgroup.com\/es\/wp-json\/wp\/v2\/users\/2"}],"replies":[{"embeddable":true,"href":"https:\/\/vistaslawgroup.com\/es\/wp-json\/wp\/v2\/comments?post=7120"}],"version-history":[{"count":0,"href":"https:\/\/vistaslawgroup.com\/es\/wp-json\/wp\/v2\/pages\/7120\/revisions"}],"wp:attachment":[{"href":"https:\/\/vistaslawgroup.com\/es\/wp-json\/wp\/v2\/media?parent=7120"}],"curies":[{"name":"wp","href":"https:\/\/api.w.org\/{rel}","templated":true}]}}