{"id":7137,"date":"2023-10-19T21:26:02","date_gmt":"2023-10-19T21:26:02","guid":{"rendered":"https:\/\/vistaslawgroup.com\/trust-lawyer-in-california\/"},"modified":"2024-06-20T04:32:43","modified_gmt":"2024-06-20T04:32:43","slug":"abogado-de-fideicomisos-en-california","status":"publish","type":"page","link":"https:\/\/vistaslawgroup.com\/es\/abogado-de-fideicomisos-en-california\/","title":{"rendered":"Abogado De Fideicomisos En California"},"content":{"rendered":"<p>Cuando se trata de asegurar su legado y garantizar el bienestar de sus seres queridos, un abogado de fideicomisos puede ser su mejor aliado. En Vistas Law Group, adoptamos un enfoque pr\u00e1ctico y personalizado para ayudarlo a dise\u00f1ar una estrategia que refleje sus necesidades y aspiraciones \u00fanicas. En California, las leyes de fideicomisos pueden ser formales y complejas. Por lo tanto, es esencial asociarse con un equipo legal que no solo tenga conocimientos, sino que tambi\u00e9n est\u00e9 profundamente comprometido a navegar por estas aguas de manera eficiente y con un toque de empat\u00eda. Desde la creaci\u00f3n de fideicomisos revocables en vida hasta fideicomisos para necesidades especiales, trabajamos en estrecha colaboraci\u00f3n con usted para trazar un camino que sea seguro y est\u00e9 alineado con sus intenciones.<\/p>\n<h2>Qu\u00e9 Puede Esperar del Proceso de Fideicomisos en California<\/h2>\n<p>El fideicomiso es el ancla de todo plan patrimonial y es el veh\u00edculo que le sobrevivir\u00e1. Es importante saber que el fideicomiso lleva a cabo su intenci\u00f3n despu\u00e9s de la muerte. El proceso de fideicomiso no tiene por qu\u00e9 ser un viaje agotador, pero s\u00ed es un viaje importante. De hecho, puede ser bastante liberador a medida que toma medidas decisivas para asegurar el futuro de su familia. Al trabajar con Vistas Law Group, encontrar\u00e1 un equipo que se toma el tiempo para comprender su situaci\u00f3n \u00fanica, antes de guiarlo a trav\u00e9s de un proceso estructurado que incluye la creaci\u00f3n del fideicomiso, su financiamiento adecuado y el esbozo de instrucciones claras sobre c\u00f3mo se deben administrar sus activos. Trabajemos juntos para construir un plan maestro que resista el paso del tiempo, ofreciendo no solo seguridad financiera sino tambi\u00e9n tranquilidad para usted y sus seres queridos.<\/p>\n<h2>Los Diferentes Tipos de Fideicomisos Disponibles en California<\/h2>\n<p>En el dorado estado de California, existen diferentes tipos de fideicomisos para elegir seg\u00fan las necesidades individuales o familiares. Aqu\u00ed desglosamos los tipos m\u00e1s comunes, junto con una breve descripci\u00f3n de cada uno:<\/p>\n<ul>\n<li><b>Fideicomisos Revocables:<\/b> Este tipo de fideicomiso se destaca por su flexibilidad. Le permite la libertad de modificar los t\u00e9rminos o disolver el fideicomiso seg\u00fan lo considere oportuno, adapt\u00e1ndose a los cambios en sus circunstancias y ofreciendo un nivel significativo de control sobre sus activos. Adem\u00e1s, uno de los beneficios m\u00e1s destacados es la mayor probabilidad de evitar el proceso de sucesi\u00f3n testamentaria, lo que puede facilitar una transici\u00f3n m\u00e1s fluida y econ\u00f3micamente eficiente, y un acceso m\u00e1s r\u00e1pido a los activos para sus beneficiarios despu\u00e9s de su fallecimiento.<\/li>\n<li><b>Fideicomisos Irrevocables:<\/b> Aqu\u00ed, el enfoque est\u00e1 en una configuraci\u00f3n fija y segura. Una vez establecido, los cambios no se pueden realizar f\u00e1cilmente, lo que proporciona un escudo robusto sobre la disposici\u00f3n de sus activos. Esta rigidez tiene sus ventajas, ya que ofrece importantes beneficios fiscales, ayudando a proteger su patrimonio de grav\u00e1menes fiscales elevados. Este tipo de fideicomiso tambi\u00e9n ayuda a dificultar que personas malintencionadas cambien los t\u00e9rminos.<\/li>\n<li><b>Fideicomisos de Caridad:<\/b> Estos fideicomisos combinan maravillosamente la filantrop\u00eda con la planificaci\u00f3n patrimonial. Creados para beneficiar a una organizaci\u00f3n caritativa, le ayudan a retribuir a la comunidad mientras disfruta de posibles ventajas fiscales. Es una herramienta que permite una mezcla armoniosa de objetivos patrimoniales personales con esfuerzos filantr\u00f3picos, sirviendo a un doble prop\u00f3sito en su estrategia de planificaci\u00f3n patrimonial.<\/li>\n<li><b>Fideicomisos para Necesidades Especiales:<\/b> Dise\u00f1ados con la m\u00e1xima consideraci\u00f3n para los beneficiarios con discapacidades, estos fideicomisos garantizan que los recursos financieros est\u00e9n disponibles sin poner en peligro la elegibilidad para los programas de asistencia gubernamental. Es un delicado acto de equilibrio entre mantener a su ser querido y conservar los beneficios esenciales, y requiere una planificaci\u00f3n personalizada para satisfacer las necesidades y preferencias \u00fanicas de su beneficiario.<\/li>\n<li><b>Fideicomisos Testamentarios:<\/b> Integrado en su testamento, este fideicomiso entra en vigencia despu\u00e9s de su fallecimiento, guiando la distribuci\u00f3n de activos seg\u00fan lo estipulado en su testamento. Es esencial tener en cuenta que, a diferencia de los fideicomisos revocables, estos s\u00ed pasan por el proceso de sucesi\u00f3n testamentaria, lo que podr\u00eda requerir un per\u00edodo m\u00e1s prolongado para la distribuci\u00f3n de activos, agregando una capa de complejidad al proceso de liquidaci\u00f3n del patrimonio.<\/li>\n<\/ul>\n<h2>Contacte Hoy Mismo a un Abogado de Fideicomisos en California<\/h2>\n<p>Navegar por el mundo de los fideicomisos no tiene por qu\u00e9 ser una tarea compleja o desalentadora. Estamos aqu\u00ed para guiarlo en cada paso del camino, convirtiendo un proceso potencialmente estresante en un viaje de seguridad y tranquilidad. Si est\u00e1 listo para dar el siguiente paso para asegurar su legado, comun\u00edquese con nosotros en Vistas Law Group.<\/p>\n<p>Llame para hablar con un abogado en Los \u00c1ngeles al <a href=\"tel:213-745-8747\">213-745-8747<\/a> o en Inland Empire al <a href=\"tel:909-415-0540\">909-415-0540<\/a>, o visite nuestro sitio web para programar una consulta con un abogado especializado en patrimonio que atiende a clientes en California. Aseguremos su legado con un fideicomiso s\u00f3lido que refleje sus deseos y proteja sus bienes para las generaciones futuras.<\/p>\n","protected":false},"excerpt":{"rendered":"<p>Cuando se trata de asegurar su legado y garantizar el bienestar de sus seres queridos, un abogado de fideicomisos puede ser su mejor aliado. En Vistas Law Group, adoptamos un enfoque pr\u00e1ctico y personalizado para ayudarlo a dise\u00f1ar una estrategia que refleje sus necesidades y aspiraciones \u00fanicas. En California, las leyes de fideicomisos pueden ser&hellip;<\/p>\n","protected":false},"author":2,"featured_media":0,"parent":0,"menu_order":0,"comment_status":"closed","ping_status":"closed","template":"","meta":{"_acf_changed":false,"inline_featured_image":false,"footnotes":""},"class_list":["post-7137","page","type-page","status-publish","hentry"],"acf":[],"yoast_head":"<!-- This site is optimized with the Yoast SEO plugin v27.5 - https:\/\/yoast.com\/product\/yoast-seo-wordpress\/ -->\n<title>Abogado De Fideicomisos En California - Vistas Law Group<\/title>\n<meta name=\"description\" content=\"Vistas Law Group\" \/>\n<meta name=\"robots\" content=\"index, follow, max-snippet:-1, max-image-preview:large, max-video-preview:-1\" \/>\n<link rel=\"canonical\" href=\"https:\/\/vistaslawgroup.com\/es\/abogado-de-fideicomisos-en-california\/\" \/>\n<meta property=\"og:locale\" content=\"es_ES\" \/>\n<meta property=\"og:type\" content=\"article\" \/>\n<meta property=\"og:title\" content=\"Abogado De Fideicomisos En California - Vistas Law Group\" \/>\n<meta property=\"og:description\" content=\"Vistas Law Group\" \/>\n<meta property=\"og:url\" content=\"https:\/\/vistaslawgroup.com\/es\/abogado-de-fideicomisos-en-california\/\" \/>\n<meta property=\"og:site_name\" content=\"Vistas Law Group\" \/>\n<meta property=\"article:modified_time\" content=\"2024-06-20T04:32:43+00:00\" \/>\n<meta name=\"twitter:card\" content=\"summary_large_image\" \/>\n<meta name=\"twitter:label1\" content=\"Tiempo de lectura\" \/>\n\t<meta name=\"twitter:data1\" content=\"4 minutos\" \/>\n<script type=\"application\/ld+json\" class=\"yoast-schema-graph\">{\"@context\":\"https:\\\/\\\/schema.org\",\"@graph\":[{\"@type\":\"WebPage\",\"@id\":\"https:\\\/\\\/vistaslawgroup.com\\\/es\\\/abogado-de-fideicomisos-en-california\\\/\",\"url\":\"https:\\\/\\\/vistaslawgroup.com\\\/es\\\/abogado-de-fideicomisos-en-california\\\/\",\"name\":\"Abogado De Fideicomisos En California - Vistas Law Group\",\"isPartOf\":{\"@id\":\"https:\\\/\\\/vistaslawgroup.com\\\/es\\\/#website\"},\"datePublished\":\"2023-10-19T21:26:02+00:00\",\"dateModified\":\"2024-06-20T04:32:43+00:00\",\"description\":\"Vistas Law Group\",\"breadcrumb\":{\"@id\":\"https:\\\/\\\/vistaslawgroup.com\\\/es\\\/abogado-de-fideicomisos-en-california\\\/#breadcrumb\"},\"inLanguage\":\"es\",\"potentialAction\":[{\"@type\":\"ReadAction\",\"target\":[\"https:\\\/\\\/vistaslawgroup.com\\\/es\\\/abogado-de-fideicomisos-en-california\\\/\"]}]},{\"@type\":\"BreadcrumbList\",\"@id\":\"https:\\\/\\\/vistaslawgroup.com\\\/es\\\/abogado-de-fideicomisos-en-california\\\/#breadcrumb\",\"itemListElement\":[{\"@type\":\"ListItem\",\"position\":1,\"name\":\"Home\",\"item\":\"https:\\\/\\\/vistaslawgroup.com\\\/es\\\/\"},{\"@type\":\"ListItem\",\"position\":2,\"name\":\"Abogado De Fideicomisos En California\"}]},{\"@type\":\"WebSite\",\"@id\":\"https:\\\/\\\/vistaslawgroup.com\\\/es\\\/#website\",\"url\":\"https:\\\/\\\/vistaslawgroup.com\\\/es\\\/\",\"name\":\"Vistas Law Group\",\"description\":\"\",\"publisher\":{\"@id\":\"https:\\\/\\\/vistaslawgroup.com\\\/es\\\/#organization\"},\"potentialAction\":[{\"@type\":\"SearchAction\",\"target\":{\"@type\":\"EntryPoint\",\"urlTemplate\":\"https:\\\/\\\/vistaslawgroup.com\\\/es\\\/?s={search_term_string}\"},\"query-input\":{\"@type\":\"PropertyValueSpecification\",\"valueRequired\":true,\"valueName\":\"search_term_string\"}}],\"inLanguage\":\"es\"},{\"@type\":\"Organization\",\"@id\":\"https:\\\/\\\/vistaslawgroup.com\\\/es\\\/#organization\",\"name\":\"Vistas Law Group\",\"url\":\"https:\\\/\\\/vistaslawgroup.com\\\/es\\\/\",\"logo\":{\"@type\":\"ImageObject\",\"inLanguage\":\"es\",\"@id\":\"https:\\\/\\\/vistaslawgroup.com\\\/es\\\/#\\\/schema\\\/logo\\\/image\\\/\",\"url\":\"https:\\\/\\\/vistaslawgroup.com\\\/wp-content\\\/uploads\\\/2023\\\/10\\\/Vistas.png\",\"contentUrl\":\"https:\\\/\\\/vistaslawgroup.com\\\/wp-content\\\/uploads\\\/2023\\\/10\\\/Vistas.png\",\"width\":304,\"height\":73,\"caption\":\"Vistas Law Group\"},\"image\":{\"@id\":\"https:\\\/\\\/vistaslawgroup.com\\\/es\\\/#\\\/schema\\\/logo\\\/image\\\/\"}}]}<\/script>\n<!-- \/ Yoast SEO plugin. -->","yoast_head_json":{"title":"Abogado De Fideicomisos En California - Vistas Law Group","description":"Vistas Law Group","robots":{"index":"index","follow":"follow","max-snippet":"max-snippet:-1","max-image-preview":"max-image-preview:large","max-video-preview":"max-video-preview:-1"},"canonical":"https:\/\/vistaslawgroup.com\/es\/abogado-de-fideicomisos-en-california\/","og_locale":"es_ES","og_type":"article","og_title":"Abogado De Fideicomisos En California - Vistas Law Group","og_description":"Vistas Law Group","og_url":"https:\/\/vistaslawgroup.com\/es\/abogado-de-fideicomisos-en-california\/","og_site_name":"Vistas Law Group","article_modified_time":"2024-06-20T04:32:43+00:00","twitter_card":"summary_large_image","twitter_misc":{"Tiempo de lectura":"4 minutos"},"schema":{"@context":"https:\/\/schema.org","@graph":[{"@type":"WebPage","@id":"https:\/\/vistaslawgroup.com\/es\/abogado-de-fideicomisos-en-california\/","url":"https:\/\/vistaslawgroup.com\/es\/abogado-de-fideicomisos-en-california\/","name":"Abogado De Fideicomisos En California - Vistas Law Group","isPartOf":{"@id":"https:\/\/vistaslawgroup.com\/es\/#website"},"datePublished":"2023-10-19T21:26:02+00:00","dateModified":"2024-06-20T04:32:43+00:00","description":"Vistas Law Group","breadcrumb":{"@id":"https:\/\/vistaslawgroup.com\/es\/abogado-de-fideicomisos-en-california\/#breadcrumb"},"inLanguage":"es","potentialAction":[{"@type":"ReadAction","target":["https:\/\/vistaslawgroup.com\/es\/abogado-de-fideicomisos-en-california\/"]}]},{"@type":"BreadcrumbList","@id":"https:\/\/vistaslawgroup.com\/es\/abogado-de-fideicomisos-en-california\/#breadcrumb","itemListElement":[{"@type":"ListItem","position":1,"name":"Home","item":"https:\/\/vistaslawgroup.com\/es\/"},{"@type":"ListItem","position":2,"name":"Abogado De Fideicomisos En California"}]},{"@type":"WebSite","@id":"https:\/\/vistaslawgroup.com\/es\/#website","url":"https:\/\/vistaslawgroup.com\/es\/","name":"Vistas Law Group","description":"","publisher":{"@id":"https:\/\/vistaslawgroup.com\/es\/#organization"},"potentialAction":[{"@type":"SearchAction","target":{"@type":"EntryPoint","urlTemplate":"https:\/\/vistaslawgroup.com\/es\/?s={search_term_string}"},"query-input":{"@type":"PropertyValueSpecification","valueRequired":true,"valueName":"search_term_string"}}],"inLanguage":"es"},{"@type":"Organization","@id":"https:\/\/vistaslawgroup.com\/es\/#organization","name":"Vistas Law Group","url":"https:\/\/vistaslawgroup.com\/es\/","logo":{"@type":"ImageObject","inLanguage":"es","@id":"https:\/\/vistaslawgroup.com\/es\/#\/schema\/logo\/image\/","url":"https:\/\/vistaslawgroup.com\/wp-content\/uploads\/2023\/10\/Vistas.png","contentUrl":"https:\/\/vistaslawgroup.com\/wp-content\/uploads\/2023\/10\/Vistas.png","width":304,"height":73,"caption":"Vistas Law Group"},"image":{"@id":"https:\/\/vistaslawgroup.com\/es\/#\/schema\/logo\/image\/"}}]}},"_links":{"self":[{"href":"https:\/\/vistaslawgroup.com\/es\/wp-json\/wp\/v2\/pages\/7137","targetHints":{"allow":["GET"]}}],"collection":[{"href":"https:\/\/vistaslawgroup.com\/es\/wp-json\/wp\/v2\/pages"}],"about":[{"href":"https:\/\/vistaslawgroup.com\/es\/wp-json\/wp\/v2\/types\/page"}],"author":[{"embeddable":true,"href":"https:\/\/vistaslawgroup.com\/es\/wp-json\/wp\/v2\/users\/2"}],"replies":[{"embeddable":true,"href":"https:\/\/vistaslawgroup.com\/es\/wp-json\/wp\/v2\/comments?post=7137"}],"version-history":[{"count":0,"href":"https:\/\/vistaslawgroup.com\/es\/wp-json\/wp\/v2\/pages\/7137\/revisions"}],"wp:attachment":[{"href":"https:\/\/vistaslawgroup.com\/es\/wp-json\/wp\/v2\/media?parent=7137"}],"curies":[{"name":"wp","href":"https:\/\/api.w.org\/{rel}","templated":true}]}}