{"id":7140,"date":"2023-10-19T21:02:40","date_gmt":"2023-10-19T21:02:40","guid":{"rendered":"https:\/\/vistaslawgroup.com\/will-lawyer\/"},"modified":"2024-06-20T04:34:13","modified_gmt":"2024-06-20T04:34:13","slug":"abogado-de-testamentos-en-california","status":"publish","type":"page","link":"https:\/\/vistaslawgroup.com\/es\/abogado-de-testamentos-en-california\/","title":{"rendered":"Abogado De Testamentos En California"},"content":{"rendered":"<p>Administrar sus activos y planificar el futuro de su familia suele ser una tarea abrumadora. Si bien el tema puede ser emocionalmente intenso, es crucial tomar medidas proactivas para garantizar que sus deseos sean respetados y cumplidos. Un paso importante en este proceso es consultar con un abogado de testamentos. En Vistas Law Group queremos discutir por qu\u00e9 tener un abogado de testamentos especializado es esencial para la planificaci\u00f3n patrimonial en California.<\/p>\n<h2>Por qu\u00e9 Necesita un Abogado de Testamentos para la Planificaci\u00f3n Patrimonial en California<\/h2>\n<p>La planificaci\u00f3n patrimonial no se trata solo de distribuir activos despu\u00e9s de su fallecimiento. Se trata de la tranquilidad, la din\u00e1mica familiar y garantizar que sus activos se utilicen como usted desea. En California, donde las leyes estatales pueden ser diferentes a las de otras partes de los EE. UU., las apuestas son a\u00fan m\u00e1s altas. Las plantillas de \u00abh\u00e1galo usted mismo\u00bb y los formularios gen\u00e9ricos est\u00e1n disponibles en l\u00ednea, pero rara vez se adaptan a sus circunstancias \u00fanicas o cumplen con las normas espec\u00edficas del estado. Un abogado de testamentos hace m\u00e1s que simplemente preparar documentos. Las plantillas y formularios gen\u00e9ricos son limitados por varias razones, incluido el hecho principal de que al contratar a un abogado para redactar su testamento, no solo est\u00e1 contratando a un experto, sino que tambi\u00e9n est\u00e1 asegurando un testigo cre\u00edble que defienda su testamento si alguna vez se impugna en una demanda. Escuchamos sus necesidades, brindamos asesoramiento personalizado y ayudamos a evitar posibles disputas legales en el futuro.<\/p>\n<h2>El Rol de un Abogado de Testamentos en las Preocupaciones de Planificaci\u00f3n Patrimonial<\/h2>\n<p>A medida que envejecemos, nuestras necesidades y situaciones evolucionan, a menudo volvi\u00e9ndose m\u00e1s complejas. En California, regulaciones espec\u00edficas gobiernan estos aspectos, por lo que es esencial consultar con un abogado familiarizado con la ley de sucesiones. Quiz\u00e1s se est\u00e9 preguntando: \u00bfc\u00f3mo me afecta esto? Bueno, un abogado de testamentos experimentado puede guiarlo en la creaci\u00f3n o actualizaci\u00f3n de documentos como poderes notariales, testamentos en vida y directivas de atenci\u00f3n m\u00e9dica, salvaguardando as\u00ed no solo sus activos, sino tambi\u00e9n su calidad de vida.<\/p>\n<h2>Asegurando la Distribuci\u00f3n en California<\/h2>\n<p>Una de las mayores preocupaciones en la planificaci\u00f3n patrimonial es la distribuci\u00f3n prevista de los activos. Ha trabajado duro por lo que tiene y quiere asegurarse de que sus activos se distribuyan de acuerdo a sus deseos. En California, las leyes relativas a la propiedad conyugal y la propiedad separada y la sucesi\u00f3n testamentaria pueden complicar las cosas, afectando todo, desde bienes ra\u00edces hasta cuentas de jubilaci\u00f3n. El objetivo es optimizar sus activos para asegurar que lleguen a los beneficiarios previstos de la manera m\u00e1s econ\u00f3mica posible. Aqu\u00ed es donde entra en juego un abogado de testamentos. Lo ayudamos a navegar por las complejidades de las leyes de California, asegur\u00e1ndose de que su plan patrimonial no solo cumpla, sino que tambi\u00e9n est\u00e9 optimizado para su situaci\u00f3n \u00fanica. As\u00ed que no espere hasta que sea demasiado tarde para salvaguardar lo que tanto ha trabajado para ganar.<\/p>\n<h2>Evitando Sucesiones Testamentarias y Problemas Legales<\/h2>\n<p>A nadie le gusta la idea de que su familia se vea envuelta en batallas legales por su patrimonio. Es por eso que evitar la sucesi\u00f3n testamentaria suele ser una preocupaci\u00f3n importante. Un plan patrimonial bien elaborado, dise\u00f1ado con la ayuda de un abogado de testamentos, a menudo puede conducir a eludir el proceso de sucesi\u00f3n testamentaria, que consume mucho tiempo, es costoso y p\u00fablico, evitando a sus seres queridos un estr\u00e9s innecesario.<\/p>\n<p>Nuestro papel es simplificar este viaje para usted. Desde la formaci\u00f3n de fideicomisos hasta la creaci\u00f3n de cuentas pagaderas al fallecimiento, exploramos m\u00faltiples v\u00edas para aumentar la probabilidad de evitar la sucesi\u00f3n testamentaria, manteniendo sus asuntos personales privados y minimizando los desaf\u00edos legales. Adem\u00e1s, la planificaci\u00f3n temprana puede ayudarlo a aprovechar las leyes y disposiciones que quiz\u00e1s no est\u00e9n disponibles para usted m\u00e1s adelante. Y no se trata solo de evitar conflictos; se trata de un proceso de distribuci\u00f3n de activos econ\u00f3micamente eficiente para que sus beneficiarios puedan recibir lo que les corresponde leg\u00edtimamente con un m\u00ednimo retraso.<\/p>\n<p>Cuanto m\u00e1s eficientemente su patrimonio evite la sucesi\u00f3n testamentaria, m\u00e1s f\u00e1cil ser\u00e1 para su familia ejecutar sus deseos finales sin problemas. Esto podr\u00eda significar la diferencia entre un proceso econ\u00f3micamente eficiente y una batalla legal costosa y prolongada. Un abogado de testamentos puede navegar por estos asuntos complejos por usted, asegurando que el proceso se alinee con sus objetivos y se mantenga fiel a sus intenciones.<\/p>\n<h2>Asegure su Futuro con Vistas Law Group, LLP<\/h2>\n<p>La planificaci\u00f3n patrimonial no tiene por qu\u00e9 ser desalentadora ni complicada. Con la orientaci\u00f3n adecuada, puede garantizar su tranquilidad y la seguridad de sus seres queridos. Si est\u00e1 buscando abogados especializados en derecho patrimonial que sean dedicados y accesibles y que atiendan a clientes en California, su b\u00fasqueda termina aqu\u00ed.<\/p>\n<p>Llame a Vistas Law Group, LLP, para hablar con un abogado en Los \u00c1ngeles al <a href=\"tel:213-745-8747\">213-745-8747<\/a> o en Inland Empire al <a href=\"tel:909-415-0540\">909-415-0540<\/a>, o <a href=\"https:\/\/vistaslawgroup.com\/es\/contactenos\/\">cont\u00e1ctenos<\/a> en l\u00ednea para programar una consulta. La planificaci\u00f3n patrimonial es un proceso colaborativo. Estamos aqu\u00ed para escuchar, guiar y ayudarle a tomar decisiones bien informadas. Comun\u00edquese hoy mismo y comencemos a planificar para su tranquilidad.<\/p>\n","protected":false},"excerpt":{"rendered":"<p>Administrar sus activos y planificar el futuro de su familia suele ser una tarea abrumadora. Si bien el tema puede ser emocionalmente intenso, es crucial tomar medidas proactivas para garantizar que sus deseos sean respetados y cumplidos. Un paso importante en este proceso es consultar con un abogado de testamentos. En Vistas Law Group queremos&hellip;<\/p>\n","protected":false},"author":2,"featured_media":0,"parent":0,"menu_order":0,"comment_status":"closed","ping_status":"closed","template":"","meta":{"_acf_changed":false,"inline_featured_image":false,"footnotes":""},"class_list":["post-7140","page","type-page","status-publish","hentry"],"acf":[],"yoast_head":"<!-- This site is optimized with the Yoast SEO plugin v27.5 - https:\/\/yoast.com\/product\/yoast-seo-wordpress\/ -->\n<title>Abogado De Testamentos En California - Vistas Law Group<\/title>\n<meta name=\"description\" content=\"Vistas Law Group\" \/>\n<meta name=\"robots\" content=\"index, follow, max-snippet:-1, max-image-preview:large, max-video-preview:-1\" \/>\n<link rel=\"canonical\" href=\"https:\/\/vistaslawgroup.com\/es\/abogado-de-testamentos-en-california\/\" \/>\n<meta property=\"og:locale\" content=\"es_ES\" \/>\n<meta property=\"og:type\" content=\"article\" \/>\n<meta property=\"og:title\" content=\"Abogado De Testamentos En California - Vistas Law Group\" \/>\n<meta property=\"og:description\" content=\"Vistas Law Group\" \/>\n<meta property=\"og:url\" content=\"https:\/\/vistaslawgroup.com\/es\/abogado-de-testamentos-en-california\/\" \/>\n<meta property=\"og:site_name\" content=\"Vistas Law Group\" \/>\n<meta property=\"article:modified_time\" content=\"2024-06-20T04:34:13+00:00\" \/>\n<meta name=\"twitter:card\" content=\"summary_large_image\" \/>\n<meta name=\"twitter:label1\" content=\"Tiempo de lectura\" \/>\n\t<meta name=\"twitter:data1\" content=\"4 minutos\" \/>\n<script type=\"application\/ld+json\" class=\"yoast-schema-graph\">{\"@context\":\"https:\\\/\\\/schema.org\",\"@graph\":[{\"@type\":\"WebPage\",\"@id\":\"https:\\\/\\\/vistaslawgroup.com\\\/es\\\/abogado-de-testamentos-en-california\\\/\",\"url\":\"https:\\\/\\\/vistaslawgroup.com\\\/es\\\/abogado-de-testamentos-en-california\\\/\",\"name\":\"Abogado De Testamentos En California - Vistas Law Group\",\"isPartOf\":{\"@id\":\"https:\\\/\\\/vistaslawgroup.com\\\/es\\\/#website\"},\"datePublished\":\"2023-10-19T21:02:40+00:00\",\"dateModified\":\"2024-06-20T04:34:13+00:00\",\"description\":\"Vistas Law Group\",\"breadcrumb\":{\"@id\":\"https:\\\/\\\/vistaslawgroup.com\\\/es\\\/abogado-de-testamentos-en-california\\\/#breadcrumb\"},\"inLanguage\":\"es\",\"potentialAction\":[{\"@type\":\"ReadAction\",\"target\":[\"https:\\\/\\\/vistaslawgroup.com\\\/es\\\/abogado-de-testamentos-en-california\\\/\"]}]},{\"@type\":\"BreadcrumbList\",\"@id\":\"https:\\\/\\\/vistaslawgroup.com\\\/es\\\/abogado-de-testamentos-en-california\\\/#breadcrumb\",\"itemListElement\":[{\"@type\":\"ListItem\",\"position\":1,\"name\":\"Home\",\"item\":\"https:\\\/\\\/vistaslawgroup.com\\\/es\\\/\"},{\"@type\":\"ListItem\",\"position\":2,\"name\":\"Abogado De Testamentos En California\"}]},{\"@type\":\"WebSite\",\"@id\":\"https:\\\/\\\/vistaslawgroup.com\\\/es\\\/#website\",\"url\":\"https:\\\/\\\/vistaslawgroup.com\\\/es\\\/\",\"name\":\"Vistas Law Group\",\"description\":\"\",\"publisher\":{\"@id\":\"https:\\\/\\\/vistaslawgroup.com\\\/es\\\/#organization\"},\"potentialAction\":[{\"@type\":\"SearchAction\",\"target\":{\"@type\":\"EntryPoint\",\"urlTemplate\":\"https:\\\/\\\/vistaslawgroup.com\\\/es\\\/?s={search_term_string}\"},\"query-input\":{\"@type\":\"PropertyValueSpecification\",\"valueRequired\":true,\"valueName\":\"search_term_string\"}}],\"inLanguage\":\"es\"},{\"@type\":\"Organization\",\"@id\":\"https:\\\/\\\/vistaslawgroup.com\\\/es\\\/#organization\",\"name\":\"Vistas Law Group\",\"url\":\"https:\\\/\\\/vistaslawgroup.com\\\/es\\\/\",\"logo\":{\"@type\":\"ImageObject\",\"inLanguage\":\"es\",\"@id\":\"https:\\\/\\\/vistaslawgroup.com\\\/es\\\/#\\\/schema\\\/logo\\\/image\\\/\",\"url\":\"https:\\\/\\\/vistaslawgroup.com\\\/wp-content\\\/uploads\\\/2023\\\/10\\\/Vistas.png\",\"contentUrl\":\"https:\\\/\\\/vistaslawgroup.com\\\/wp-content\\\/uploads\\\/2023\\\/10\\\/Vistas.png\",\"width\":304,\"height\":73,\"caption\":\"Vistas Law Group\"},\"image\":{\"@id\":\"https:\\\/\\\/vistaslawgroup.com\\\/es\\\/#\\\/schema\\\/logo\\\/image\\\/\"}}]}<\/script>\n<!-- \/ Yoast SEO plugin. -->","yoast_head_json":{"title":"Abogado De Testamentos En California - Vistas Law Group","description":"Vistas Law Group","robots":{"index":"index","follow":"follow","max-snippet":"max-snippet:-1","max-image-preview":"max-image-preview:large","max-video-preview":"max-video-preview:-1"},"canonical":"https:\/\/vistaslawgroup.com\/es\/abogado-de-testamentos-en-california\/","og_locale":"es_ES","og_type":"article","og_title":"Abogado De Testamentos En California - Vistas Law Group","og_description":"Vistas Law Group","og_url":"https:\/\/vistaslawgroup.com\/es\/abogado-de-testamentos-en-california\/","og_site_name":"Vistas Law Group","article_modified_time":"2024-06-20T04:34:13+00:00","twitter_card":"summary_large_image","twitter_misc":{"Tiempo de lectura":"4 minutos"},"schema":{"@context":"https:\/\/schema.org","@graph":[{"@type":"WebPage","@id":"https:\/\/vistaslawgroup.com\/es\/abogado-de-testamentos-en-california\/","url":"https:\/\/vistaslawgroup.com\/es\/abogado-de-testamentos-en-california\/","name":"Abogado De Testamentos En California - Vistas Law Group","isPartOf":{"@id":"https:\/\/vistaslawgroup.com\/es\/#website"},"datePublished":"2023-10-19T21:02:40+00:00","dateModified":"2024-06-20T04:34:13+00:00","description":"Vistas Law Group","breadcrumb":{"@id":"https:\/\/vistaslawgroup.com\/es\/abogado-de-testamentos-en-california\/#breadcrumb"},"inLanguage":"es","potentialAction":[{"@type":"ReadAction","target":["https:\/\/vistaslawgroup.com\/es\/abogado-de-testamentos-en-california\/"]}]},{"@type":"BreadcrumbList","@id":"https:\/\/vistaslawgroup.com\/es\/abogado-de-testamentos-en-california\/#breadcrumb","itemListElement":[{"@type":"ListItem","position":1,"name":"Home","item":"https:\/\/vistaslawgroup.com\/es\/"},{"@type":"ListItem","position":2,"name":"Abogado De Testamentos En California"}]},{"@type":"WebSite","@id":"https:\/\/vistaslawgroup.com\/es\/#website","url":"https:\/\/vistaslawgroup.com\/es\/","name":"Vistas Law Group","description":"","publisher":{"@id":"https:\/\/vistaslawgroup.com\/es\/#organization"},"potentialAction":[{"@type":"SearchAction","target":{"@type":"EntryPoint","urlTemplate":"https:\/\/vistaslawgroup.com\/es\/?s={search_term_string}"},"query-input":{"@type":"PropertyValueSpecification","valueRequired":true,"valueName":"search_term_string"}}],"inLanguage":"es"},{"@type":"Organization","@id":"https:\/\/vistaslawgroup.com\/es\/#organization","name":"Vistas Law Group","url":"https:\/\/vistaslawgroup.com\/es\/","logo":{"@type":"ImageObject","inLanguage":"es","@id":"https:\/\/vistaslawgroup.com\/es\/#\/schema\/logo\/image\/","url":"https:\/\/vistaslawgroup.com\/wp-content\/uploads\/2023\/10\/Vistas.png","contentUrl":"https:\/\/vistaslawgroup.com\/wp-content\/uploads\/2023\/10\/Vistas.png","width":304,"height":73,"caption":"Vistas Law Group"},"image":{"@id":"https:\/\/vistaslawgroup.com\/es\/#\/schema\/logo\/image\/"}}]}},"_links":{"self":[{"href":"https:\/\/vistaslawgroup.com\/es\/wp-json\/wp\/v2\/pages\/7140","targetHints":{"allow":["GET"]}}],"collection":[{"href":"https:\/\/vistaslawgroup.com\/es\/wp-json\/wp\/v2\/pages"}],"about":[{"href":"https:\/\/vistaslawgroup.com\/es\/wp-json\/wp\/v2\/types\/page"}],"author":[{"embeddable":true,"href":"https:\/\/vistaslawgroup.com\/es\/wp-json\/wp\/v2\/users\/2"}],"replies":[{"embeddable":true,"href":"https:\/\/vistaslawgroup.com\/es\/wp-json\/wp\/v2\/comments?post=7140"}],"version-history":[{"count":0,"href":"https:\/\/vistaslawgroup.com\/es\/wp-json\/wp\/v2\/pages\/7140\/revisions"}],"wp:attachment":[{"href":"https:\/\/vistaslawgroup.com\/es\/wp-json\/wp\/v2\/media?parent=7140"}],"curies":[{"name":"wp","href":"https:\/\/api.w.org\/{rel}","templated":true}]}}