{"id":7143,"date":"2024-04-02T03:50:41","date_gmt":"2024-04-02T03:50:41","guid":{"rendered":"https:\/\/vistaslawgroup.com\/administration-disputes-in-california\/"},"modified":"2024-06-20T04:35:55","modified_gmt":"2024-06-20T04:35:55","slug":"disputas-en-la-administracion-de-sucesiones-en-california","status":"publish","type":"page","link":"https:\/\/vistaslawgroup.com\/es\/disputas-en-la-administracion-de-sucesiones-en-california\/","title":{"rendered":"Disputas En La Administraci\u00f3n De Sucesiones En California"},"content":{"rendered":"<p>En Vistas Law Group, entendemos que lidiar con la administraci\u00f3n de un patrimonio en California puede ser un proceso desafiante y emocional. Cuando surgen disputas, pueden complicar el proceso y agregar estr\u00e9s durante un momento de duelo. Ah\u00ed es donde entra nuestro equipo. Estamos comprometidos a brindar soluciones compasivas y efectivas para las disputas de administraci\u00f3n. Nuestros servicios biling\u00fces en ingl\u00e9s y espa\u00f1ol garantizan que todos nuestros clientes reciban el apoyo que comprenden. Ya sea un desacuerdo sobre la interpretaci\u00f3n de un testamento, conflictos entre beneficiarios o desaf\u00edos a las acciones del albacea, estamos aqu\u00ed para guiarlo en cada paso con comprensi\u00f3n y profesionalismo.<\/p>\n<h2>Entendiendo las Disputas en la Administraci\u00f3n de Sucesiones en California<\/h2>\n<p>Las disputas de administraci\u00f3n de sucesiones en California pueden ser diversas y complejas. Estas disputas a menudo surgen de una multitud de problemas, cada uno de los cuales requiere una interpretaci\u00f3n legal cuidadosa y un enfoque sensible. En Vistas Law Group, nuestro conocimiento de la ley de sucesiones de California nos posiciona para manejar estos desaf\u00edos con destreza. A continuaci\u00f3n, se muestra un an\u00e1lisis m\u00e1s detallado de lo que puede provocar estas disputas y c\u00f3mo las gestionamos:<\/p>\n<ol>\n<li><b>Validez del Testamento:<\/b> Pueden surgir disputas si se impugna el testamento, tal vez debido a acusaciones de influencia indebida, fraude o falta de capacidad mental en el momento de su creaci\u00f3n. Nuestro equipo est\u00e1 capacitado para investigar estos reclamos, recopilar las pruebas necesarias y representar sus intereses en la corte de sucesiones.<\/li>\n<li><b>Manejo de Bienes Patrimoniales: <\/b>Pueden surgir conflictos sobre c\u00f3mo el albacea o administrador del patrimonio est\u00e1 manejando los bienes. Las preocupaciones pueden incluir mala administraci\u00f3n, autocontrataci\u00f3n o falta de contabilizaci\u00f3n o distribuci\u00f3n adecuada de los bienes. Brindamos supervisi\u00f3n y asesoramiento legal, asegurando que el patrimonio se gestione de acuerdo con la ley y las intenciones del difunto.<\/li>\n<li><b>Distribuci\u00f3n de Bienes a los Beneficiarios:<\/b> A menudo surgen desacuerdos con respecto a la distribuci\u00f3n de bienes. Esto puede involucrar disputas sobre la interpretaci\u00f3n del testamento o fideicomiso, o desaf\u00edos de herederos omitidos. Nuestros abogados trabajan para mediar en estas disputas, con el objetivo de lograr resoluciones que respeten los t\u00e9rminos del testamento y los derechos de todos los beneficiarios.<\/li>\n<li><b>Desaf\u00edos en la Interpretaci\u00f3n:<\/b> Las ambig\u00fcedades en un testamento o documento de fideicomiso pueden conducir a diferentes interpretaciones entre beneficiarios o albaceas. Aportamos claridad a estas situaciones, a menudo utilizando la mediaci\u00f3n para llegar a un consenso que se alinee con los deseos del fallecido.<\/li>\n<li><b>Din\u00e1mica Familiar: <\/b>La din\u00e1mica familiar emocional puede intensificar las disputas, especialmente en familias ensambladas o donde hay un historial de conflictos. Nuestro enfoque incluye una negociaci\u00f3n emp\u00e1tica pero firme, con el objetivo de preservar las relaciones familiares siempre que sea posible.<\/li>\n<li><b>Cumplimiento Legal y Plazos: <\/b>La ley de sucesiones de California tiene requisitos legales y plazos espec\u00edficos que deben cumplirse en el proceso de administraci\u00f3n. Nos aseguramos de que todas las obligaciones legales se cumplan a tiempo, evitando posibles dificultades legales y disputas.<\/li>\n<li><b>Protegiendo Sus Intereses:<\/b> En cada caso, nuestro objetivo principal es proteger sus intereses, ya sea albacea, beneficiario o parte interesada involucrada en la disputa. Ofrecemos estrategias legales personalizadas dise\u00f1adas para asegurar un resultado justo y equitativo.<\/li>\n<\/ol>\n<h2>El Papel de un Abogado Calificado en Sucesiones en las Disputas de Administraci\u00f3n<\/h2>\n<p>Tener un abogado calificado en sucesiones a su lado es crucial cuando enfrenta disputas de administraci\u00f3n en California. En Vistas Law Group, nuestra experiencia en derecho de sucesiones nos permite brindar asesoramiento estrat\u00e9gico y representaci\u00f3n s\u00f3lida. Somos expertos en el manejo de negociaciones, mediaciones y, si es necesario, procedimientos judiciales. Nuestro objetivo es garantizar que el proceso de administraci\u00f3n de la sucesi\u00f3n sea justo y transparente, reflejando las verdaderas intenciones del difunto. Priorizamos la comunicaci\u00f3n clara, asegur\u00e1ndonos de que est\u00e9 informado y capacitado en cada etapa de la disputa.<\/p>\n<h2>Resolviendo Disputas Testamentarias con Compasi\u00f3n y Eficiencia<\/h2>\n<p>Las disputas durante la administraci\u00f3n de sucesiones pueden ser complejas y estar cargadas de emociones. Nuestro equipo en Vistas Law Group aborda cada caso con una combinaci\u00f3n de compasi\u00f3n y eficiencia. Entendemos la naturaleza delicada de estas disputas y trabajamos incansablemente para lograr resoluciones que mantengan la armon\u00eda familiar y respeten el legado del difunto. Ya sea a trav\u00e9s de la negociaci\u00f3n, la mediaci\u00f3n o el litigio, estamos comprometidos a proteger sus intereses y lograr un resultado que se alinee con los principios de equidad y justicia.<\/p>\n<h2>Cont\u00e1ctenos para una Resoluci\u00f3n Personalizada de Disputas Testamentarias en California<\/h2>\n<p>Si se enfrenta a una disputa de administraci\u00f3n de sucesiones en California, comun\u00edquese con nosotros en Vistas Law Group. Para hablar con un abogado en Los \u00c1ngeles, llame al <a href=\"tel:213-745-8747\">213-745-8747<\/a> o en Inland Empire al <a href=\"tel:909-415-0540\">909-415-0540<\/a>. Alternativamente, <a href=\"https:\/\/vistaslawgroup.com\/es\/contactenos\/\">cont\u00e1ctenos<\/a> en l\u00ednea para programar una consulta con un abogado de sucesiones dedicado que atiende a clientes en California. Trabajemos juntos para encontrar una soluci\u00f3n que honre el legado de su ser querido y le brinde tranquilidad.<\/p>\n","protected":false},"excerpt":{"rendered":"<p>En Vistas Law Group, entendemos que lidiar con la administraci\u00f3n de un patrimonio en California puede ser un proceso desafiante y emocional. Cuando surgen disputas, pueden complicar el proceso y agregar estr\u00e9s durante un momento de duelo. Ah\u00ed es donde entra nuestro equipo. Estamos comprometidos a brindar soluciones compasivas y efectivas para las disputas de&hellip;<\/p>\n","protected":false},"author":10,"featured_media":0,"parent":0,"menu_order":0,"comment_status":"closed","ping_status":"closed","template":"","meta":{"_acf_changed":false,"inline_featured_image":false,"footnotes":""},"class_list":["post-7143","page","type-page","status-publish","hentry"],"acf":[],"yoast_head":"<!-- This site is optimized with the Yoast SEO plugin v27.5 - https:\/\/yoast.com\/product\/yoast-seo-wordpress\/ -->\n<title>Disputas En La Administraci\u00f3n De Sucesiones En California - Vistas Law Group<\/title>\n<meta name=\"description\" content=\"Vistas Law Group\" \/>\n<meta name=\"robots\" content=\"index, follow, max-snippet:-1, max-image-preview:large, max-video-preview:-1\" \/>\n<link rel=\"canonical\" href=\"https:\/\/vistaslawgroup.com\/es\/disputas-en-la-administracion-de-sucesiones-en-california\/\" \/>\n<meta property=\"og:locale\" content=\"es_ES\" \/>\n<meta property=\"og:type\" content=\"article\" \/>\n<meta property=\"og:title\" content=\"Disputas En La Administraci\u00f3n De Sucesiones En California - Vistas Law Group\" \/>\n<meta property=\"og:description\" content=\"Vistas Law Group\" \/>\n<meta property=\"og:url\" content=\"https:\/\/vistaslawgroup.com\/es\/disputas-en-la-administracion-de-sucesiones-en-california\/\" \/>\n<meta property=\"og:site_name\" content=\"Vistas Law Group\" \/>\n<meta property=\"article:modified_time\" content=\"2024-06-20T04:35:55+00:00\" \/>\n<meta name=\"twitter:card\" content=\"summary_large_image\" \/>\n<meta name=\"twitter:label1\" content=\"Tiempo de lectura\" \/>\n\t<meta name=\"twitter:data1\" content=\"4 minutos\" \/>\n<script type=\"application\/ld+json\" class=\"yoast-schema-graph\">{\"@context\":\"https:\\\/\\\/schema.org\",\"@graph\":[{\"@type\":\"WebPage\",\"@id\":\"https:\\\/\\\/vistaslawgroup.com\\\/es\\\/disputas-en-la-administracion-de-sucesiones-en-california\\\/\",\"url\":\"https:\\\/\\\/vistaslawgroup.com\\\/es\\\/disputas-en-la-administracion-de-sucesiones-en-california\\\/\",\"name\":\"Disputas En La Administraci\u00f3n De Sucesiones En California - Vistas Law Group\",\"isPartOf\":{\"@id\":\"https:\\\/\\\/vistaslawgroup.com\\\/es\\\/#website\"},\"datePublished\":\"2024-04-02T03:50:41+00:00\",\"dateModified\":\"2024-06-20T04:35:55+00:00\",\"description\":\"Vistas Law Group\",\"breadcrumb\":{\"@id\":\"https:\\\/\\\/vistaslawgroup.com\\\/es\\\/disputas-en-la-administracion-de-sucesiones-en-california\\\/#breadcrumb\"},\"inLanguage\":\"es\",\"potentialAction\":[{\"@type\":\"ReadAction\",\"target\":[\"https:\\\/\\\/vistaslawgroup.com\\\/es\\\/disputas-en-la-administracion-de-sucesiones-en-california\\\/\"]}]},{\"@type\":\"BreadcrumbList\",\"@id\":\"https:\\\/\\\/vistaslawgroup.com\\\/es\\\/disputas-en-la-administracion-de-sucesiones-en-california\\\/#breadcrumb\",\"itemListElement\":[{\"@type\":\"ListItem\",\"position\":1,\"name\":\"Home\",\"item\":\"https:\\\/\\\/vistaslawgroup.com\\\/es\\\/\"},{\"@type\":\"ListItem\",\"position\":2,\"name\":\"Disputas En La Administraci\u00f3n De Sucesiones En California\"}]},{\"@type\":\"WebSite\",\"@id\":\"https:\\\/\\\/vistaslawgroup.com\\\/es\\\/#website\",\"url\":\"https:\\\/\\\/vistaslawgroup.com\\\/es\\\/\",\"name\":\"Vistas Law Group\",\"description\":\"\",\"publisher\":{\"@id\":\"https:\\\/\\\/vistaslawgroup.com\\\/es\\\/#organization\"},\"potentialAction\":[{\"@type\":\"SearchAction\",\"target\":{\"@type\":\"EntryPoint\",\"urlTemplate\":\"https:\\\/\\\/vistaslawgroup.com\\\/es\\\/?s={search_term_string}\"},\"query-input\":{\"@type\":\"PropertyValueSpecification\",\"valueRequired\":true,\"valueName\":\"search_term_string\"}}],\"inLanguage\":\"es\"},{\"@type\":\"Organization\",\"@id\":\"https:\\\/\\\/vistaslawgroup.com\\\/es\\\/#organization\",\"name\":\"Vistas Law Group\",\"url\":\"https:\\\/\\\/vistaslawgroup.com\\\/es\\\/\",\"logo\":{\"@type\":\"ImageObject\",\"inLanguage\":\"es\",\"@id\":\"https:\\\/\\\/vistaslawgroup.com\\\/es\\\/#\\\/schema\\\/logo\\\/image\\\/\",\"url\":\"https:\\\/\\\/vistaslawgroup.com\\\/wp-content\\\/uploads\\\/2023\\\/10\\\/Vistas.png\",\"contentUrl\":\"https:\\\/\\\/vistaslawgroup.com\\\/wp-content\\\/uploads\\\/2023\\\/10\\\/Vistas.png\",\"width\":304,\"height\":73,\"caption\":\"Vistas Law Group\"},\"image\":{\"@id\":\"https:\\\/\\\/vistaslawgroup.com\\\/es\\\/#\\\/schema\\\/logo\\\/image\\\/\"}}]}<\/script>\n<!-- \/ Yoast SEO plugin. -->","yoast_head_json":{"title":"Disputas En La Administraci\u00f3n De Sucesiones En California - Vistas Law Group","description":"Vistas Law Group","robots":{"index":"index","follow":"follow","max-snippet":"max-snippet:-1","max-image-preview":"max-image-preview:large","max-video-preview":"max-video-preview:-1"},"canonical":"https:\/\/vistaslawgroup.com\/es\/disputas-en-la-administracion-de-sucesiones-en-california\/","og_locale":"es_ES","og_type":"article","og_title":"Disputas En La Administraci\u00f3n De Sucesiones En California - Vistas Law Group","og_description":"Vistas Law Group","og_url":"https:\/\/vistaslawgroup.com\/es\/disputas-en-la-administracion-de-sucesiones-en-california\/","og_site_name":"Vistas Law Group","article_modified_time":"2024-06-20T04:35:55+00:00","twitter_card":"summary_large_image","twitter_misc":{"Tiempo de lectura":"4 minutos"},"schema":{"@context":"https:\/\/schema.org","@graph":[{"@type":"WebPage","@id":"https:\/\/vistaslawgroup.com\/es\/disputas-en-la-administracion-de-sucesiones-en-california\/","url":"https:\/\/vistaslawgroup.com\/es\/disputas-en-la-administracion-de-sucesiones-en-california\/","name":"Disputas En La Administraci\u00f3n De Sucesiones En California - Vistas Law Group","isPartOf":{"@id":"https:\/\/vistaslawgroup.com\/es\/#website"},"datePublished":"2024-04-02T03:50:41+00:00","dateModified":"2024-06-20T04:35:55+00:00","description":"Vistas Law Group","breadcrumb":{"@id":"https:\/\/vistaslawgroup.com\/es\/disputas-en-la-administracion-de-sucesiones-en-california\/#breadcrumb"},"inLanguage":"es","potentialAction":[{"@type":"ReadAction","target":["https:\/\/vistaslawgroup.com\/es\/disputas-en-la-administracion-de-sucesiones-en-california\/"]}]},{"@type":"BreadcrumbList","@id":"https:\/\/vistaslawgroup.com\/es\/disputas-en-la-administracion-de-sucesiones-en-california\/#breadcrumb","itemListElement":[{"@type":"ListItem","position":1,"name":"Home","item":"https:\/\/vistaslawgroup.com\/es\/"},{"@type":"ListItem","position":2,"name":"Disputas En La Administraci\u00f3n De Sucesiones En California"}]},{"@type":"WebSite","@id":"https:\/\/vistaslawgroup.com\/es\/#website","url":"https:\/\/vistaslawgroup.com\/es\/","name":"Vistas Law Group","description":"","publisher":{"@id":"https:\/\/vistaslawgroup.com\/es\/#organization"},"potentialAction":[{"@type":"SearchAction","target":{"@type":"EntryPoint","urlTemplate":"https:\/\/vistaslawgroup.com\/es\/?s={search_term_string}"},"query-input":{"@type":"PropertyValueSpecification","valueRequired":true,"valueName":"search_term_string"}}],"inLanguage":"es"},{"@type":"Organization","@id":"https:\/\/vistaslawgroup.com\/es\/#organization","name":"Vistas Law Group","url":"https:\/\/vistaslawgroup.com\/es\/","logo":{"@type":"ImageObject","inLanguage":"es","@id":"https:\/\/vistaslawgroup.com\/es\/#\/schema\/logo\/image\/","url":"https:\/\/vistaslawgroup.com\/wp-content\/uploads\/2023\/10\/Vistas.png","contentUrl":"https:\/\/vistaslawgroup.com\/wp-content\/uploads\/2023\/10\/Vistas.png","width":304,"height":73,"caption":"Vistas Law Group"},"image":{"@id":"https:\/\/vistaslawgroup.com\/es\/#\/schema\/logo\/image\/"}}]}},"_links":{"self":[{"href":"https:\/\/vistaslawgroup.com\/es\/wp-json\/wp\/v2\/pages\/7143","targetHints":{"allow":["GET"]}}],"collection":[{"href":"https:\/\/vistaslawgroup.com\/es\/wp-json\/wp\/v2\/pages"}],"about":[{"href":"https:\/\/vistaslawgroup.com\/es\/wp-json\/wp\/v2\/types\/page"}],"author":[{"embeddable":true,"href":"https:\/\/vistaslawgroup.com\/es\/wp-json\/wp\/v2\/users\/10"}],"replies":[{"embeddable":true,"href":"https:\/\/vistaslawgroup.com\/es\/wp-json\/wp\/v2\/comments?post=7143"}],"version-history":[{"count":0,"href":"https:\/\/vistaslawgroup.com\/es\/wp-json\/wp\/v2\/pages\/7143\/revisions"}],"wp:attachment":[{"href":"https:\/\/vistaslawgroup.com\/es\/wp-json\/wp\/v2\/media?parent=7143"}],"curies":[{"name":"wp","href":"https:\/\/api.w.org\/{rel}","templated":true}]}}