{"id":7148,"date":"2023-12-17T06:43:40","date_gmt":"2023-12-17T06:43:40","guid":{"rendered":"https:\/\/vistaslawgroup.com\/estate-litigation\/"},"modified":"2024-06-20T04:38:33","modified_gmt":"2024-06-20T04:38:33","slug":"litigios-sucesorios","status":"publish","type":"page","link":"https:\/\/vistaslawgroup.com\/es\/litigios-sucesorios\/","title":{"rendered":"Litigios Sucesorios"},"content":{"rendered":"<p>En Vistas Law Group, entendemos que los litigios sucesorios pueden ser desalentadores. Enfrentar disputas legales sobre el patrimonio de un ser querido puede aumentar la carga emocional de la p\u00e9rdida. Pero no est\u00e1 solo en este viaje. Nuestro enfoque en California es brindar una gu\u00eda clara y compasiva a trav\u00e9s de las complejidades de los litigios sucesorios. Nos esforzamos por resolver las disputas de manera eficiente y con una profunda comprensi\u00f3n de su situaci\u00f3n \u00fanica. Ya sea impugnando un testamento, abordando el incumplimiento de los deberes fiduciarios o cualquier otro conflicto relacionado con el patrimonio, estamos aqu\u00ed para ayudarlo a superar estos desaf\u00edos con facilidad y confianza.<\/p>\n<h2>Tipos Comunes de Litigios Sucesorios<\/h2>\n<p>Los litigios sucesorios abarcan una variedad de disputas legales que pueden surgir despu\u00e9s del fallecimiento de alguien, especialmente cuando se trata de la distribuci\u00f3n de sus bienes. Profundicemos en algunos de los tipos comunes de litigios sucesorios:<\/p>\n<ol>\n<li><b>Impugnaci\u00f3n de Testamentos:<\/b> Estos son desaf\u00edos legales a la validez del testamento de una persona fallecida. Por lo general, surgen cuando un beneficiario o un posible beneficiario cree que el testamento no refleja con precisi\u00f3n las intenciones del fallecido. Los motivos comunes para impugnar un testamento incluyen:<\/li>\n<\/ol>\n<ul>\n<li><b>Falta de Capacidad Testamentaria: <\/b>Argumentar que la persona que hizo el testamento (el testador) no ten\u00eda la capacidad mental para comprender el alcance de sus bienes, qui\u00e9n deber\u00eda heredarlos l\u00f3gicamente o los efectos legales de crear un testamento.<\/li>\n<li><b>Influencia Indebida: <\/b>Alegar que el testador fue presionado o manipulado para que hiciera el testamento de cierta manera, a menudo en beneficio de una persona en particular.<\/li>\n<li><b>Fraude o Falsificaci\u00f3n: <\/b>Alegar que el testamento es fraudulento, por ejemplo, si alguien falsific\u00f3 la firma del testador o enga\u00f1\u00f3 al testador para que lo firmara, creyendo que era un documento diferente.<\/li>\n<li><b>Ejecuci\u00f3n Impropia:<\/b> Afirmar que el testamento no se ejecut\u00f3 bajo formalidades legales, como la necesidad de m\u00e1s testigos necesarios.<\/li>\n<\/ul>\n<ol start=\"2\">\n<li><b>Disputas de Fideicomisos:<\/b> Estas involucran conflictos en torno a la administraci\u00f3n de un fideicomiso. Un fideicomiso es un acuerdo legal en el cual los bienes son retenidos por una parte (el fideicomisario) a beneficio de otra (el beneficiario). Las disputas pueden surgir sobre, sin limitaci\u00f3n, lo siguiente:<\/li>\n<\/ol>\n<ul>\n<li><b>Problemas de Administraci\u00f3n: <\/b>desacuerdos sobre la interpretaci\u00f3n de los t\u00e9rminos del fideicomiso o las decisiones del fideicomisario.<\/li>\n<li><b>Incumplimiento del Deber Fiduciario:<\/b> Cuando los beneficiarios creen que el fideicomisario no ha actuado en su mejor inter\u00e9s, ha administrado mal los bienes del fideicomiso o no ha dado cuenta de las acciones tomadas.<\/li>\n<li><b>Remoci\u00f3n del Fideicomisario:<\/b> Solicitar la remoci\u00f3n de un fideicomisario por razones tales como incompetencia, mala conducta o conflicto de intereses.<\/li>\n<li><b>Impugnaci\u00f3n del Fideicomiso: <\/b>Buscar invalidar un fideicomiso basado en, sin limitaci\u00f3n, influencia indebida y falta de capacidad.<\/li>\n<\/ul>\n<ol start=\"3\">\n<li><b>Interpretaci\u00f3n de Documentos Testamentarios:<\/b> A veces, el lenguaje en un testamento, fideicomiso u otros documentos de planificaci\u00f3n patrimonial puede ser poco claro o estar abierto a interpretaci\u00f3n. Se pueden presentar litigios para determinar el significado e intenci\u00f3n correctos de estos documentos.<\/li>\n<li><b>Litigios Fiduciarios:<\/b> Implica acciones legales contra albaceas o fideicomisarios acusados de no cumplir con sus deberes. Los fiduciarios deben actuar en el mejor inter\u00e9s del patrimonio o fideicomiso. Los problemas comunes incluyen:<\/li>\n<\/ol>\n<ul>\n<li><b>Mala Administraci\u00f3n de Bienes:<\/b> Tomar malas decisiones de inversi\u00f3n o malgastar fondos patrimoniales.<\/li>\n<li><b>Falta de Distribuci\u00f3n de Bienes:<\/b> Retrasos o negativas a distribuir bienes a los beneficiarios seg\u00fan lo requiera el testamento o fideicomiso.<\/li>\n<li><b>Falta de Transparencia: <\/b>No informar a los beneficiarios o no proporcionar la contabilidad y la documentaci\u00f3n necesarias.<\/li>\n<\/ul>\n<h2>Atravesando Impugnaciones de Testamentos y Disputas de Fideicomisos<\/h2>\n<p>Las impugnaciones de testamentos y las disputas de fideicomisos pueden ser particularmente desafiantes. A menudo surgen de preocupaciones sobre la influencia indebida, problemas de capacidad o la validez de los documentos del patrimonio. Nuestra funci\u00f3n es brindarle una comprensi\u00f3n clara de sus opciones y derechos legales. Trabajamos diligentemente para reunir pruebas, negociar en su nombre y presentar un caso s\u00f3lido, ya sea en negociaciones o en la corte. Nuestro objetivo es lograr una resoluci\u00f3n que se alinee con la verdadera intenci\u00f3n del patrimonio, manteniendo la armon\u00eda familiar siempre que sea posible.<\/p>\n<h2>Resolver Litigios Fiduciarios<\/h2>\n<p>Las disputas que involucran litigios fiduciarios a menudo giran en torno a las acciones u omisiones de los albaceas o fideicomisarios. Ya sea que se trate de mala gesti\u00f3n, incumplimiento del deber fiduciario o falta de transparencia, nuestro equipo est\u00e1 capacitado para abordar estos problemas de frente. Abogamos por la justicia, la rendici\u00f3n de cuentas y el cumplimiento de las responsabilidades fiduciarias establecidas en la ley de California. Nuestro enfoque es minucioso, garantizando que sus intereses est\u00e9n bien representados y que el patrimonio se administre de manera justa y equitativa.<\/p>\n<h2>Contacte a Vistas Law Group para obtener ayuda con los litigios sucesorios<\/h2>\n<p>Enfrentar un litigio sucesorio puede ser abrumador, pero con Vistas Law Group, tiene un equipo listo para apoyarlo y guiarlo en cada paso. Cont\u00e1ctenos si necesita asistencia con un asunto de litigio sucesorio en California. Llame a Los \u00c1ngeles al <a href=\"tel:213-745-8747\">213-745-8747<\/a> o al Inland Empire al <a href=\"tel:909-415-0540\">909-415-0540<\/a> o en l\u00ednea para programar una consulta.<\/p>\n","protected":false},"excerpt":{"rendered":"<p>En Vistas Law Group, entendemos que los litigios sucesorios pueden ser desalentadores. Enfrentar disputas legales sobre el patrimonio de un ser querido puede aumentar la carga emocional de la p\u00e9rdida. Pero no est\u00e1 solo en este viaje. Nuestro enfoque en California es brindar una gu\u00eda clara y compasiva a trav\u00e9s de las complejidades de los&hellip;<\/p>\n","protected":false},"author":1,"featured_media":0,"parent":0,"menu_order":0,"comment_status":"closed","ping_status":"closed","template":"","meta":{"_acf_changed":false,"inline_featured_image":false,"footnotes":""},"class_list":["post-7148","page","type-page","status-publish","hentry"],"acf":[],"yoast_head":"<!-- This site is optimized with the Yoast SEO plugin v27.5 - https:\/\/yoast.com\/product\/yoast-seo-wordpress\/ -->\n<title>Litigios Sucesorios - Vistas Law Group<\/title>\n<meta name=\"description\" content=\"Vistas Law Group\" \/>\n<meta name=\"robots\" content=\"index, follow, max-snippet:-1, max-image-preview:large, max-video-preview:-1\" \/>\n<link rel=\"canonical\" href=\"https:\/\/vistaslawgroup.com\/es\/litigios-sucesorios\/\" \/>\n<meta property=\"og:locale\" content=\"es_ES\" \/>\n<meta property=\"og:type\" content=\"article\" \/>\n<meta property=\"og:title\" content=\"Litigios Sucesorios - Vistas Law Group\" \/>\n<meta property=\"og:description\" content=\"Vistas Law Group\" \/>\n<meta property=\"og:url\" content=\"https:\/\/vistaslawgroup.com\/es\/litigios-sucesorios\/\" \/>\n<meta property=\"og:site_name\" content=\"Vistas Law Group\" \/>\n<meta property=\"article:modified_time\" content=\"2024-06-20T04:38:33+00:00\" \/>\n<meta name=\"twitter:card\" content=\"summary_large_image\" \/>\n<meta name=\"twitter:label1\" content=\"Tiempo de lectura\" \/>\n\t<meta name=\"twitter:data1\" content=\"4 minutos\" \/>\n<script type=\"application\/ld+json\" class=\"yoast-schema-graph\">{\"@context\":\"https:\\\/\\\/schema.org\",\"@graph\":[{\"@type\":\"WebPage\",\"@id\":\"https:\\\/\\\/vistaslawgroup.com\\\/es\\\/litigios-sucesorios\\\/\",\"url\":\"https:\\\/\\\/vistaslawgroup.com\\\/es\\\/litigios-sucesorios\\\/\",\"name\":\"Litigios Sucesorios - Vistas Law Group\",\"isPartOf\":{\"@id\":\"https:\\\/\\\/vistaslawgroup.com\\\/es\\\/#website\"},\"datePublished\":\"2023-12-17T06:43:40+00:00\",\"dateModified\":\"2024-06-20T04:38:33+00:00\",\"description\":\"Vistas Law Group\",\"breadcrumb\":{\"@id\":\"https:\\\/\\\/vistaslawgroup.com\\\/es\\\/litigios-sucesorios\\\/#breadcrumb\"},\"inLanguage\":\"es\",\"potentialAction\":[{\"@type\":\"ReadAction\",\"target\":[\"https:\\\/\\\/vistaslawgroup.com\\\/es\\\/litigios-sucesorios\\\/\"]}]},{\"@type\":\"BreadcrumbList\",\"@id\":\"https:\\\/\\\/vistaslawgroup.com\\\/es\\\/litigios-sucesorios\\\/#breadcrumb\",\"itemListElement\":[{\"@type\":\"ListItem\",\"position\":1,\"name\":\"Home\",\"item\":\"https:\\\/\\\/vistaslawgroup.com\\\/es\\\/\"},{\"@type\":\"ListItem\",\"position\":2,\"name\":\"Litigios Sucesorios\"}]},{\"@type\":\"WebSite\",\"@id\":\"https:\\\/\\\/vistaslawgroup.com\\\/es\\\/#website\",\"url\":\"https:\\\/\\\/vistaslawgroup.com\\\/es\\\/\",\"name\":\"Vistas Law Group\",\"description\":\"\",\"publisher\":{\"@id\":\"https:\\\/\\\/vistaslawgroup.com\\\/es\\\/#organization\"},\"potentialAction\":[{\"@type\":\"SearchAction\",\"target\":{\"@type\":\"EntryPoint\",\"urlTemplate\":\"https:\\\/\\\/vistaslawgroup.com\\\/es\\\/?s={search_term_string}\"},\"query-input\":{\"@type\":\"PropertyValueSpecification\",\"valueRequired\":true,\"valueName\":\"search_term_string\"}}],\"inLanguage\":\"es\"},{\"@type\":\"Organization\",\"@id\":\"https:\\\/\\\/vistaslawgroup.com\\\/es\\\/#organization\",\"name\":\"Vistas Law Group\",\"url\":\"https:\\\/\\\/vistaslawgroup.com\\\/es\\\/\",\"logo\":{\"@type\":\"ImageObject\",\"inLanguage\":\"es\",\"@id\":\"https:\\\/\\\/vistaslawgroup.com\\\/es\\\/#\\\/schema\\\/logo\\\/image\\\/\",\"url\":\"https:\\\/\\\/vistaslawgroup.com\\\/wp-content\\\/uploads\\\/2023\\\/10\\\/Vistas.png\",\"contentUrl\":\"https:\\\/\\\/vistaslawgroup.com\\\/wp-content\\\/uploads\\\/2023\\\/10\\\/Vistas.png\",\"width\":304,\"height\":73,\"caption\":\"Vistas Law Group\"},\"image\":{\"@id\":\"https:\\\/\\\/vistaslawgroup.com\\\/es\\\/#\\\/schema\\\/logo\\\/image\\\/\"}}]}<\/script>\n<!-- \/ Yoast SEO plugin. -->","yoast_head_json":{"title":"Litigios Sucesorios - Vistas Law Group","description":"Vistas Law Group","robots":{"index":"index","follow":"follow","max-snippet":"max-snippet:-1","max-image-preview":"max-image-preview:large","max-video-preview":"max-video-preview:-1"},"canonical":"https:\/\/vistaslawgroup.com\/es\/litigios-sucesorios\/","og_locale":"es_ES","og_type":"article","og_title":"Litigios Sucesorios - Vistas Law Group","og_description":"Vistas Law Group","og_url":"https:\/\/vistaslawgroup.com\/es\/litigios-sucesorios\/","og_site_name":"Vistas Law Group","article_modified_time":"2024-06-20T04:38:33+00:00","twitter_card":"summary_large_image","twitter_misc":{"Tiempo de lectura":"4 minutos"},"schema":{"@context":"https:\/\/schema.org","@graph":[{"@type":"WebPage","@id":"https:\/\/vistaslawgroup.com\/es\/litigios-sucesorios\/","url":"https:\/\/vistaslawgroup.com\/es\/litigios-sucesorios\/","name":"Litigios Sucesorios - Vistas Law Group","isPartOf":{"@id":"https:\/\/vistaslawgroup.com\/es\/#website"},"datePublished":"2023-12-17T06:43:40+00:00","dateModified":"2024-06-20T04:38:33+00:00","description":"Vistas Law Group","breadcrumb":{"@id":"https:\/\/vistaslawgroup.com\/es\/litigios-sucesorios\/#breadcrumb"},"inLanguage":"es","potentialAction":[{"@type":"ReadAction","target":["https:\/\/vistaslawgroup.com\/es\/litigios-sucesorios\/"]}]},{"@type":"BreadcrumbList","@id":"https:\/\/vistaslawgroup.com\/es\/litigios-sucesorios\/#breadcrumb","itemListElement":[{"@type":"ListItem","position":1,"name":"Home","item":"https:\/\/vistaslawgroup.com\/es\/"},{"@type":"ListItem","position":2,"name":"Litigios Sucesorios"}]},{"@type":"WebSite","@id":"https:\/\/vistaslawgroup.com\/es\/#website","url":"https:\/\/vistaslawgroup.com\/es\/","name":"Vistas Law Group","description":"","publisher":{"@id":"https:\/\/vistaslawgroup.com\/es\/#organization"},"potentialAction":[{"@type":"SearchAction","target":{"@type":"EntryPoint","urlTemplate":"https:\/\/vistaslawgroup.com\/es\/?s={search_term_string}"},"query-input":{"@type":"PropertyValueSpecification","valueRequired":true,"valueName":"search_term_string"}}],"inLanguage":"es"},{"@type":"Organization","@id":"https:\/\/vistaslawgroup.com\/es\/#organization","name":"Vistas Law Group","url":"https:\/\/vistaslawgroup.com\/es\/","logo":{"@type":"ImageObject","inLanguage":"es","@id":"https:\/\/vistaslawgroup.com\/es\/#\/schema\/logo\/image\/","url":"https:\/\/vistaslawgroup.com\/wp-content\/uploads\/2023\/10\/Vistas.png","contentUrl":"https:\/\/vistaslawgroup.com\/wp-content\/uploads\/2023\/10\/Vistas.png","width":304,"height":73,"caption":"Vistas Law Group"},"image":{"@id":"https:\/\/vistaslawgroup.com\/es\/#\/schema\/logo\/image\/"}}]}},"_links":{"self":[{"href":"https:\/\/vistaslawgroup.com\/es\/wp-json\/wp\/v2\/pages\/7148","targetHints":{"allow":["GET"]}}],"collection":[{"href":"https:\/\/vistaslawgroup.com\/es\/wp-json\/wp\/v2\/pages"}],"about":[{"href":"https:\/\/vistaslawgroup.com\/es\/wp-json\/wp\/v2\/types\/page"}],"author":[{"embeddable":true,"href":"https:\/\/vistaslawgroup.com\/es\/wp-json\/wp\/v2\/users\/1"}],"replies":[{"embeddable":true,"href":"https:\/\/vistaslawgroup.com\/es\/wp-json\/wp\/v2\/comments?post=7148"}],"version-history":[{"count":0,"href":"https:\/\/vistaslawgroup.com\/es\/wp-json\/wp\/v2\/pages\/7148\/revisions"}],"wp:attachment":[{"href":"https:\/\/vistaslawgroup.com\/es\/wp-json\/wp\/v2\/media?parent=7148"}],"curies":[{"name":"wp","href":"https:\/\/api.w.org\/{rel}","templated":true}]}}