{"id":7185,"date":"2023-12-14T17:12:59","date_gmt":"2023-12-14T17:12:59","guid":{"rendered":"https:\/\/vistaslawgroup.com\/probate-litigation\/"},"modified":"2024-06-28T04:55:08","modified_gmt":"2024-06-28T04:55:08","slug":"abogado-de-litigios-de-sucesiones","status":"publish","type":"page","link":"https:\/\/vistaslawgroup.com\/es\/abogado-de-litigios-de-sucesiones\/","title":{"rendered":"Abogado De Litigios De Sucesiones"},"content":{"rendered":"<p>El litigio de sucesiones puede ser un proceso complejo, especialmente en California y cuando el asunto es impugnado. En Vistas Law Group, nos esforzamos por guiarlo durante este tiempo dif\u00edcil con claridad y apoyo. Ya sea que est\u00e9 impugnando un testamento, enfrentando una disputa sobre un patrimonio o lidiando con cualquier otro problema relacionado con la sucesi\u00f3n, nuestro equipo est\u00e1 aqu\u00ed para ayudarlo en cada paso. Entendemos el impacto emocional que puede tener el litigio sucesorio y estamos comprometidos a ayudarlo a resolver el asunto mientras luchamos por los mejores resultados para usted.<\/p>\n<h2>Cuestiones Comunes En El Litigio De Sucesiones<\/h2>\n<p>Durante el proceso de sucesi\u00f3n pueden surgir varios problemas que pueden dar lugar a un litigio. Algunos de los problemas m\u00e1s comunes incluyen impugnaciones de testamentos, incumplimiento del deber fiduciario, disputas sobre la distribuci\u00f3n de activos y conflictos relacionados con la interpretaci\u00f3n de un testamento o fideicomiso. En Vistas Law Group, tenemos experiencia en el manejo de su asunto y estamos bien equipados para brindarle el apoyo legal que necesita para comprender estos desaf\u00edos.<\/p>\n<h2>Beneficios De Contratar A Un Abogado De Litigios De Sucesiones<\/h2>\n<p>Contratar a un abogado de litigios de sucesiones puede mejorar significativamente sus posibilidades de lograr un resultado positivo y puede evitar demoras en la resoluci\u00f3n. Con nuestra experiencia y conocimiento de la ley de sucesiones de California, podemos ayudarlo a comprender sus derechos, reunir la evidencia necesaria para respaldar su caso y construir una estrategia legal s\u00f3lida. Nuestro objetivo es ayudarlo a resolver cualquier disputa de la manera m\u00e1s eficiente y favorable posible para que pueda concentrarse en seguir adelante con su vida. Algunos de los beneficios de contratar a un abogado de litigios de sucesiones son los siguientes:<\/p>\n<ol>\n<li>Experiencia y Conocimiento Legal: Los abogados de litigios de sucesiones se especializan en las complejidades de la ley de sucesiones y est\u00e1n actualizados sobre los \u00faltimos desarrollos legales y la jurisprudencia. Aportan una gran cantidad de conocimientos que pueden ser cr\u00edticos para navegar el proceso de sucesi\u00f3n.<\/li>\n<li><b>Asesoramiento Profesional:<\/b> Un abogado de litigios de sucesiones puede guiarlo a trav\u00e9s del proceso, ayud\u00e1ndole a comprender sus derechos y opciones. Pueden brindarle la informaci\u00f3n que necesita para tomar decisiones informadas.<\/li>\n<li><b>Recopilaci\u00f3n y An\u00e1lisis de Evidencia:<\/b> Un abogado puede ayudarlo a reunir y analizar la evidencia necesaria para respaldar su caso. Saben qu\u00e9 tipos de evidencia son m\u00e1s persuasivos y pueden presentarla de manera m\u00e1s efectiva.<\/li>\n<li><b>Habilidades de Negociaci\u00f3n:<\/b> Los abogados son negociadores expertos que pueden trabajar con las partes contrarias para llegar a un acuerdo que sea lo mejor para usted. Pueden ayudarlo a evitar la demora, el costo y el estr\u00e9s de ir a la corte.<\/li>\n<li><b>Representaci\u00f3n en el Tribunal:<\/b> Si su caso llega a juicio, un abogado lo representar\u00e1 en la corte, presentar\u00e1 su caso y abogar\u00e1 en su nombre. Tienen la experiencia y las habilidades para argumentar su caso ante un juez de manera efectiva.<\/li>\n<li><b>Reducci\u00f3n del Estr\u00e9s:<\/b> Lidiar con una disputa sucesoria puede ser estresante y emocional. Tener un abogado que se encargue de los aspectos legales de su caso puede ayudarlo a reducir su estr\u00e9s y darle tranquilidad.<\/li>\n<li><b>Protecci\u00f3n de Sus Derechos e Intereses:<\/b> Un abogado trabajar\u00e1 para proteger sus derechos e intereses y garantizar\u00e1 que reciba lo que le corresponde por ley.<\/li>\n<li><b>Ahorro de Tiempo y Costos: <\/b>Un abogado puede ayudarlo a resolver su disputa de manera m\u00e1s eficiente, ahorr\u00e1ndole tiempo y dinero.<\/li>\n<li><b>Evitar Errores: <\/b>El proceso de sucesi\u00f3n puede ser complejo y confuso. Un abogado puede ayudarlo a evitar errores comunes que podr\u00edan poner en peligro o retrasar su caso.<\/li>\n<li><b>Tranquilidad: <\/b>Saber que tiene un abogado calificado y con experiencia de su lado puede darle tranquilidad y confianza a medida que avanza por el proceso de sucesi\u00f3n.<\/li>\n<\/ol>\n<h2>C\u00f3mo Puede Ayudar Vistas Law Group<\/h2>\n<p>En Vistas Law Group, nos enorgullecemos de nuestra capacidad para brindar representaci\u00f3n legal personalizada y eficaz. Nos tomamos el tiempo para conocerlo y comprender su situaci\u00f3n \u00fanica, lo que nos permite adaptar nuestro enfoque para satisfacer sus necesidades. Nuestro equipo est\u00e1 dedicado a proteger sus derechos e intereses durante todo el proceso de litigio de sucesiones, asegur\u00e1ndose de que reciba la justicia que se merece.<\/p>\n<h2>Cont\u00e1ctenos Hoy Mismo A Vistas Law Group<\/h2>\n<p>No enfrente solo las complejidades del litigio de sucesiones. En Vistas Law Group, estamos aqu\u00ed para brindarle el apoyo y la asesor\u00eda legal que necesita. Ll\u00e1menos en Los \u00c1ngeles al <a href=\"tel:213-745-8747\">213-745-8747<\/a> o Inland Empire al <a href=\"tel:909-415-0540\">909-415-0540<\/a>, o cont\u00e1ctenos en l\u00ednea para programar una consulta con un abogado especializado en litigios sucesorios dedicado a atender a clientes en California. Perm\u00edtanos ayudarlo a atravesar el proceso de sucesi\u00f3n y lograr una resoluci\u00f3n que sea lo mejor para usted.<\/p>\n","protected":false},"excerpt":{"rendered":"<p>El litigio de sucesiones puede ser un proceso complejo, especialmente en California y cuando el asunto es impugnado. En Vistas Law Group, nos esforzamos por guiarlo durante este tiempo dif\u00edcil con claridad y apoyo. Ya sea que est\u00e9 impugnando un testamento, enfrentando una disputa sobre un patrimonio o lidiando con cualquier otro problema relacionado con&hellip;<\/p>\n","protected":false},"author":1,"featured_media":0,"parent":0,"menu_order":0,"comment_status":"closed","ping_status":"closed","template":"","meta":{"_acf_changed":false,"inline_featured_image":false,"footnotes":""},"class_list":["post-7185","page","type-page","status-publish","hentry"],"acf":[],"yoast_head":"<!-- This site is optimized with the Yoast SEO plugin v27.5 - https:\/\/yoast.com\/product\/yoast-seo-wordpress\/ -->\n<title>Abogado De Litigios De Sucesiones - Vistas Law Group<\/title>\n<meta name=\"description\" content=\"Vistas Law Group\" \/>\n<meta name=\"robots\" content=\"index, follow, max-snippet:-1, max-image-preview:large, max-video-preview:-1\" \/>\n<link rel=\"canonical\" href=\"https:\/\/vistaslawgroup.com\/es\/abogado-de-litigios-de-sucesiones\/\" \/>\n<meta property=\"og:locale\" content=\"es_ES\" \/>\n<meta property=\"og:type\" content=\"article\" \/>\n<meta property=\"og:title\" content=\"Abogado De Litigios De Sucesiones - Vistas Law Group\" \/>\n<meta property=\"og:description\" content=\"Vistas Law Group\" \/>\n<meta property=\"og:url\" content=\"https:\/\/vistaslawgroup.com\/es\/abogado-de-litigios-de-sucesiones\/\" \/>\n<meta property=\"og:site_name\" content=\"Vistas Law Group\" \/>\n<meta property=\"article:modified_time\" content=\"2024-06-28T04:55:08+00:00\" \/>\n<meta name=\"twitter:card\" content=\"summary_large_image\" \/>\n<meta name=\"twitter:label1\" content=\"Tiempo de lectura\" \/>\n\t<meta name=\"twitter:data1\" content=\"4 minutos\" \/>\n<script type=\"application\/ld+json\" class=\"yoast-schema-graph\">{\"@context\":\"https:\\\/\\\/schema.org\",\"@graph\":[{\"@type\":\"WebPage\",\"@id\":\"https:\\\/\\\/vistaslawgroup.com\\\/es\\\/abogado-de-litigios-de-sucesiones\\\/\",\"url\":\"https:\\\/\\\/vistaslawgroup.com\\\/es\\\/abogado-de-litigios-de-sucesiones\\\/\",\"name\":\"Abogado De Litigios De Sucesiones - Vistas Law Group\",\"isPartOf\":{\"@id\":\"https:\\\/\\\/vistaslawgroup.com\\\/es\\\/#website\"},\"datePublished\":\"2023-12-14T17:12:59+00:00\",\"dateModified\":\"2024-06-28T04:55:08+00:00\",\"description\":\"Vistas Law Group\",\"breadcrumb\":{\"@id\":\"https:\\\/\\\/vistaslawgroup.com\\\/es\\\/abogado-de-litigios-de-sucesiones\\\/#breadcrumb\"},\"inLanguage\":\"es\",\"potentialAction\":[{\"@type\":\"ReadAction\",\"target\":[\"https:\\\/\\\/vistaslawgroup.com\\\/es\\\/abogado-de-litigios-de-sucesiones\\\/\"]}]},{\"@type\":\"BreadcrumbList\",\"@id\":\"https:\\\/\\\/vistaslawgroup.com\\\/es\\\/abogado-de-litigios-de-sucesiones\\\/#breadcrumb\",\"itemListElement\":[{\"@type\":\"ListItem\",\"position\":1,\"name\":\"Home\",\"item\":\"https:\\\/\\\/vistaslawgroup.com\\\/es\\\/\"},{\"@type\":\"ListItem\",\"position\":2,\"name\":\"Abogado De Litigios De Sucesiones\"}]},{\"@type\":\"WebSite\",\"@id\":\"https:\\\/\\\/vistaslawgroup.com\\\/es\\\/#website\",\"url\":\"https:\\\/\\\/vistaslawgroup.com\\\/es\\\/\",\"name\":\"Vistas Law Group\",\"description\":\"\",\"publisher\":{\"@id\":\"https:\\\/\\\/vistaslawgroup.com\\\/es\\\/#organization\"},\"potentialAction\":[{\"@type\":\"SearchAction\",\"target\":{\"@type\":\"EntryPoint\",\"urlTemplate\":\"https:\\\/\\\/vistaslawgroup.com\\\/es\\\/?s={search_term_string}\"},\"query-input\":{\"@type\":\"PropertyValueSpecification\",\"valueRequired\":true,\"valueName\":\"search_term_string\"}}],\"inLanguage\":\"es\"},{\"@type\":\"Organization\",\"@id\":\"https:\\\/\\\/vistaslawgroup.com\\\/es\\\/#organization\",\"name\":\"Vistas Law Group\",\"url\":\"https:\\\/\\\/vistaslawgroup.com\\\/es\\\/\",\"logo\":{\"@type\":\"ImageObject\",\"inLanguage\":\"es\",\"@id\":\"https:\\\/\\\/vistaslawgroup.com\\\/es\\\/#\\\/schema\\\/logo\\\/image\\\/\",\"url\":\"https:\\\/\\\/vistaslawgroup.com\\\/wp-content\\\/uploads\\\/2023\\\/10\\\/Vistas.png\",\"contentUrl\":\"https:\\\/\\\/vistaslawgroup.com\\\/wp-content\\\/uploads\\\/2023\\\/10\\\/Vistas.png\",\"width\":304,\"height\":73,\"caption\":\"Vistas Law Group\"},\"image\":{\"@id\":\"https:\\\/\\\/vistaslawgroup.com\\\/es\\\/#\\\/schema\\\/logo\\\/image\\\/\"}}]}<\/script>\n<!-- \/ Yoast SEO plugin. -->","yoast_head_json":{"title":"Abogado De Litigios De Sucesiones - Vistas Law Group","description":"Vistas Law Group","robots":{"index":"index","follow":"follow","max-snippet":"max-snippet:-1","max-image-preview":"max-image-preview:large","max-video-preview":"max-video-preview:-1"},"canonical":"https:\/\/vistaslawgroup.com\/es\/abogado-de-litigios-de-sucesiones\/","og_locale":"es_ES","og_type":"article","og_title":"Abogado De Litigios De Sucesiones - Vistas Law Group","og_description":"Vistas Law Group","og_url":"https:\/\/vistaslawgroup.com\/es\/abogado-de-litigios-de-sucesiones\/","og_site_name":"Vistas Law Group","article_modified_time":"2024-06-28T04:55:08+00:00","twitter_card":"summary_large_image","twitter_misc":{"Tiempo de lectura":"4 minutos"},"schema":{"@context":"https:\/\/schema.org","@graph":[{"@type":"WebPage","@id":"https:\/\/vistaslawgroup.com\/es\/abogado-de-litigios-de-sucesiones\/","url":"https:\/\/vistaslawgroup.com\/es\/abogado-de-litigios-de-sucesiones\/","name":"Abogado De Litigios De Sucesiones - Vistas Law Group","isPartOf":{"@id":"https:\/\/vistaslawgroup.com\/es\/#website"},"datePublished":"2023-12-14T17:12:59+00:00","dateModified":"2024-06-28T04:55:08+00:00","description":"Vistas Law Group","breadcrumb":{"@id":"https:\/\/vistaslawgroup.com\/es\/abogado-de-litigios-de-sucesiones\/#breadcrumb"},"inLanguage":"es","potentialAction":[{"@type":"ReadAction","target":["https:\/\/vistaslawgroup.com\/es\/abogado-de-litigios-de-sucesiones\/"]}]},{"@type":"BreadcrumbList","@id":"https:\/\/vistaslawgroup.com\/es\/abogado-de-litigios-de-sucesiones\/#breadcrumb","itemListElement":[{"@type":"ListItem","position":1,"name":"Home","item":"https:\/\/vistaslawgroup.com\/es\/"},{"@type":"ListItem","position":2,"name":"Abogado De Litigios De Sucesiones"}]},{"@type":"WebSite","@id":"https:\/\/vistaslawgroup.com\/es\/#website","url":"https:\/\/vistaslawgroup.com\/es\/","name":"Vistas Law Group","description":"","publisher":{"@id":"https:\/\/vistaslawgroup.com\/es\/#organization"},"potentialAction":[{"@type":"SearchAction","target":{"@type":"EntryPoint","urlTemplate":"https:\/\/vistaslawgroup.com\/es\/?s={search_term_string}"},"query-input":{"@type":"PropertyValueSpecification","valueRequired":true,"valueName":"search_term_string"}}],"inLanguage":"es"},{"@type":"Organization","@id":"https:\/\/vistaslawgroup.com\/es\/#organization","name":"Vistas Law Group","url":"https:\/\/vistaslawgroup.com\/es\/","logo":{"@type":"ImageObject","inLanguage":"es","@id":"https:\/\/vistaslawgroup.com\/es\/#\/schema\/logo\/image\/","url":"https:\/\/vistaslawgroup.com\/wp-content\/uploads\/2023\/10\/Vistas.png","contentUrl":"https:\/\/vistaslawgroup.com\/wp-content\/uploads\/2023\/10\/Vistas.png","width":304,"height":73,"caption":"Vistas Law Group"},"image":{"@id":"https:\/\/vistaslawgroup.com\/es\/#\/schema\/logo\/image\/"}}]}},"_links":{"self":[{"href":"https:\/\/vistaslawgroup.com\/es\/wp-json\/wp\/v2\/pages\/7185","targetHints":{"allow":["GET"]}}],"collection":[{"href":"https:\/\/vistaslawgroup.com\/es\/wp-json\/wp\/v2\/pages"}],"about":[{"href":"https:\/\/vistaslawgroup.com\/es\/wp-json\/wp\/v2\/types\/page"}],"author":[{"embeddable":true,"href":"https:\/\/vistaslawgroup.com\/es\/wp-json\/wp\/v2\/users\/1"}],"replies":[{"embeddable":true,"href":"https:\/\/vistaslawgroup.com\/es\/wp-json\/wp\/v2\/comments?post=7185"}],"version-history":[{"count":0,"href":"https:\/\/vistaslawgroup.com\/es\/wp-json\/wp\/v2\/pages\/7185\/revisions"}],"wp:attachment":[{"href":"https:\/\/vistaslawgroup.com\/es\/wp-json\/wp\/v2\/media?parent=7185"}],"curies":[{"name":"wp","href":"https:\/\/api.w.org\/{rel}","templated":true}]}}