{"id":7205,"date":"2023-12-14T17:07:01","date_gmt":"2023-12-14T17:07:01","guid":{"rendered":"https:\/\/vistaslawgroup.com\/trust-administration\/"},"modified":"2024-07-11T03:51:17","modified_gmt":"2024-07-11T03:51:17","slug":"administracion-de-fideicomisos","status":"publish","type":"page","link":"https:\/\/vistaslawgroup.com\/es\/administracion-de-fideicomisos\/","title":{"rendered":"Abogado De Administraci\u00f3n De Fideicomisos De California"},"content":{"rendered":"<p>Emprender el camino de la administraci\u00f3n de fideicomisos puede parecer abrumador, especialmente si est\u00e1 lidiando con la p\u00e9rdida de un ser querido. En Vistas Law Group, LLP, estamos aqu\u00ed para ser su gu\u00eda de confianza en este proceso, a menudo complejo. As\u00ed como cada familia es \u00fanica, cada caso de administraci\u00f3n de fideicomiso requiere un toque personalizado, adaptado a las particularidades del fideicomiso y las necesidades de los beneficiarios. En California, donde las reglas y procesos de administraci\u00f3n de fideicomisos pueden ser intrincados, es esencial tener un equipo dedicado a su lado.<\/p>\n<h2>El Proceso De Administraci\u00f3n De Fideicomisos<\/h2>\n<p>La administraci\u00f3n de fideicomisos no se trata solo de distribuir activos; se trata de cumplir los \u00faltimos deseos de un ser querido con respeto, diligencia y competencia. En Vistas Law Group, LLP, nuestro enfoque comienza con la comprensi\u00f3n. Analizaremos las particularidades del fideicomiso, asegur\u00e1ndonos de que todos los activos se identifiquen, valoren y contabilicen correctamente. Luego, nos encargaremos de las notificaciones a los beneficiarios y partes interesadas, siguiendo los estrictos plazos de California. Una vez que se liquiden todas las deudas e impuestos, lo guiaremos a trav\u00e9s del proceso de distribuci\u00f3n de los activos del fideicomiso de acuerdo con sus t\u00e9rminos. Con nuestro equipo, no solo obtiene asistencia legal; obtiene un socio que comprende y respeta el peso de esta responsabilidad.<\/p>\n<h2>Panorama Legal \u00danico De California Para La Administraci\u00f3n De Fideicomisos<\/h2>\n<p>California tiene reglas, plazos y procedimientos espec\u00edficos para la administraci\u00f3n de fideicomisos que difieren de otros estados. Desde c\u00f3mo se notifica a los beneficiarios hasta los plazos exactos para impugnar un fideicomiso, comprender estos matices es crucial. Adem\u00e1s, las leyes fiscales de California pueden afectar significativamente a los fideicomisos, lo que requiere una planificaci\u00f3n y una estrategia meticulosas. Nuestro equipo se mantiene al tanto de todos los cambios legislativos y jurisprudencia en California que puedan afectar la administraci\u00f3n de su fideicomiso, asegur\u00e1ndose de que siempre est\u00e9 a la vanguardia.<\/p>\n<h2>Duraci\u00f3n De La Administraci\u00f3n Del Fideicomiso En California<\/h2>\n<p>En Vistas Law Group, LLP, una de las preguntas m\u00e1s comunes que recibimos es \u00ab\u00bfCu\u00e1nto tiempo dura la administraci\u00f3n del fideicomiso en California?\u00bb. La verdad es que el plazo puede variar mucho en funci\u00f3n de varios factores. Por lo general, la administraci\u00f3n de fideicomisos puede ser un proceso m\u00e1s r\u00e1pido en comparaci\u00f3n con la sucesi\u00f3n testamentaria. Sin embargo, la complejidad del fideicomiso, el tipo de activos involucrados, las posibles disputas entre los beneficiarios y cualquier problema legal o financiero inesperado pueden extender este plazo. Adem\u00e1s, los per\u00edodos legales espec\u00edficos, como el plazo para que las personas impugnen el fideicomiso, pueden dictar el ritmo. Si bien siempre buscamos un proceso fluido y oportuno, nuestro compromiso principal es garantizar la precisi\u00f3n, la minuciosidad y el m\u00e1ximo respeto por las intenciones de su ser querido a lo largo del proceso de administraci\u00f3n del fideicomiso.<\/p>\n<h2>Retos Que Puede Enfrentar En La Administraci\u00f3n Del Fideicomiso<\/h2>\n<p>La administraci\u00f3n de fideicomisos es algo m\u00e1s que un proceso legal; tambi\u00e9n es un proceso emocional. En California, no es raro que surjan disputas entre los beneficiarios. Las diferencias de interpretaci\u00f3n, las preocupaciones sobre la mala gesti\u00f3n o incluso los desacuerdos personales pueden complicar el proceso. Pero con Vistas Law Group, LLP, usted tiene un socio equipado para mediar, negociar y, si es necesario, litigar para garantizar que se cumplan las intenciones del fideicomiso.<\/p>\n<h2>Consideraciones Financieras En La Administraci\u00f3n De Fideicomisos De California<\/h2>\n<p>La administraci\u00f3n de fideicomisos en California tiene sus propias implicaciones financieras, desde la liquidaci\u00f3n de deudas pendientes hasta el cumplimiento de obligaciones fiscales. Con la gu\u00eda de nuestro equipo, le ayudaremos a comprender el panorama financiero que rodea al fideicomiso. Esto incluye evaluar posibles obligaciones fiscales federales y estatales, administrar de manera eficiente los activos del fideicomiso y garantizar distribuciones oportunas.<\/p>\n<h2>Por Qu\u00e9 La Asesor\u00eda Legal Es Crucial En La Administraci\u00f3n De Fideicomisos<\/h2>\n<p>Si bien algunos podr\u00edan considerar la posibilidad de administrar el fideicomiso por su cuenta, las complejidades de la ley de California y la posibilidad de errores costosos hacen que sea invaluable buscar asesor\u00eda profesional. Un descuido menor, como no cumplir con un plazo de notificaci\u00f3n o valorar incorrectamente un activo, puede dar lugar a disputas legales, sanciones financieras y relaciones familiares tensas. Asociarse con Vistas Law Group, LLP, garantiza un proceso m\u00e1s fluido y eficiente.<\/p>\n<h2>Comun\u00edquese Con Un Abogado De Administraci\u00f3n De Fideicomisos En California<\/h2>\n<p>Navegar por la administraci\u00f3n de fideicomisos en California no tiene por qu\u00e9 ser un viaje solitario. En Vistas Law Group, LLP, estamos aqu\u00ed para ofrecerle nuestro apoyo, experiencia y dedicaci\u00f3n en cada paso del camino. \u00bfListo para comenzar?<\/p>\n<p>Contacte hoy mismo con un abogado de administraci\u00f3n de fideicomisos en California. Ll\u00e1menos para hablar con un abogado en Los \u00c1ngeles al <a href=\"tel:213-745-8747\">213-745-8747<\/a> o <a href=\"tel:909-415-0540\">909-415-0540<\/a> para Inland Empire, o visite nuestro sitio web para programar una consulta con un abogado de sucesiones comprometido que atiende a clientes en toda California. Juntos, honremos el legado de su ser querido con precisi\u00f3n, respeto y cuidado.<\/p>\n","protected":false},"excerpt":{"rendered":"<p>Emprender el camino de la administraci\u00f3n de fideicomisos puede parecer abrumador, especialmente si est\u00e1 lidiando con la p\u00e9rdida de un ser querido. En Vistas Law Group, LLP, estamos aqu\u00ed para ser su gu\u00eda de confianza en este proceso, a menudo complejo. As\u00ed como cada familia es \u00fanica, cada caso de administraci\u00f3n de fideicomiso requiere un&hellip;<\/p>\n","protected":false},"author":1,"featured_media":0,"parent":0,"menu_order":0,"comment_status":"closed","ping_status":"closed","template":"","meta":{"_acf_changed":false,"inline_featured_image":false,"footnotes":""},"class_list":["post-7205","page","type-page","status-publish","hentry"],"acf":[],"yoast_head":"<!-- This site is optimized with the Yoast SEO plugin v27.5 - https:\/\/yoast.com\/product\/yoast-seo-wordpress\/ -->\n<title>Abogado De Administraci\u00f3n De Fideicomisos De California - Vistas Law Group<\/title>\n<meta name=\"description\" content=\"Vistas Law Group\" \/>\n<meta name=\"robots\" content=\"index, follow, max-snippet:-1, max-image-preview:large, max-video-preview:-1\" \/>\n<link rel=\"canonical\" href=\"https:\/\/vistaslawgroup.com\/es\/administracion-de-fideicomisos\/\" \/>\n<meta property=\"og:locale\" content=\"es_ES\" \/>\n<meta property=\"og:type\" content=\"article\" \/>\n<meta property=\"og:title\" content=\"Abogado De Administraci\u00f3n De Fideicomisos De California - Vistas Law Group\" \/>\n<meta property=\"og:description\" content=\"Vistas Law Group\" \/>\n<meta property=\"og:url\" content=\"https:\/\/vistaslawgroup.com\/es\/administracion-de-fideicomisos\/\" \/>\n<meta property=\"og:site_name\" content=\"Vistas Law Group\" \/>\n<meta property=\"article:modified_time\" content=\"2024-07-11T03:51:17+00:00\" \/>\n<meta name=\"twitter:card\" content=\"summary_large_image\" \/>\n<meta name=\"twitter:label1\" content=\"Tiempo de lectura\" \/>\n\t<meta name=\"twitter:data1\" content=\"4 minutos\" \/>\n<script type=\"application\/ld+json\" class=\"yoast-schema-graph\">{\"@context\":\"https:\\\/\\\/schema.org\",\"@graph\":[{\"@type\":\"WebPage\",\"@id\":\"https:\\\/\\\/vistaslawgroup.com\\\/es\\\/administracion-de-fideicomisos\\\/\",\"url\":\"https:\\\/\\\/vistaslawgroup.com\\\/es\\\/administracion-de-fideicomisos\\\/\",\"name\":\"Abogado De Administraci\u00f3n De Fideicomisos De California - Vistas Law Group\",\"isPartOf\":{\"@id\":\"https:\\\/\\\/vistaslawgroup.com\\\/es\\\/#website\"},\"datePublished\":\"2023-12-14T17:07:01+00:00\",\"dateModified\":\"2024-07-11T03:51:17+00:00\",\"description\":\"Vistas Law Group\",\"breadcrumb\":{\"@id\":\"https:\\\/\\\/vistaslawgroup.com\\\/es\\\/administracion-de-fideicomisos\\\/#breadcrumb\"},\"inLanguage\":\"es\",\"potentialAction\":[{\"@type\":\"ReadAction\",\"target\":[\"https:\\\/\\\/vistaslawgroup.com\\\/es\\\/administracion-de-fideicomisos\\\/\"]}]},{\"@type\":\"BreadcrumbList\",\"@id\":\"https:\\\/\\\/vistaslawgroup.com\\\/es\\\/administracion-de-fideicomisos\\\/#breadcrumb\",\"itemListElement\":[{\"@type\":\"ListItem\",\"position\":1,\"name\":\"Home\",\"item\":\"https:\\\/\\\/vistaslawgroup.com\\\/es\\\/\"},{\"@type\":\"ListItem\",\"position\":2,\"name\":\"Abogado De Administraci\u00f3n De Fideicomisos De California\"}]},{\"@type\":\"WebSite\",\"@id\":\"https:\\\/\\\/vistaslawgroup.com\\\/es\\\/#website\",\"url\":\"https:\\\/\\\/vistaslawgroup.com\\\/es\\\/\",\"name\":\"Vistas Law Group\",\"description\":\"\",\"publisher\":{\"@id\":\"https:\\\/\\\/vistaslawgroup.com\\\/es\\\/#organization\"},\"potentialAction\":[{\"@type\":\"SearchAction\",\"target\":{\"@type\":\"EntryPoint\",\"urlTemplate\":\"https:\\\/\\\/vistaslawgroup.com\\\/es\\\/?s={search_term_string}\"},\"query-input\":{\"@type\":\"PropertyValueSpecification\",\"valueRequired\":true,\"valueName\":\"search_term_string\"}}],\"inLanguage\":\"es\"},{\"@type\":\"Organization\",\"@id\":\"https:\\\/\\\/vistaslawgroup.com\\\/es\\\/#organization\",\"name\":\"Vistas Law Group\",\"url\":\"https:\\\/\\\/vistaslawgroup.com\\\/es\\\/\",\"logo\":{\"@type\":\"ImageObject\",\"inLanguage\":\"es\",\"@id\":\"https:\\\/\\\/vistaslawgroup.com\\\/es\\\/#\\\/schema\\\/logo\\\/image\\\/\",\"url\":\"https:\\\/\\\/vistaslawgroup.com\\\/wp-content\\\/uploads\\\/2023\\\/10\\\/Vistas.png\",\"contentUrl\":\"https:\\\/\\\/vistaslawgroup.com\\\/wp-content\\\/uploads\\\/2023\\\/10\\\/Vistas.png\",\"width\":304,\"height\":73,\"caption\":\"Vistas Law Group\"},\"image\":{\"@id\":\"https:\\\/\\\/vistaslawgroup.com\\\/es\\\/#\\\/schema\\\/logo\\\/image\\\/\"}}]}<\/script>\n<!-- \/ Yoast SEO plugin. -->","yoast_head_json":{"title":"Abogado De Administraci\u00f3n De Fideicomisos De California - Vistas Law Group","description":"Vistas Law Group","robots":{"index":"index","follow":"follow","max-snippet":"max-snippet:-1","max-image-preview":"max-image-preview:large","max-video-preview":"max-video-preview:-1"},"canonical":"https:\/\/vistaslawgroup.com\/es\/administracion-de-fideicomisos\/","og_locale":"es_ES","og_type":"article","og_title":"Abogado De Administraci\u00f3n De Fideicomisos De California - Vistas Law Group","og_description":"Vistas Law Group","og_url":"https:\/\/vistaslawgroup.com\/es\/administracion-de-fideicomisos\/","og_site_name":"Vistas Law Group","article_modified_time":"2024-07-11T03:51:17+00:00","twitter_card":"summary_large_image","twitter_misc":{"Tiempo de lectura":"4 minutos"},"schema":{"@context":"https:\/\/schema.org","@graph":[{"@type":"WebPage","@id":"https:\/\/vistaslawgroup.com\/es\/administracion-de-fideicomisos\/","url":"https:\/\/vistaslawgroup.com\/es\/administracion-de-fideicomisos\/","name":"Abogado De Administraci\u00f3n De Fideicomisos De California - Vistas Law Group","isPartOf":{"@id":"https:\/\/vistaslawgroup.com\/es\/#website"},"datePublished":"2023-12-14T17:07:01+00:00","dateModified":"2024-07-11T03:51:17+00:00","description":"Vistas Law Group","breadcrumb":{"@id":"https:\/\/vistaslawgroup.com\/es\/administracion-de-fideicomisos\/#breadcrumb"},"inLanguage":"es","potentialAction":[{"@type":"ReadAction","target":["https:\/\/vistaslawgroup.com\/es\/administracion-de-fideicomisos\/"]}]},{"@type":"BreadcrumbList","@id":"https:\/\/vistaslawgroup.com\/es\/administracion-de-fideicomisos\/#breadcrumb","itemListElement":[{"@type":"ListItem","position":1,"name":"Home","item":"https:\/\/vistaslawgroup.com\/es\/"},{"@type":"ListItem","position":2,"name":"Abogado De Administraci\u00f3n De Fideicomisos De California"}]},{"@type":"WebSite","@id":"https:\/\/vistaslawgroup.com\/es\/#website","url":"https:\/\/vistaslawgroup.com\/es\/","name":"Vistas Law Group","description":"","publisher":{"@id":"https:\/\/vistaslawgroup.com\/es\/#organization"},"potentialAction":[{"@type":"SearchAction","target":{"@type":"EntryPoint","urlTemplate":"https:\/\/vistaslawgroup.com\/es\/?s={search_term_string}"},"query-input":{"@type":"PropertyValueSpecification","valueRequired":true,"valueName":"search_term_string"}}],"inLanguage":"es"},{"@type":"Organization","@id":"https:\/\/vistaslawgroup.com\/es\/#organization","name":"Vistas Law Group","url":"https:\/\/vistaslawgroup.com\/es\/","logo":{"@type":"ImageObject","inLanguage":"es","@id":"https:\/\/vistaslawgroup.com\/es\/#\/schema\/logo\/image\/","url":"https:\/\/vistaslawgroup.com\/wp-content\/uploads\/2023\/10\/Vistas.png","contentUrl":"https:\/\/vistaslawgroup.com\/wp-content\/uploads\/2023\/10\/Vistas.png","width":304,"height":73,"caption":"Vistas Law Group"},"image":{"@id":"https:\/\/vistaslawgroup.com\/es\/#\/schema\/logo\/image\/"}}]}},"_links":{"self":[{"href":"https:\/\/vistaslawgroup.com\/es\/wp-json\/wp\/v2\/pages\/7205","targetHints":{"allow":["GET"]}}],"collection":[{"href":"https:\/\/vistaslawgroup.com\/es\/wp-json\/wp\/v2\/pages"}],"about":[{"href":"https:\/\/vistaslawgroup.com\/es\/wp-json\/wp\/v2\/types\/page"}],"author":[{"embeddable":true,"href":"https:\/\/vistaslawgroup.com\/es\/wp-json\/wp\/v2\/users\/1"}],"replies":[{"embeddable":true,"href":"https:\/\/vistaslawgroup.com\/es\/wp-json\/wp\/v2\/comments?post=7205"}],"version-history":[{"count":0,"href":"https:\/\/vistaslawgroup.com\/es\/wp-json\/wp\/v2\/pages\/7205\/revisions"}],"wp:attachment":[{"href":"https:\/\/vistaslawgroup.com\/es\/wp-json\/wp\/v2\/media?parent=7205"}],"curies":[{"name":"wp","href":"https:\/\/api.w.org\/{rel}","templated":true}]}}