{"id":7210,"date":"2024-05-31T02:33:13","date_gmt":"2024-05-31T02:33:13","guid":{"rendered":"https:\/\/vistaslawgroup.com\/conservator-guardian-in-california\/"},"modified":"2024-07-11T03:54:40","modified_gmt":"2024-07-11T03:54:40","slug":"conservador-tutor-en-california","status":"publish","type":"page","link":"https:\/\/vistaslawgroup.com\/es\/conservador-tutor-en-california\/","title":{"rendered":"Conservador\/Tutor En California"},"content":{"rendered":"<p>En Vistas Law Group, LLP, reconocemos la delicada naturaleza de nombrar a un conservador o tutor en California. Nuestro objetivo es brindar una gu\u00eda clara y compasiva a quienes est\u00e9n considerando este importante paso. Lo guiaremos a trav\u00e9s del proceso, manteniendo nuestra conversaci\u00f3n amigable y accesible, sin jerga legal.<\/p>\n<h2>Entendiendo La Conservadur\u00eda O Tutela En California<\/h2>\n<p>Los conceptos de conservadur\u00eda y tutela son cruciales para quienes enfrentan la posibilidad de manejar los asuntos de un ser querido que ya no puede hacerlo por s\u00ed mismo en California. En Vistas Law Group, LLP, estamos comprometidos a aclarar estos t\u00e9rminos legales y sus implicaciones, asegur\u00e1ndonos de que tome decisiones informadas y comprenda claramente sus responsabilidades. A continuaci\u00f3n, se detalla lo que implican estas funciones:<\/p>\n<ul>\n<li><b>Conservadur\u00eda:<\/b> Es un estatus legal en el cual un tribunal designa a una persona o entidad para supervisar los asuntos financieros y personales de un adulto que no puede manejar estos asuntos de forma independiente.<\/li>\n<li><b>Tutela:<\/b> Es similar a la conservadur\u00eda, ya que ambas involucran la autoridad legal para tomar decisiones en nombre de otra persona. Sin embargo, la tutela se enfoca en supervisar a un menor de edad, enfatizando el cuidado de su bienestar personal y sus necesidades diarias. Esto incluir\u00e1 decisiones sobre arreglos de vivienda, educaci\u00f3n y atenci\u00f3n m\u00e9dica.<\/li>\n<\/ul>\n<h2>Circunstancias Que Necesitan Nombramiento<\/h2>\n<p>Por lo general, estos arreglos legales entran en juego cuando una persona no puede manejar sus asuntos de manera competente. Esto podr\u00eda deberse a varias razones, como la edad avanzada y los desaf\u00edos asociados, la discapacidad f\u00edsica o mental. Otras formas de incapacidad inhiben su capacidad para tomar decisiones acertadas.<span class=\"Apple-converted-space\">\u00a0 <\/span>En California, los menores no tienen capacidad legal para contratar, por lo que las tutelas se vuelven necesarias cuando los menores heredan o quedan hu\u00e9rfanos por la muerte de sus padres.<\/p>\n<h2>Rol De Vistas Law Group, LLP<\/h2>\n<p>Brindamos asistencia integral para comprender estas funciones, lo que incluye guiarlo a trav\u00e9s del proceso legal para obtener la conservadur\u00eda o tutela, aclarar las responsabilidades que asumir\u00e1 en estas funciones, asegurarnos de que est\u00e9 completamente consciente de las implicaciones legales y el compromiso que implica aceptar estas responsabilidades. Nuestro objetivo es ofrecer una gu\u00eda clara y de apoyo, haciendo que un proceso legal complejo sea m\u00e1s accesible y comprensible para quienes asumen estas funciones cr\u00edticas en California.<\/p>\n<h2>El Proceso Para Convertirse En Conservador O Tutor En California<\/h2>\n<p>Convertirse en conservador o tutor en California involucra varios pasos legales. Nuestra firma lo gu\u00eda en cada etapa, desde la presentaci\u00f3n de la documentaci\u00f3n necesaria hasta la representaci\u00f3n de su caso en la corte. Lo ayudaremos a prepararse para la audiencia judicial, donde deber\u00e1 demostrar la necesidad de una conservadur\u00eda o tutela. Nuestro apoyo tiene como objetivo hacer que este proceso sea lo m\u00e1s fluido y sin estr\u00e9s posible.<\/p>\n<h2>Responsabilidades Y Deberes De Un Conservador O Tutor En California<\/h2>\n<ul>\n<li><b>Administraci\u00f3n de Finanzas:<\/b> Consiste en manejar los asuntos financieros del pupilo, incluido el presupuesto, la administraci\u00f3n de activos y garantizar que se cumplan las obligaciones financieras. Tambi\u00e9n implica salvaguardar el patrimonio del pupilo contra gastos innecesarios y tomar decisiones de inversi\u00f3n prudentes que se alineen con su bienestar e intereses a largo plazo.<\/li>\n<li><b>Supervisi\u00f3n de Decisiones M\u00e9dicas:<\/b> Tomar decisiones informadas con respecto a la atenci\u00f3n m\u00e9dica y el tratamiento de la persona bajo tutela o conservadur\u00eda. Esto implica coordinar con los profesionales de la salud para comprender las opciones de tratamiento y tomar decisiones que mejor se adapten a las necesidades y preferencias de salud del pupilo.<\/li>\n<li><b>Garantizar el Bienestar General:<\/b> Consiste en velar por el bienestar general del pupilo, abarcando aspectos de la vida cotidiana, la comodidad y el cuidado personal. Incluye crear un entorno solidario y enriquecedor y garantizar que las condiciones de vida del pupilo sean seguras, c\u00f3modas y conducentes a su bienestar f\u00edsico y emocional.<\/li>\n<\/ul>\n<h2>Desaf\u00edos Y Soluciones En La Conservadur\u00eda Y Tutela<\/h2>\n<p>Administrar una conservadur\u00eda o tutela puede presentar desaf\u00edos, desde enfrentar la din\u00e1mica familiar hasta comprender los requisitos legales. En Vistas Law Group, LLP, estamos listos para ayudarlo a enfrentar estos desaf\u00edos. Ya sea para resolver disputas, cumplir con obligaciones legales o tomar decisiones dif\u00edciles, nuestra firma le brinda la orientaci\u00f3n y el apoyo que necesita para enfrentar estas situaciones complejas.<\/p>\n<h2>Comun\u00edquese Con Vistas Law Group, Llp, Para Obtener Orientaci\u00f3n Sobre Conservadur\u00eda Y Tutela<\/h2>\n<p>Ascender al papel de conservador o tutor en California es una responsabilidad profunda. Vistas Law Group, LLP se dedica a guiarlo a trav\u00e9s de este proceso. Ofrecemos servicios personalizados y biling\u00fces para garantizar que tenga el apoyo que necesita en esta funci\u00f3n cr\u00edtica.<\/p>\n<p>Si se encuentra en Los \u00c1ngeles, ll\u00e1menos al <a href=\"tel:213-745-8747\">213-745-8747<\/a> o en Inland Empire al <a href=\"tel:909-415-0540\">909-415-0540<\/a>. Tambi\u00e9n puede contactarnos en l\u00ednea para programar una consulta con un abogado de sucesiones dedicado en California. Perm\u00edtanos ayudarlo a enfrentar las responsabilidades de la conservadur\u00eda o tutela con confianza y compasi\u00f3n.<\/p>\n","protected":false},"excerpt":{"rendered":"<p>En Vistas Law Group, LLP, reconocemos la delicada naturaleza de nombrar a un conservador o tutor en California. Nuestro objetivo es brindar una gu\u00eda clara y compasiva a quienes est\u00e9n considerando este importante paso. Lo guiaremos a trav\u00e9s del proceso, manteniendo nuestra conversaci\u00f3n amigable y accesible, sin jerga legal. Entendiendo La Conservadur\u00eda O Tutela En&hellip;<\/p>\n","protected":false},"author":10,"featured_media":0,"parent":0,"menu_order":0,"comment_status":"closed","ping_status":"closed","template":"","meta":{"_acf_changed":false,"inline_featured_image":false,"footnotes":""},"class_list":["post-7210","page","type-page","status-publish","hentry"],"acf":[],"yoast_head":"<!-- This site is optimized with the Yoast SEO plugin v27.5 - https:\/\/yoast.com\/product\/yoast-seo-wordpress\/ -->\n<title>Conservador\/Tutor En California - Vistas Law Group<\/title>\n<meta name=\"description\" content=\"Vistas Law Group\" \/>\n<meta name=\"robots\" content=\"index, follow, max-snippet:-1, max-image-preview:large, max-video-preview:-1\" \/>\n<link rel=\"canonical\" href=\"https:\/\/vistaslawgroup.com\/es\/conservador-tutor-en-california\/\" \/>\n<meta property=\"og:locale\" content=\"es_ES\" \/>\n<meta property=\"og:type\" content=\"article\" \/>\n<meta property=\"og:title\" content=\"Conservador\/Tutor En California - Vistas Law Group\" \/>\n<meta property=\"og:description\" content=\"Vistas Law Group\" \/>\n<meta property=\"og:url\" content=\"https:\/\/vistaslawgroup.com\/es\/conservador-tutor-en-california\/\" \/>\n<meta property=\"og:site_name\" content=\"Vistas Law Group\" \/>\n<meta property=\"article:modified_time\" content=\"2024-07-11T03:54:40+00:00\" \/>\n<meta name=\"twitter:card\" content=\"summary_large_image\" \/>\n<meta name=\"twitter:label1\" content=\"Tiempo de lectura\" \/>\n\t<meta name=\"twitter:data1\" content=\"4 minutos\" \/>\n<script type=\"application\/ld+json\" class=\"yoast-schema-graph\">{\"@context\":\"https:\\\/\\\/schema.org\",\"@graph\":[{\"@type\":\"WebPage\",\"@id\":\"https:\\\/\\\/vistaslawgroup.com\\\/es\\\/conservador-tutor-en-california\\\/\",\"url\":\"https:\\\/\\\/vistaslawgroup.com\\\/es\\\/conservador-tutor-en-california\\\/\",\"name\":\"Conservador\\\/Tutor En California - Vistas Law Group\",\"isPartOf\":{\"@id\":\"https:\\\/\\\/vistaslawgroup.com\\\/es\\\/#website\"},\"datePublished\":\"2024-05-31T02:33:13+00:00\",\"dateModified\":\"2024-07-11T03:54:40+00:00\",\"description\":\"Vistas Law Group\",\"breadcrumb\":{\"@id\":\"https:\\\/\\\/vistaslawgroup.com\\\/es\\\/conservador-tutor-en-california\\\/#breadcrumb\"},\"inLanguage\":\"es\",\"potentialAction\":[{\"@type\":\"ReadAction\",\"target\":[\"https:\\\/\\\/vistaslawgroup.com\\\/es\\\/conservador-tutor-en-california\\\/\"]}]},{\"@type\":\"BreadcrumbList\",\"@id\":\"https:\\\/\\\/vistaslawgroup.com\\\/es\\\/conservador-tutor-en-california\\\/#breadcrumb\",\"itemListElement\":[{\"@type\":\"ListItem\",\"position\":1,\"name\":\"Home\",\"item\":\"https:\\\/\\\/vistaslawgroup.com\\\/es\\\/\"},{\"@type\":\"ListItem\",\"position\":2,\"name\":\"Conservador\\\/Tutor En California\"}]},{\"@type\":\"WebSite\",\"@id\":\"https:\\\/\\\/vistaslawgroup.com\\\/es\\\/#website\",\"url\":\"https:\\\/\\\/vistaslawgroup.com\\\/es\\\/\",\"name\":\"Vistas Law Group\",\"description\":\"\",\"publisher\":{\"@id\":\"https:\\\/\\\/vistaslawgroup.com\\\/es\\\/#organization\"},\"potentialAction\":[{\"@type\":\"SearchAction\",\"target\":{\"@type\":\"EntryPoint\",\"urlTemplate\":\"https:\\\/\\\/vistaslawgroup.com\\\/es\\\/?s={search_term_string}\"},\"query-input\":{\"@type\":\"PropertyValueSpecification\",\"valueRequired\":true,\"valueName\":\"search_term_string\"}}],\"inLanguage\":\"es\"},{\"@type\":\"Organization\",\"@id\":\"https:\\\/\\\/vistaslawgroup.com\\\/es\\\/#organization\",\"name\":\"Vistas Law Group\",\"url\":\"https:\\\/\\\/vistaslawgroup.com\\\/es\\\/\",\"logo\":{\"@type\":\"ImageObject\",\"inLanguage\":\"es\",\"@id\":\"https:\\\/\\\/vistaslawgroup.com\\\/es\\\/#\\\/schema\\\/logo\\\/image\\\/\",\"url\":\"https:\\\/\\\/vistaslawgroup.com\\\/wp-content\\\/uploads\\\/2023\\\/10\\\/Vistas.png\",\"contentUrl\":\"https:\\\/\\\/vistaslawgroup.com\\\/wp-content\\\/uploads\\\/2023\\\/10\\\/Vistas.png\",\"width\":304,\"height\":73,\"caption\":\"Vistas Law Group\"},\"image\":{\"@id\":\"https:\\\/\\\/vistaslawgroup.com\\\/es\\\/#\\\/schema\\\/logo\\\/image\\\/\"}}]}<\/script>\n<!-- \/ Yoast SEO plugin. -->","yoast_head_json":{"title":"Conservador\/Tutor En California - Vistas Law Group","description":"Vistas Law Group","robots":{"index":"index","follow":"follow","max-snippet":"max-snippet:-1","max-image-preview":"max-image-preview:large","max-video-preview":"max-video-preview:-1"},"canonical":"https:\/\/vistaslawgroup.com\/es\/conservador-tutor-en-california\/","og_locale":"es_ES","og_type":"article","og_title":"Conservador\/Tutor En California - Vistas Law Group","og_description":"Vistas Law Group","og_url":"https:\/\/vistaslawgroup.com\/es\/conservador-tutor-en-california\/","og_site_name":"Vistas Law Group","article_modified_time":"2024-07-11T03:54:40+00:00","twitter_card":"summary_large_image","twitter_misc":{"Tiempo de lectura":"4 minutos"},"schema":{"@context":"https:\/\/schema.org","@graph":[{"@type":"WebPage","@id":"https:\/\/vistaslawgroup.com\/es\/conservador-tutor-en-california\/","url":"https:\/\/vistaslawgroup.com\/es\/conservador-tutor-en-california\/","name":"Conservador\/Tutor En California - Vistas Law Group","isPartOf":{"@id":"https:\/\/vistaslawgroup.com\/es\/#website"},"datePublished":"2024-05-31T02:33:13+00:00","dateModified":"2024-07-11T03:54:40+00:00","description":"Vistas Law Group","breadcrumb":{"@id":"https:\/\/vistaslawgroup.com\/es\/conservador-tutor-en-california\/#breadcrumb"},"inLanguage":"es","potentialAction":[{"@type":"ReadAction","target":["https:\/\/vistaslawgroup.com\/es\/conservador-tutor-en-california\/"]}]},{"@type":"BreadcrumbList","@id":"https:\/\/vistaslawgroup.com\/es\/conservador-tutor-en-california\/#breadcrumb","itemListElement":[{"@type":"ListItem","position":1,"name":"Home","item":"https:\/\/vistaslawgroup.com\/es\/"},{"@type":"ListItem","position":2,"name":"Conservador\/Tutor En California"}]},{"@type":"WebSite","@id":"https:\/\/vistaslawgroup.com\/es\/#website","url":"https:\/\/vistaslawgroup.com\/es\/","name":"Vistas Law Group","description":"","publisher":{"@id":"https:\/\/vistaslawgroup.com\/es\/#organization"},"potentialAction":[{"@type":"SearchAction","target":{"@type":"EntryPoint","urlTemplate":"https:\/\/vistaslawgroup.com\/es\/?s={search_term_string}"},"query-input":{"@type":"PropertyValueSpecification","valueRequired":true,"valueName":"search_term_string"}}],"inLanguage":"es"},{"@type":"Organization","@id":"https:\/\/vistaslawgroup.com\/es\/#organization","name":"Vistas Law Group","url":"https:\/\/vistaslawgroup.com\/es\/","logo":{"@type":"ImageObject","inLanguage":"es","@id":"https:\/\/vistaslawgroup.com\/es\/#\/schema\/logo\/image\/","url":"https:\/\/vistaslawgroup.com\/wp-content\/uploads\/2023\/10\/Vistas.png","contentUrl":"https:\/\/vistaslawgroup.com\/wp-content\/uploads\/2023\/10\/Vistas.png","width":304,"height":73,"caption":"Vistas Law Group"},"image":{"@id":"https:\/\/vistaslawgroup.com\/es\/#\/schema\/logo\/image\/"}}]}},"_links":{"self":[{"href":"https:\/\/vistaslawgroup.com\/es\/wp-json\/wp\/v2\/pages\/7210","targetHints":{"allow":["GET"]}}],"collection":[{"href":"https:\/\/vistaslawgroup.com\/es\/wp-json\/wp\/v2\/pages"}],"about":[{"href":"https:\/\/vistaslawgroup.com\/es\/wp-json\/wp\/v2\/types\/page"}],"author":[{"embeddable":true,"href":"https:\/\/vistaslawgroup.com\/es\/wp-json\/wp\/v2\/users\/10"}],"replies":[{"embeddable":true,"href":"https:\/\/vistaslawgroup.com\/es\/wp-json\/wp\/v2\/comments?post=7210"}],"version-history":[{"count":0,"href":"https:\/\/vistaslawgroup.com\/es\/wp-json\/wp\/v2\/pages\/7210\/revisions"}],"wp:attachment":[{"href":"https:\/\/vistaslawgroup.com\/es\/wp-json\/wp\/v2\/media?parent=7210"}],"curies":[{"name":"wp","href":"https:\/\/api.w.org\/{rel}","templated":true}]}}