{"id":7220,"date":"2023-10-19T21:16:57","date_gmt":"2023-10-19T21:16:57","guid":{"rendered":"https:\/\/vistaslawgroup.com\/durable-power-of-attorney-lawyer\/"},"modified":"2024-07-15T03:18:33","modified_gmt":"2024-07-15T03:18:33","slug":"abogado-de-poder-notarial-duradero","status":"publish","type":"page","link":"https:\/\/vistaslawgroup.com\/es\/abogado-de-poder-notarial-duradero\/","title":{"rendered":"Abogado De Poder Notarial Duradero"},"content":{"rendered":"<p>Si est\u00e1 pensando en el futuro y en el cuidado de sus seres queridos, es posible que haya considerado redactar un testamento o establecer un fideicomiso. Pero, \u00bfha pensado qui\u00e9n tomar\u00e1 decisiones importantes por usted si no puede hacerlo usted mismo? Ah\u00ed es donde entra en juego un Poder Notarial Duradero. En Vistas Law Group, lo guiamos a trav\u00e9s del proceso de establecer un Poder Notarial Duradero, desglosando las complejidades legales y detectando se\u00f1ales de alerta para aumentar la probabilidad de evitar disputas o costosas demandas.<\/p>\n<h2>La importancia de un Poder Notarial Duradero en California<\/h2>\n<p>Crear un Poder Notarial Duradero no es solo llenar un formulario; es un paso fundamental para salvaguardar su futuro. Al establecer un Poder Notarial Duradero, usted designa a una persona de confianza para que tome decisiones financieras en su nombre en caso de quedar incapacitado. La vida es impredecible y la capacidad no est\u00e1 garantizada. Para estar preparado para una posible incapacidad durante su vida, tiene derecho a elegir a alguien que pueda seguir gestionando sus asuntos para sus necesidades financieras en caso de que no pueda expresar sus deseos usted mismo. Nuestro equipo est\u00e1 aqu\u00ed para garantizar que ejerza su derecho a designar a alguien de su confianza para que le ayude de manera adecuada, al tiempo que comprende las implicaciones de largo alcance de este indispensable documento legal.<\/p>\n<h2>Explorando sus opciones de Poder Notarial Duradero<\/h2>\n<p>Planificar su futuro no es solo cuesti\u00f3n de firmar un documento y olvidarse de \u00e9l. Es un proceso personalizado que se adapta a su vida, su familia y sus bienes. Un Poder Notarial Duradero para Activos ofrece esta adaptabilidad al brindarle opciones que se adaptan a su situaci\u00f3n particular.<\/p>\n<p>Con un Poder Notarial Duradero Financiero, su agente designado se har\u00e1 cargo de sus asuntos financieros durante su incapacidad durante su vida. Esto puede incluir pagar facturas, invertir, vender propiedades e incluso hacer regalos o donaciones caritativas a su nombre.<\/p>\n<p>Luego est\u00e1 el Poder Notarial Duradero \u00abspringing\u00bb, que solo entra en vigor bajo ciertas condiciones predeterminadas, m\u00e1s com\u00fanmente, la incapacidad m\u00e9dica verificada por un profesional m\u00e9dico independiente. Esto es particularmente \u00fatil si no se siente c\u00f3modo con que su agente tenga acceso inmediato a sus asuntos. Cada opci\u00f3n conlleva su propio conjunto de responsabilidades y privilegios, por lo que comprender lo que implica cada una es clave para tomar una decisi\u00f3n informada. Le ayudamos a sopesar las ventajas y desventajas de cada tipo antes de que sea demasiado tarde. Demasiadas veces, la gente espera demasiado y pierde la capacidad de crear un Poder Notarial Duradero cuando queda incapacitada. Sea proactivo y cont\u00e1ctenos para asegurarse de que su Poder Notarial Duradero se alinee perfectamente con sus metas y valores de vida.<\/p>\n<h2>La elecci\u00f3n crucial de un agente<\/h2>\n<p>Elegir a un agente para que act\u00fae en su nombre es una decisi\u00f3n que merece una consideraci\u00f3n cuidadosa. Este agente potencial ser\u00e1 su defensor, su voz y quien tome las decisiones por usted si no puede hacerlo usted mismo. La confianza es primordial. No solo debe confiar en el criterio de esta persona, sino que tambi\u00e9n debe confiar en que antepondr\u00e1 sus intereses y deseos a los suyos propios.<\/p>\n<p>Su agente elegido tambi\u00e9n debe ser alguien responsable y capacitado para la tarea. Esta funci\u00f3n puede implicar una gesti\u00f3n financiera compleja. No se trata solo de confianza; se trata de capacidad, fiabilidad y voluntad de actuar en su mejor inter\u00e9s cuando se encuentre en una posici\u00f3n extremadamente vulnerable. Aconsejamos a los clientes que tengan conversaciones sinceras con los agentes potenciales. Hable sobre lo que espera para asegurarse de que su agente lo tenga en cuenta al tomar decisiones en su nombre. Aseg\u00farese de que comprendan la magnitud de este rol y est\u00e9n dispuestos a asumir la responsabilidad.<\/p>\n<h2>C\u00f3mo simplificamos el proceso de Poder Notarial Duradero<\/h2>\n<p>Reconocemos que contemplar incertidumbres futuras puede ser emocionalmente desafiante. Nuestro objetivo es hacer que el proceso sea lo m\u00e1s sencillo y c\u00f3modo posible. Cuando nos consulte, lo guiaremos a trav\u00e9s de todos los detalles en un lenguaje cotidiano. Nos aseguramos de que su Poder Notarial Duradero cumpla con las leyes de California, brind\u00e1ndole tranquilidad.<\/p>\n<h2>Contacte a un abogado de sucesiones con experiencia en California<\/h2>\n<p>Tomar las riendas de su futuro no tiene por qu\u00e9 ser un laberinto desconcertante de formularios legales y decisiones dif\u00edciles. Estamos aqu\u00ed para guiarlo en cada paso. Llame a Vistas Law Group para hablar con un abogado en Los \u00c1ngeles al <a href=\"tel:213-745-8747\">213-745-8747<\/a>, o en Inland Empire al <a href=\"tel:909-415-0540\">909-415-0540<\/a>, o cont\u00e1ctenos en l\u00ednea para programar una consulta con un abogado de sucesiones dedicado que atiende a clientes en California.<\/p>\n","protected":false},"excerpt":{"rendered":"<p>Si est\u00e1 pensando en el futuro y en el cuidado de sus seres queridos, es posible que haya considerado redactar un testamento o establecer un fideicomiso. Pero, \u00bfha pensado qui\u00e9n tomar\u00e1 decisiones importantes por usted si no puede hacerlo usted mismo? Ah\u00ed es donde entra en juego un Poder Notarial Duradero. En Vistas Law Group,&hellip;<\/p>\n","protected":false},"author":2,"featured_media":0,"parent":0,"menu_order":0,"comment_status":"closed","ping_status":"closed","template":"","meta":{"_acf_changed":false,"inline_featured_image":false,"footnotes":""},"class_list":["post-7220","page","type-page","status-publish","hentry"],"acf":[],"yoast_head":"<!-- This site is optimized with the Yoast SEO plugin v27.5 - https:\/\/yoast.com\/product\/yoast-seo-wordpress\/ -->\n<title>Abogado De Poder Notarial Duradero - Vistas Law Group<\/title>\n<meta name=\"description\" content=\"Vistas Law Group\" \/>\n<meta name=\"robots\" content=\"index, follow, max-snippet:-1, max-image-preview:large, max-video-preview:-1\" \/>\n<link rel=\"canonical\" href=\"https:\/\/vistaslawgroup.com\/es\/abogado-de-poder-notarial-duradero\/\" \/>\n<meta property=\"og:locale\" content=\"es_ES\" \/>\n<meta property=\"og:type\" content=\"article\" \/>\n<meta property=\"og:title\" content=\"Abogado De Poder Notarial Duradero - Vistas Law Group\" \/>\n<meta property=\"og:description\" content=\"Vistas Law Group\" \/>\n<meta property=\"og:url\" content=\"https:\/\/vistaslawgroup.com\/es\/abogado-de-poder-notarial-duradero\/\" \/>\n<meta property=\"og:site_name\" content=\"Vistas Law Group\" \/>\n<meta property=\"article:modified_time\" content=\"2024-07-15T03:18:33+00:00\" \/>\n<meta name=\"twitter:card\" content=\"summary_large_image\" \/>\n<meta name=\"twitter:label1\" content=\"Tiempo de lectura\" \/>\n\t<meta name=\"twitter:data1\" content=\"4 minutos\" \/>\n<script type=\"application\/ld+json\" class=\"yoast-schema-graph\">{\"@context\":\"https:\\\/\\\/schema.org\",\"@graph\":[{\"@type\":\"WebPage\",\"@id\":\"https:\\\/\\\/vistaslawgroup.com\\\/es\\\/abogado-de-poder-notarial-duradero\\\/\",\"url\":\"https:\\\/\\\/vistaslawgroup.com\\\/es\\\/abogado-de-poder-notarial-duradero\\\/\",\"name\":\"Abogado De Poder Notarial Duradero - Vistas Law Group\",\"isPartOf\":{\"@id\":\"https:\\\/\\\/vistaslawgroup.com\\\/es\\\/#website\"},\"datePublished\":\"2023-10-19T21:16:57+00:00\",\"dateModified\":\"2024-07-15T03:18:33+00:00\",\"description\":\"Vistas Law Group\",\"breadcrumb\":{\"@id\":\"https:\\\/\\\/vistaslawgroup.com\\\/es\\\/abogado-de-poder-notarial-duradero\\\/#breadcrumb\"},\"inLanguage\":\"es\",\"potentialAction\":[{\"@type\":\"ReadAction\",\"target\":[\"https:\\\/\\\/vistaslawgroup.com\\\/es\\\/abogado-de-poder-notarial-duradero\\\/\"]}]},{\"@type\":\"BreadcrumbList\",\"@id\":\"https:\\\/\\\/vistaslawgroup.com\\\/es\\\/abogado-de-poder-notarial-duradero\\\/#breadcrumb\",\"itemListElement\":[{\"@type\":\"ListItem\",\"position\":1,\"name\":\"Home\",\"item\":\"https:\\\/\\\/vistaslawgroup.com\\\/es\\\/\"},{\"@type\":\"ListItem\",\"position\":2,\"name\":\"Abogado De Poder Notarial Duradero\"}]},{\"@type\":\"WebSite\",\"@id\":\"https:\\\/\\\/vistaslawgroup.com\\\/es\\\/#website\",\"url\":\"https:\\\/\\\/vistaslawgroup.com\\\/es\\\/\",\"name\":\"Vistas Law Group\",\"description\":\"\",\"publisher\":{\"@id\":\"https:\\\/\\\/vistaslawgroup.com\\\/es\\\/#organization\"},\"potentialAction\":[{\"@type\":\"SearchAction\",\"target\":{\"@type\":\"EntryPoint\",\"urlTemplate\":\"https:\\\/\\\/vistaslawgroup.com\\\/es\\\/?s={search_term_string}\"},\"query-input\":{\"@type\":\"PropertyValueSpecification\",\"valueRequired\":true,\"valueName\":\"search_term_string\"}}],\"inLanguage\":\"es\"},{\"@type\":\"Organization\",\"@id\":\"https:\\\/\\\/vistaslawgroup.com\\\/es\\\/#organization\",\"name\":\"Vistas Law Group\",\"url\":\"https:\\\/\\\/vistaslawgroup.com\\\/es\\\/\",\"logo\":{\"@type\":\"ImageObject\",\"inLanguage\":\"es\",\"@id\":\"https:\\\/\\\/vistaslawgroup.com\\\/es\\\/#\\\/schema\\\/logo\\\/image\\\/\",\"url\":\"https:\\\/\\\/vistaslawgroup.com\\\/wp-content\\\/uploads\\\/2023\\\/10\\\/Vistas.png\",\"contentUrl\":\"https:\\\/\\\/vistaslawgroup.com\\\/wp-content\\\/uploads\\\/2023\\\/10\\\/Vistas.png\",\"width\":304,\"height\":73,\"caption\":\"Vistas Law Group\"},\"image\":{\"@id\":\"https:\\\/\\\/vistaslawgroup.com\\\/es\\\/#\\\/schema\\\/logo\\\/image\\\/\"}}]}<\/script>\n<!-- \/ Yoast SEO plugin. -->","yoast_head_json":{"title":"Abogado De Poder Notarial Duradero - Vistas Law Group","description":"Vistas Law Group","robots":{"index":"index","follow":"follow","max-snippet":"max-snippet:-1","max-image-preview":"max-image-preview:large","max-video-preview":"max-video-preview:-1"},"canonical":"https:\/\/vistaslawgroup.com\/es\/abogado-de-poder-notarial-duradero\/","og_locale":"es_ES","og_type":"article","og_title":"Abogado De Poder Notarial Duradero - Vistas Law Group","og_description":"Vistas Law Group","og_url":"https:\/\/vistaslawgroup.com\/es\/abogado-de-poder-notarial-duradero\/","og_site_name":"Vistas Law Group","article_modified_time":"2024-07-15T03:18:33+00:00","twitter_card":"summary_large_image","twitter_misc":{"Tiempo de lectura":"4 minutos"},"schema":{"@context":"https:\/\/schema.org","@graph":[{"@type":"WebPage","@id":"https:\/\/vistaslawgroup.com\/es\/abogado-de-poder-notarial-duradero\/","url":"https:\/\/vistaslawgroup.com\/es\/abogado-de-poder-notarial-duradero\/","name":"Abogado De Poder Notarial Duradero - Vistas Law Group","isPartOf":{"@id":"https:\/\/vistaslawgroup.com\/es\/#website"},"datePublished":"2023-10-19T21:16:57+00:00","dateModified":"2024-07-15T03:18:33+00:00","description":"Vistas Law Group","breadcrumb":{"@id":"https:\/\/vistaslawgroup.com\/es\/abogado-de-poder-notarial-duradero\/#breadcrumb"},"inLanguage":"es","potentialAction":[{"@type":"ReadAction","target":["https:\/\/vistaslawgroup.com\/es\/abogado-de-poder-notarial-duradero\/"]}]},{"@type":"BreadcrumbList","@id":"https:\/\/vistaslawgroup.com\/es\/abogado-de-poder-notarial-duradero\/#breadcrumb","itemListElement":[{"@type":"ListItem","position":1,"name":"Home","item":"https:\/\/vistaslawgroup.com\/es\/"},{"@type":"ListItem","position":2,"name":"Abogado De Poder Notarial Duradero"}]},{"@type":"WebSite","@id":"https:\/\/vistaslawgroup.com\/es\/#website","url":"https:\/\/vistaslawgroup.com\/es\/","name":"Vistas Law Group","description":"","publisher":{"@id":"https:\/\/vistaslawgroup.com\/es\/#organization"},"potentialAction":[{"@type":"SearchAction","target":{"@type":"EntryPoint","urlTemplate":"https:\/\/vistaslawgroup.com\/es\/?s={search_term_string}"},"query-input":{"@type":"PropertyValueSpecification","valueRequired":true,"valueName":"search_term_string"}}],"inLanguage":"es"},{"@type":"Organization","@id":"https:\/\/vistaslawgroup.com\/es\/#organization","name":"Vistas Law Group","url":"https:\/\/vistaslawgroup.com\/es\/","logo":{"@type":"ImageObject","inLanguage":"es","@id":"https:\/\/vistaslawgroup.com\/es\/#\/schema\/logo\/image\/","url":"https:\/\/vistaslawgroup.com\/wp-content\/uploads\/2023\/10\/Vistas.png","contentUrl":"https:\/\/vistaslawgroup.com\/wp-content\/uploads\/2023\/10\/Vistas.png","width":304,"height":73,"caption":"Vistas Law Group"},"image":{"@id":"https:\/\/vistaslawgroup.com\/es\/#\/schema\/logo\/image\/"}}]}},"_links":{"self":[{"href":"https:\/\/vistaslawgroup.com\/es\/wp-json\/wp\/v2\/pages\/7220","targetHints":{"allow":["GET"]}}],"collection":[{"href":"https:\/\/vistaslawgroup.com\/es\/wp-json\/wp\/v2\/pages"}],"about":[{"href":"https:\/\/vistaslawgroup.com\/es\/wp-json\/wp\/v2\/types\/page"}],"author":[{"embeddable":true,"href":"https:\/\/vistaslawgroup.com\/es\/wp-json\/wp\/v2\/users\/2"}],"replies":[{"embeddable":true,"href":"https:\/\/vistaslawgroup.com\/es\/wp-json\/wp\/v2\/comments?post=7220"}],"version-history":[{"count":0,"href":"https:\/\/vistaslawgroup.com\/es\/wp-json\/wp\/v2\/pages\/7220\/revisions"}],"wp:attachment":[{"href":"https:\/\/vistaslawgroup.com\/es\/wp-json\/wp\/v2\/media?parent=7220"}],"curies":[{"name":"wp","href":"https:\/\/api.w.org\/{rel}","templated":true}]}}