{"id":7264,"date":"2023-12-29T04:37:41","date_gmt":"2023-12-29T04:37:41","guid":{"rendered":"https:\/\/vistaslawgroup.com\/abogado-de-disputas-en-tutela-y-curatela\/"},"modified":"2023-12-29T04:37:41","modified_gmt":"2023-12-29T04:37:41","slug":"abogado-de-disputas-en-tutela-y-curatela","status":"publish","type":"page","link":"https:\/\/vistaslawgroup.com\/es\/abogado-de-disputas-en-tutela-y-curatela\/","title":{"rendered":"Abogado De Disputas En Tutela Y Curatela"},"content":{"rendered":"<p>En el panorama din\u00e1mico de los asuntos familiares y patrimoniales, comprender los matices de la tutela y la curatela es crucial, especialmente cuando surgen disputas. En Vistas Law Group, abordamos estas situaciones delicadas con el mayor respeto y atenci\u00f3n, asegurando que sus seres queridos est\u00e9n protegidos y su voz sea escuchada. Las disputas de tutela y curatela son conflictos legales que surgen en torno al establecimiento y la gesti\u00f3n de la tutela o la curatela. Estos mecanismos legales est\u00e1n dise\u00f1ados para proteger a las personas que no pueden cuidarse a s\u00ed mismas o administrar sus asuntos debido a una variedad de razones, como la minor\u00eda de edad (ser menor de edad), la incapacidad, la discapacidad o el deterioro de las facultades mentales debido a la edad o la enfermedad. <\/p>\n<h2>\u00bfQu\u00e9 Es La Tutela Y La Curatela?<\/h2>\n<p> La tutela generalmente se refiere a la responsabilidad legal sobre el bienestar personal del individuo, a menudo llamado \u00abtutelado\u00bb. Esto puede incluir decisiones sobre atenci\u00f3n m\u00e9dica, educaci\u00f3n y arreglos de vivienda. Por otro lado, la curatela generalmente se refiere a la administraci\u00f3n de los asuntos financieros del tutelado, asegurando que sus activos se utilicen para su cuidado y beneficio y se protejan del despilfarro o el abuso. <\/p>\n<h2>Las Disputas Pueden Ocurrir En Varios Contextos:<\/h2>\n<ol>\n<li><b>Desacuerdos sobre la necesidad:<\/b> Los familiares u otras partes interesadas pueden estar en desacuerdo sobre si la tutela o la curatela es necesaria. Por ejemplo, un hermano puede sentir que un padre a\u00fan puede tomar decisiones, mientras que otro puede creer que el padre ya no es capaz.<\/li>\n<li><b>Elecci\u00f3n del Tutor o Curador:<\/b> Puede haber conflicto sobre qui\u00e9n debe ser designado como tutor o curador.<span class=\"Apple-converted-space\"> <\/span><\/li>\n<li><b>Forma de atenci\u00f3n o administraci\u00f3n:<\/b> Incluso despu\u00e9s de que se designa a un tutor o curador, pueden surgir disputas sobre c\u00f3mo cumplen con sus deberes. Por ejemplo, los familiares pueden objetar si sienten que el tutor no est\u00e1 tomando decisiones de cuidado apropiadas o creen que el curador est\u00e1 administrando mal los fondos.<\/li>\n<li><b>Denuncias de abuso:<\/b> Desafortunadamente, puede haber casos en los que se acusa a un tutor o curador de negligencia hacia el tutelado, abuso o explotaci\u00f3n de su posici\u00f3n para obtener ganancias financieras. Estas acusaciones graves pueden conducir a acciones legales y la remoci\u00f3n del tutor o curador.<\/li>\n<li><b>Terminaci\u00f3n o modificaci\u00f3n:<\/b> Las circunstancias cambian y es posible que sea necesario modificar los t\u00e9rminos de la tutela o la curatela o cancelarla por completo. Si hay desacuerdo entre las partes sobre estos cambios, pueden surgir disputas.<\/li>\n<\/ol>\n<h2>Lo Que Significan La Tutela Y La Curatela Para Su Familia<\/h2>\n<p> La tutela y la curatela pueden ser temas emocionales, que a menudo surgen cuando un miembro de la familia ya no puede administrar sus asuntos o cuidarse a s\u00ed mismo. En esos momentos, necesita m\u00e1s que asesoramiento legal; necesita un socio que comprenda la delicadeza de la situaci\u00f3n. Vistas Law Group est\u00e1 aqu\u00ed para apoyarlo, ofreciendo orientaci\u00f3n sobre c\u00f3mo proteger a aquellos que no pueden protegerse a s\u00ed mismos, al mismo tiempo que respeta los l\u00edmites legales que estipula la ley de California. Nuestro enfoque es directo pero reflexivo para preservar la armon\u00eda familiar siempre que sea posible. <\/p>\n<h2>El Lado Humano De Las Disputas Legales En California<\/h2>\n<p> Las disputas legales no se tratan solo de leyes y estatutos; se trata de personas. Con respecto a los desacuerdos sobre tutela y curatela, el equipo de Vistas Law Group sabe que en el coraz\u00f3n de cada caso hay una familia que busca lo mejor para su ser querido. No somos solo abogados; somos defensores que escuchan y brindan una presencia tranquilizadora mientras trabajamos hacia una resoluci\u00f3n que honre los intereses y la dignidad de todos los involucrados. <\/p>\n<h2>Facilitando Las Decisiones Dif\u00edciles<span class=\"Apple-converted-space\"> <\/span><\/h2>\n<p> Tomar la decisi\u00f3n de buscar tutela o curatela siempre es un desaf\u00edo, y las disputas pueden hacer que estas decisiones sean a\u00fan m\u00e1s desafiantes. Lo ayudamos a comprender las implicaciones de cada elecci\u00f3n y le ofrecemos consejos claros y considerados sobre c\u00f3mo proceder. Nuestro compromiso es garantizar que se sienta apoyado e informado en cada paso del camino, ya que estas decisiones afectan no solo el bienestar de su ser querido, sino tambi\u00e9n las responsabilidades legales y financieras que puede asumir. <\/p>\n<h2>Comun\u00edquese Con Vistas Law Group<\/h2>\n<p> Los asuntos de tutela y curatela requieren no solo experiencia legal sino tambi\u00e9n un toque humano. Estamos aqu\u00ed para ofrecer ambos. Si enfrenta decisiones familiares dif\u00edciles o disputas en California, recuerde que no est\u00e1 solo. Vistas Law Group lo apoyar\u00e1 con asesoramiento pr\u00e1ctico y orientaci\u00f3n sincera.<span class=\"Apple-converted-space\">  <\/span>Para conversar con un abogado en Los \u00c1ngeles, ll\u00e1menos al <a href=\"tel:213-745-8747\">213-745-8747<\/a> o comun\u00edquese con nosotros en Inland Empire al <a href=\"tel:909-415-0540\">909-415-0540<\/a>. Alternativamente, puede contactarnos en l\u00ednea para programar una consulta con un abogado de Sucesiones dedicado que atiende a clientes en todo California. Estamos aqu\u00ed para ayudar a garantizar que el cuidado de sus seres queridos se gestione con dignidad y excelencia legal.  <\/p>\n","protected":false},"excerpt":{"rendered":"<p>En el panorama din\u00e1mico de los asuntos familiares y patrimoniales, comprender los matices de la tutela y la curatela es crucial, especialmente cuando surgen disputas. En Vistas Law Group, abordamos estas situaciones delicadas con el mayor respeto y atenci\u00f3n, asegurando que sus seres queridos est\u00e9n protegidos y su voz sea escuchada. Las disputas de tutela&hellip;<\/p>\n","protected":false},"author":10,"featured_media":0,"parent":0,"menu_order":0,"comment_status":"closed","ping_status":"closed","template":"","meta":{"_acf_changed":false,"inline_featured_image":false,"footnotes":""},"class_list":["post-7264","page","type-page","status-publish","hentry"],"acf":[],"yoast_head":"<!-- This site is optimized with the Yoast SEO plugin v27.5 - https:\/\/yoast.com\/product\/yoast-seo-wordpress\/ -->\n<title>Abogado De Disputas En Tutela Y Curatela - Vistas Law Group<\/title>\n<meta name=\"description\" content=\"Vistas Law Group\" \/>\n<meta name=\"robots\" content=\"index, follow, max-snippet:-1, max-image-preview:large, max-video-preview:-1\" \/>\n<link rel=\"canonical\" href=\"https:\/\/vistaslawgroup.com\/es\/abogado-de-disputas-en-tutela-y-curatela\/\" \/>\n<meta property=\"og:locale\" content=\"es_ES\" \/>\n<meta property=\"og:type\" content=\"article\" \/>\n<meta property=\"og:title\" content=\"Abogado De Disputas En Tutela Y Curatela - Vistas Law Group\" \/>\n<meta property=\"og:description\" content=\"Vistas Law Group\" \/>\n<meta property=\"og:url\" content=\"https:\/\/vistaslawgroup.com\/es\/abogado-de-disputas-en-tutela-y-curatela\/\" \/>\n<meta property=\"og:site_name\" content=\"Vistas Law Group\" \/>\n<meta name=\"twitter:card\" content=\"summary_large_image\" \/>\n<meta name=\"twitter:label1\" content=\"Tiempo de lectura\" \/>\n\t<meta name=\"twitter:data1\" content=\"4 minutos\" \/>\n<script type=\"application\/ld+json\" class=\"yoast-schema-graph\">{\"@context\":\"https:\\\/\\\/schema.org\",\"@graph\":[{\"@type\":\"WebPage\",\"@id\":\"https:\\\/\\\/vistaslawgroup.com\\\/es\\\/abogado-de-disputas-en-tutela-y-curatela\\\/\",\"url\":\"https:\\\/\\\/vistaslawgroup.com\\\/es\\\/abogado-de-disputas-en-tutela-y-curatela\\\/\",\"name\":\"Abogado De Disputas En Tutela Y Curatela - Vistas Law Group\",\"isPartOf\":{\"@id\":\"https:\\\/\\\/vistaslawgroup.com\\\/es\\\/#website\"},\"datePublished\":\"2023-12-29T04:37:41+00:00\",\"description\":\"Vistas Law Group\",\"breadcrumb\":{\"@id\":\"https:\\\/\\\/vistaslawgroup.com\\\/es\\\/abogado-de-disputas-en-tutela-y-curatela\\\/#breadcrumb\"},\"inLanguage\":\"es\",\"potentialAction\":[{\"@type\":\"ReadAction\",\"target\":[\"https:\\\/\\\/vistaslawgroup.com\\\/es\\\/abogado-de-disputas-en-tutela-y-curatela\\\/\"]}]},{\"@type\":\"BreadcrumbList\",\"@id\":\"https:\\\/\\\/vistaslawgroup.com\\\/es\\\/abogado-de-disputas-en-tutela-y-curatela\\\/#breadcrumb\",\"itemListElement\":[{\"@type\":\"ListItem\",\"position\":1,\"name\":\"Home\",\"item\":\"https:\\\/\\\/vistaslawgroup.com\\\/es\\\/\"},{\"@type\":\"ListItem\",\"position\":2,\"name\":\"Abogado De Disputas En Tutela Y Curatela\"}]},{\"@type\":\"WebSite\",\"@id\":\"https:\\\/\\\/vistaslawgroup.com\\\/es\\\/#website\",\"url\":\"https:\\\/\\\/vistaslawgroup.com\\\/es\\\/\",\"name\":\"Vistas Law Group\",\"description\":\"\",\"publisher\":{\"@id\":\"https:\\\/\\\/vistaslawgroup.com\\\/es\\\/#organization\"},\"potentialAction\":[{\"@type\":\"SearchAction\",\"target\":{\"@type\":\"EntryPoint\",\"urlTemplate\":\"https:\\\/\\\/vistaslawgroup.com\\\/es\\\/?s={search_term_string}\"},\"query-input\":{\"@type\":\"PropertyValueSpecification\",\"valueRequired\":true,\"valueName\":\"search_term_string\"}}],\"inLanguage\":\"es\"},{\"@type\":\"Organization\",\"@id\":\"https:\\\/\\\/vistaslawgroup.com\\\/es\\\/#organization\",\"name\":\"Vistas Law Group\",\"url\":\"https:\\\/\\\/vistaslawgroup.com\\\/es\\\/\",\"logo\":{\"@type\":\"ImageObject\",\"inLanguage\":\"es\",\"@id\":\"https:\\\/\\\/vistaslawgroup.com\\\/es\\\/#\\\/schema\\\/logo\\\/image\\\/\",\"url\":\"https:\\\/\\\/vistaslawgroup.com\\\/wp-content\\\/uploads\\\/2023\\\/10\\\/Vistas.png\",\"contentUrl\":\"https:\\\/\\\/vistaslawgroup.com\\\/wp-content\\\/uploads\\\/2023\\\/10\\\/Vistas.png\",\"width\":304,\"height\":73,\"caption\":\"Vistas Law Group\"},\"image\":{\"@id\":\"https:\\\/\\\/vistaslawgroup.com\\\/es\\\/#\\\/schema\\\/logo\\\/image\\\/\"}}]}<\/script>\n<!-- \/ Yoast SEO plugin. -->","yoast_head_json":{"title":"Abogado De Disputas En Tutela Y Curatela - Vistas Law Group","description":"Vistas Law Group","robots":{"index":"index","follow":"follow","max-snippet":"max-snippet:-1","max-image-preview":"max-image-preview:large","max-video-preview":"max-video-preview:-1"},"canonical":"https:\/\/vistaslawgroup.com\/es\/abogado-de-disputas-en-tutela-y-curatela\/","og_locale":"es_ES","og_type":"article","og_title":"Abogado De Disputas En Tutela Y Curatela - Vistas Law Group","og_description":"Vistas Law Group","og_url":"https:\/\/vistaslawgroup.com\/es\/abogado-de-disputas-en-tutela-y-curatela\/","og_site_name":"Vistas Law Group","twitter_card":"summary_large_image","twitter_misc":{"Tiempo de lectura":"4 minutos"},"schema":{"@context":"https:\/\/schema.org","@graph":[{"@type":"WebPage","@id":"https:\/\/vistaslawgroup.com\/es\/abogado-de-disputas-en-tutela-y-curatela\/","url":"https:\/\/vistaslawgroup.com\/es\/abogado-de-disputas-en-tutela-y-curatela\/","name":"Abogado De Disputas En Tutela Y Curatela - Vistas Law Group","isPartOf":{"@id":"https:\/\/vistaslawgroup.com\/es\/#website"},"datePublished":"2023-12-29T04:37:41+00:00","description":"Vistas Law Group","breadcrumb":{"@id":"https:\/\/vistaslawgroup.com\/es\/abogado-de-disputas-en-tutela-y-curatela\/#breadcrumb"},"inLanguage":"es","potentialAction":[{"@type":"ReadAction","target":["https:\/\/vistaslawgroup.com\/es\/abogado-de-disputas-en-tutela-y-curatela\/"]}]},{"@type":"BreadcrumbList","@id":"https:\/\/vistaslawgroup.com\/es\/abogado-de-disputas-en-tutela-y-curatela\/#breadcrumb","itemListElement":[{"@type":"ListItem","position":1,"name":"Home","item":"https:\/\/vistaslawgroup.com\/es\/"},{"@type":"ListItem","position":2,"name":"Abogado De Disputas En Tutela Y Curatela"}]},{"@type":"WebSite","@id":"https:\/\/vistaslawgroup.com\/es\/#website","url":"https:\/\/vistaslawgroup.com\/es\/","name":"Vistas Law Group","description":"","publisher":{"@id":"https:\/\/vistaslawgroup.com\/es\/#organization"},"potentialAction":[{"@type":"SearchAction","target":{"@type":"EntryPoint","urlTemplate":"https:\/\/vistaslawgroup.com\/es\/?s={search_term_string}"},"query-input":{"@type":"PropertyValueSpecification","valueRequired":true,"valueName":"search_term_string"}}],"inLanguage":"es"},{"@type":"Organization","@id":"https:\/\/vistaslawgroup.com\/es\/#organization","name":"Vistas Law Group","url":"https:\/\/vistaslawgroup.com\/es\/","logo":{"@type":"ImageObject","inLanguage":"es","@id":"https:\/\/vistaslawgroup.com\/es\/#\/schema\/logo\/image\/","url":"https:\/\/vistaslawgroup.com\/wp-content\/uploads\/2023\/10\/Vistas.png","contentUrl":"https:\/\/vistaslawgroup.com\/wp-content\/uploads\/2023\/10\/Vistas.png","width":304,"height":73,"caption":"Vistas Law Group"},"image":{"@id":"https:\/\/vistaslawgroup.com\/es\/#\/schema\/logo\/image\/"}}]}},"_links":{"self":[{"href":"https:\/\/vistaslawgroup.com\/es\/wp-json\/wp\/v2\/pages\/7264","targetHints":{"allow":["GET"]}}],"collection":[{"href":"https:\/\/vistaslawgroup.com\/es\/wp-json\/wp\/v2\/pages"}],"about":[{"href":"https:\/\/vistaslawgroup.com\/es\/wp-json\/wp\/v2\/types\/page"}],"author":[{"embeddable":true,"href":"https:\/\/vistaslawgroup.com\/es\/wp-json\/wp\/v2\/users\/10"}],"replies":[{"embeddable":true,"href":"https:\/\/vistaslawgroup.com\/es\/wp-json\/wp\/v2\/comments?post=7264"}],"version-history":[{"count":0,"href":"https:\/\/vistaslawgroup.com\/es\/wp-json\/wp\/v2\/pages\/7264\/revisions"}],"wp:attachment":[{"href":"https:\/\/vistaslawgroup.com\/es\/wp-json\/wp\/v2\/media?parent=7264"}],"curies":[{"name":"wp","href":"https:\/\/api.w.org\/{rel}","templated":true}]}}