{"id":7266,"date":"2024-05-31T02:34:15","date_gmt":"2024-05-31T02:34:15","guid":{"rendered":"https:\/\/vistaslawgroup.com\/nominacion-de-tutor-en-california\/"},"modified":"2024-05-31T02:34:15","modified_gmt":"2024-05-31T02:34:15","slug":"nominacion-de-tutor-en-california","status":"publish","type":"page","link":"https:\/\/vistaslawgroup.com\/es\/nominacion-de-tutor-en-california\/","title":{"rendered":"Nominaci\u00f3n De Tutor En California"},"content":{"rendered":"<p>Elegir un tutor para sus hijos es una de las decisiones m\u00e1s importantes que tomar\u00e1. Es un tema sobre el que muchos preferimos no pensar, pero es crucial para garantizar el bienestar de sus hijos en caso de lo inesperado. En Vistas Law Group, LLP, entendemos el peso emocional y la complejidad de esta decisi\u00f3n. Por eso estamos aqu\u00ed para guiarlo en cada paso del proceso de nominaci\u00f3n, asegur\u00e1ndonos de que sus deseos est\u00e9n claramente documentados y sean legalmente s\u00f3lidos. Nuestro enfoque es personalizado y biling\u00fce, garantizando que todas las familias en California tengan acceso a las soluciones legales compasivas y efectivas que necesitan.     <\/p>\n<h2>\u00bfQu\u00e9 Es La Nominaci\u00f3n De Un Tutor?<\/h2>\n<p> La nominaci\u00f3n de un tutor es el proceso legal de designar a una persona (o personas) para cuidar de sus hijos menores si usted y el otro padre no pueden hacerlo. Esto puede deberse a una muerte prematura o incapacidad. En California, nominar un tutor ayuda a garantizar que sus hijos ser\u00e1n cuidados por alguien en quien conf\u00ede y que comparta sus valores y filosof\u00eda de crianza.   <\/p>\n<h2>\u00bfPor Qu\u00e9 Nominar Un Tutor En California?<\/h2>\n<p> La importancia de nominar un tutor no puede ser exagerada. Sin una nominaci\u00f3n clara:  <\/p>\n<ul>\n<li>El tribunal decidir\u00e1 qui\u00e9n cuidar\u00e1 de sus hijos, potencialmente eligiendo a alguien que usted no habr\u00eda elegido.<\/li>\n<li>Sus hijos podr\u00edan ser colocados temporalmente en hogares de guarda mientras el tribunal toma su decisi\u00f3n.<\/li>\n<li>Podr\u00edan surgir conflictos familiares mientras familiares o amigos compiten por la tutela, causando<span class=\"Apple-converted-space\"> <\/span><\/li>\n<\/ul>\n<p> estr\u00e9s emocional a sus hijos. <\/p>\n<h2>El Proceso De Nominaci\u00f3n De Un Tutor En California<\/h2>\n<p> Nominar un tutor implica varios pasos clave: <\/p>\n<ol>\n<li><b>Consideraci\u00f3n y decisi\u00f3n:<\/b> Reflexione sobre qui\u00e9n se alinea mejor con sus valores, tiene un v\u00ednculo genuino con sus hijos y est\u00e1 dispuesto y capacitado para asumir la responsabilidad.<\/li>\n<li><b>Documentaci\u00f3n legal:<\/b> Nomine formalmente a su tutor elegido en su testamento u otros documentos legales, siguiendo los requisitos legales de California para garantizar la validez de la nominaci\u00f3n.<\/li>\n<li><b>Comunicaci\u00f3n:<\/b> Discuta su decisi\u00f3n con el tutor elegido para confirmar que est\u00e1 dispuesto a asumir este rol y con sus hijos si tienen la edad suficiente para entender.<\/li>\n<\/ol>\n<h2>Consejos Pr\u00e1cticos Para Elegir Un Tutor<\/h2>\n<p> Al seleccionar un tutor para sus hijos, es esencial abordar la decisi\u00f3n con cuidado y consideraci\u00f3n; estos son consejos pr\u00e1cticos para ayudarlo a tomar una decisi\u00f3n informada: <\/p>\n<ul>\n<li><b>Piense a largo plazo:<\/b> Opte por un tutor que siga siendo una influencia constante y positiva, reflexionando sobre su edad, salud y compromiso de por vida con sus hijos.<\/li>\n<li><b>Considere los valores y el estilo de crianza: <\/b>Busque alineaci\u00f3n en las opiniones educativas, los enfoques disciplinarios y el estilo de vida general para garantizar una transici\u00f3n sin problemas para sus hijos.<\/li>\n<li><b>Estabilidad financiera y ubicaci\u00f3n:<\/b> Eval\u00fae la capacidad del tutor para proporcionar un entorno estable y considere el impacto de la reubicaci\u00f3n en la vida social y educativa de sus hijos.<\/li>\n<li><b>.Considere dos tutores separados<\/b>: <span class=\"Apple-converted-space\">.<\/span>El tutor de la persona y el tutor del patrimonio no tienen que ser la misma persona. <span class=\"Apple-converted-space\">.<\/span>Muchas veces, la persona que es m\u00e1s cari\u00f1osa y adecuada para cuidar f\u00edsicamente a su hijo puede no tener la sofisticaci\u00f3n financiera para administrar el patrimonio del ni\u00f1o. <span class=\"Apple-converted-space\">.<\/span>Cuando surge esta situaci\u00f3n, puede nombrar a dos personas diferentes como tutores en las dos capacidades diferentes.<\/li>\n<li><b>Tutor de respaldo:<\/b> Seleccionar un tutor alternativo garantiza que siempre haya un cuidador confiable y dispuesto, protegi\u00e9ndolo contra circunstancias imprevistas.<\/li>\n<\/ul>\n<h2>Consideraciones Legales En California<\/h2>\n<p> En California, la nominaci\u00f3n debe hacerse por escrito, t\u00edpicamente en un testamento, y cumplir con est\u00e1ndares legales espec\u00edficos para ser v\u00e1lida. Tambi\u00e9n es importante entender que la nominaci\u00f3n es una recomendaci\u00f3n al tribunal. Si bien los tribunales consideran fuertemente los deseos de los padres, en \u00faltima instancia decidir\u00e1n en funci\u00f3n del mejor inter\u00e9s del ni\u00f1o.   <\/p>\n<h2>C\u00f3mo Vistas Law Group, LLP, Puede Ayudar<\/h2>\n<p> Nuestro bufete est\u00e1 comprometido a ayudarlo a tomar las mejores decisiones posibles sobre el cuidado futuro de sus hijos. Brindamos orientaci\u00f3n clara y directa sobre la nominaci\u00f3n de un tutor en California, asegur\u00e1ndonos de que sus deseos est\u00e9n legalmente documentados y respetados. Nuestro servicio personalizado y biling\u00fce significa que estamos aqu\u00ed para apoyar las necesidades \u00fanicas de cada familia.   <\/p>\n<h2>Comun\u00edquese Para Obtener Orientaci\u00f3n Legal Compasiva<\/h2>\n<p> Decidir sobre un tutor para sus hijos es un profundo acto de amor y responsabilidad. Si est\u00e1 listo para dar este importante paso o tiene preguntas sobre el proceso, Vistas Law Group, LLP, est\u00e1 aqu\u00ed para ayudarlo. Para hablar con un abogado en Los \u00c1ngeles, cont\u00e1ctenos al <a href=\"tel:213-745-8747\">213-745-8747<\/a> o en Inland Empire al <a href=\"tel:909-415-0540\">909-415-0540<\/a>. Tambi\u00e9n puede comunicarse con nosotros en <a href=\"https:\/\/vistasnewsite.com\">l\u00ednea<\/a> para programar una consulta con un abogado de sucesiones dedicado que atiende a clientes en todo California. Trabajemos juntos para garantizar la protecci\u00f3n del futuro de sus hijos.    <\/p>\n","protected":false},"excerpt":{"rendered":"<p>Elegir un tutor para sus hijos es una de las decisiones m\u00e1s importantes que tomar\u00e1. Es un tema sobre el que muchos preferimos no pensar, pero es crucial para garantizar el bienestar de sus hijos en caso de lo inesperado. En Vistas Law Group, LLP, entendemos el peso emocional y la complejidad de esta decisi\u00f3n.&hellip;<\/p>\n","protected":false},"author":10,"featured_media":0,"parent":0,"menu_order":0,"comment_status":"closed","ping_status":"closed","template":"","meta":{"_acf_changed":false,"inline_featured_image":false,"footnotes":""},"class_list":["post-7266","page","type-page","status-publish","hentry"],"acf":[],"yoast_head":"<!-- This site is optimized with the Yoast SEO plugin v27.5 - https:\/\/yoast.com\/product\/yoast-seo-wordpress\/ -->\n<title>Nominaci\u00f3n De Tutor En California - Vistas Law Group<\/title>\n<meta name=\"description\" content=\"Vistas Law Group\" \/>\n<meta name=\"robots\" content=\"index, follow, max-snippet:-1, max-image-preview:large, max-video-preview:-1\" \/>\n<link rel=\"canonical\" href=\"https:\/\/vistaslawgroup.com\/es\/nominacion-de-tutor-en-california\/\" \/>\n<meta property=\"og:locale\" content=\"es_ES\" \/>\n<meta property=\"og:type\" content=\"article\" \/>\n<meta property=\"og:title\" content=\"Nominaci\u00f3n De Tutor En California - Vistas Law Group\" \/>\n<meta property=\"og:description\" content=\"Vistas Law Group\" \/>\n<meta property=\"og:url\" content=\"https:\/\/vistaslawgroup.com\/es\/nominacion-de-tutor-en-california\/\" \/>\n<meta property=\"og:site_name\" content=\"Vistas Law Group\" \/>\n<meta name=\"twitter:card\" content=\"summary_large_image\" \/>\n<meta name=\"twitter:label1\" content=\"Tiempo de lectura\" \/>\n\t<meta name=\"twitter:data1\" content=\"4 minutos\" \/>\n<script type=\"application\/ld+json\" class=\"yoast-schema-graph\">{\"@context\":\"https:\\\/\\\/schema.org\",\"@graph\":[{\"@type\":\"WebPage\",\"@id\":\"https:\\\/\\\/vistaslawgroup.com\\\/es\\\/nominacion-de-tutor-en-california\\\/\",\"url\":\"https:\\\/\\\/vistaslawgroup.com\\\/es\\\/nominacion-de-tutor-en-california\\\/\",\"name\":\"Nominaci\u00f3n De Tutor En California - Vistas Law Group\",\"isPartOf\":{\"@id\":\"https:\\\/\\\/vistaslawgroup.com\\\/es\\\/#website\"},\"datePublished\":\"2024-05-31T02:34:15+00:00\",\"description\":\"Vistas Law Group\",\"breadcrumb\":{\"@id\":\"https:\\\/\\\/vistaslawgroup.com\\\/es\\\/nominacion-de-tutor-en-california\\\/#breadcrumb\"},\"inLanguage\":\"es\",\"potentialAction\":[{\"@type\":\"ReadAction\",\"target\":[\"https:\\\/\\\/vistaslawgroup.com\\\/es\\\/nominacion-de-tutor-en-california\\\/\"]}]},{\"@type\":\"BreadcrumbList\",\"@id\":\"https:\\\/\\\/vistaslawgroup.com\\\/es\\\/nominacion-de-tutor-en-california\\\/#breadcrumb\",\"itemListElement\":[{\"@type\":\"ListItem\",\"position\":1,\"name\":\"Home\",\"item\":\"https:\\\/\\\/vistaslawgroup.com\\\/es\\\/\"},{\"@type\":\"ListItem\",\"position\":2,\"name\":\"Nominaci\u00f3n De Tutor En California\"}]},{\"@type\":\"WebSite\",\"@id\":\"https:\\\/\\\/vistaslawgroup.com\\\/es\\\/#website\",\"url\":\"https:\\\/\\\/vistaslawgroup.com\\\/es\\\/\",\"name\":\"Vistas Law Group\",\"description\":\"\",\"publisher\":{\"@id\":\"https:\\\/\\\/vistaslawgroup.com\\\/es\\\/#organization\"},\"potentialAction\":[{\"@type\":\"SearchAction\",\"target\":{\"@type\":\"EntryPoint\",\"urlTemplate\":\"https:\\\/\\\/vistaslawgroup.com\\\/es\\\/?s={search_term_string}\"},\"query-input\":{\"@type\":\"PropertyValueSpecification\",\"valueRequired\":true,\"valueName\":\"search_term_string\"}}],\"inLanguage\":\"es\"},{\"@type\":\"Organization\",\"@id\":\"https:\\\/\\\/vistaslawgroup.com\\\/es\\\/#organization\",\"name\":\"Vistas Law Group\",\"url\":\"https:\\\/\\\/vistaslawgroup.com\\\/es\\\/\",\"logo\":{\"@type\":\"ImageObject\",\"inLanguage\":\"es\",\"@id\":\"https:\\\/\\\/vistaslawgroup.com\\\/es\\\/#\\\/schema\\\/logo\\\/image\\\/\",\"url\":\"https:\\\/\\\/vistaslawgroup.com\\\/wp-content\\\/uploads\\\/2023\\\/10\\\/Vistas.png\",\"contentUrl\":\"https:\\\/\\\/vistaslawgroup.com\\\/wp-content\\\/uploads\\\/2023\\\/10\\\/Vistas.png\",\"width\":304,\"height\":73,\"caption\":\"Vistas Law Group\"},\"image\":{\"@id\":\"https:\\\/\\\/vistaslawgroup.com\\\/es\\\/#\\\/schema\\\/logo\\\/image\\\/\"}}]}<\/script>\n<!-- \/ Yoast SEO plugin. -->","yoast_head_json":{"title":"Nominaci\u00f3n De Tutor En California - Vistas Law Group","description":"Vistas Law Group","robots":{"index":"index","follow":"follow","max-snippet":"max-snippet:-1","max-image-preview":"max-image-preview:large","max-video-preview":"max-video-preview:-1"},"canonical":"https:\/\/vistaslawgroup.com\/es\/nominacion-de-tutor-en-california\/","og_locale":"es_ES","og_type":"article","og_title":"Nominaci\u00f3n De Tutor En California - Vistas Law Group","og_description":"Vistas Law Group","og_url":"https:\/\/vistaslawgroup.com\/es\/nominacion-de-tutor-en-california\/","og_site_name":"Vistas Law Group","twitter_card":"summary_large_image","twitter_misc":{"Tiempo de lectura":"4 minutos"},"schema":{"@context":"https:\/\/schema.org","@graph":[{"@type":"WebPage","@id":"https:\/\/vistaslawgroup.com\/es\/nominacion-de-tutor-en-california\/","url":"https:\/\/vistaslawgroup.com\/es\/nominacion-de-tutor-en-california\/","name":"Nominaci\u00f3n De Tutor En California - Vistas Law Group","isPartOf":{"@id":"https:\/\/vistaslawgroup.com\/es\/#website"},"datePublished":"2024-05-31T02:34:15+00:00","description":"Vistas Law Group","breadcrumb":{"@id":"https:\/\/vistaslawgroup.com\/es\/nominacion-de-tutor-en-california\/#breadcrumb"},"inLanguage":"es","potentialAction":[{"@type":"ReadAction","target":["https:\/\/vistaslawgroup.com\/es\/nominacion-de-tutor-en-california\/"]}]},{"@type":"BreadcrumbList","@id":"https:\/\/vistaslawgroup.com\/es\/nominacion-de-tutor-en-california\/#breadcrumb","itemListElement":[{"@type":"ListItem","position":1,"name":"Home","item":"https:\/\/vistaslawgroup.com\/es\/"},{"@type":"ListItem","position":2,"name":"Nominaci\u00f3n De Tutor En California"}]},{"@type":"WebSite","@id":"https:\/\/vistaslawgroup.com\/es\/#website","url":"https:\/\/vistaslawgroup.com\/es\/","name":"Vistas Law Group","description":"","publisher":{"@id":"https:\/\/vistaslawgroup.com\/es\/#organization"},"potentialAction":[{"@type":"SearchAction","target":{"@type":"EntryPoint","urlTemplate":"https:\/\/vistaslawgroup.com\/es\/?s={search_term_string}"},"query-input":{"@type":"PropertyValueSpecification","valueRequired":true,"valueName":"search_term_string"}}],"inLanguage":"es"},{"@type":"Organization","@id":"https:\/\/vistaslawgroup.com\/es\/#organization","name":"Vistas Law Group","url":"https:\/\/vistaslawgroup.com\/es\/","logo":{"@type":"ImageObject","inLanguage":"es","@id":"https:\/\/vistaslawgroup.com\/es\/#\/schema\/logo\/image\/","url":"https:\/\/vistaslawgroup.com\/wp-content\/uploads\/2023\/10\/Vistas.png","contentUrl":"https:\/\/vistaslawgroup.com\/wp-content\/uploads\/2023\/10\/Vistas.png","width":304,"height":73,"caption":"Vistas Law Group"},"image":{"@id":"https:\/\/vistaslawgroup.com\/es\/#\/schema\/logo\/image\/"}}]}},"_links":{"self":[{"href":"https:\/\/vistaslawgroup.com\/es\/wp-json\/wp\/v2\/pages\/7266","targetHints":{"allow":["GET"]}}],"collection":[{"href":"https:\/\/vistaslawgroup.com\/es\/wp-json\/wp\/v2\/pages"}],"about":[{"href":"https:\/\/vistaslawgroup.com\/es\/wp-json\/wp\/v2\/types\/page"}],"author":[{"embeddable":true,"href":"https:\/\/vistaslawgroup.com\/es\/wp-json\/wp\/v2\/users\/10"}],"replies":[{"embeddable":true,"href":"https:\/\/vistaslawgroup.com\/es\/wp-json\/wp\/v2\/comments?post=7266"}],"version-history":[{"count":0,"href":"https:\/\/vistaslawgroup.com\/es\/wp-json\/wp\/v2\/pages\/7266\/revisions"}],"wp:attachment":[{"href":"https:\/\/vistaslawgroup.com\/es\/wp-json\/wp\/v2\/media?parent=7266"}],"curies":[{"name":"wp","href":"https:\/\/api.w.org\/{rel}","templated":true}]}}