{"id":7267,"date":"2023-12-13T08:21:43","date_gmt":"2023-12-13T08:21:43","guid":{"rendered":"https:\/\/vistaslawgroup.com\/testimonios\/"},"modified":"2023-12-13T08:21:43","modified_gmt":"2023-12-13T08:21:43","slug":"testimonios","status":"publish","type":"page","link":"https:\/\/vistaslawgroup.com\/es\/testimonios\/","title":{"rendered":"Testimonios"},"content":{"rendered":"<blockquote><p>Admito que al principio no estaba seguro\u2026 mi caso estaba siendo transferido de un bufete de abogados a otro con Louie Ruiz, quien hab\u00eda estado trabajando en el caso durante bastante tiempo\u2026 simplemente no lo sab\u00eda, fue poco despu\u00e9s del cambio que me di cuenta de que este tipo no estaba jugando, hizo un trabajo absolutamente incre\u00edble obteniendo la herencia para mi hermana y para m\u00ed, y algunos recuerdos familiares personales para atesorar\u2026 Obtuvimos m\u00e1s de lo que jam\u00e1s esperamos obtener. Recomiendo encarecidamente a Louie Ruiz y Vistas Law Group para todas sus necesidades legales. Gracias Louie, y a todo tu personal\u2026 ha sido un placer trabajar con todos ustedes. \u00a1Gracias!    <strong>Cliente<\/strong><\/p><\/blockquote>\n<blockquote><p>Louie, te estoy agradecido a ti y a la firma que representas. Manejaste mi caso con gran profesionalismo durante toda la duraci\u00f3n del caso. Todos en tu firma estuvieron muy involucrados y fueron muy receptivos cada vez que tuve preguntas. Siempre estuviste disponible y dispuesto a ayudar y responder a mis preguntas. El resultado fue muy satisfactorio para m\u00ed, te tomaste el tiempo para hacer el movimiento correcto para impresionar al juez a nuestro favor. Estoy agradecido, puedes contar conmigo para recomendar la firma que representas a mis amigos, familiares y comunidad.     <strong>Cliente<\/strong><\/p><\/blockquote>\n","protected":false},"excerpt":{"rendered":"<p>Admito que al principio no estaba seguro\u2026 mi caso estaba siendo transferido de un bufete de abogados a otro con Louie Ruiz, quien hab\u00eda estado trabajando en el caso durante bastante tiempo\u2026 simplemente no lo sab\u00eda, fue poco despu\u00e9s del cambio que me di cuenta de que este tipo no estaba jugando, hizo un trabajo&hellip;<\/p>\n","protected":false},"author":1,"featured_media":0,"parent":0,"menu_order":0,"comment_status":"closed","ping_status":"closed","template":"","meta":{"_acf_changed":false,"inline_featured_image":false,"footnotes":""},"class_list":["post-7267","page","type-page","status-publish","hentry"],"acf":[],"yoast_head":"<!-- This site is optimized with the Yoast SEO plugin v27.5 - https:\/\/yoast.com\/product\/yoast-seo-wordpress\/ -->\n<title>Testimonios - Vistas Law Group<\/title>\n<meta name=\"description\" content=\"Vistas Law Group\" \/>\n<meta name=\"robots\" content=\"index, follow, max-snippet:-1, max-image-preview:large, max-video-preview:-1\" \/>\n<link rel=\"canonical\" href=\"https:\/\/vistaslawgroup.com\/es\/testimonios\/\" \/>\n<meta property=\"og:locale\" content=\"es_ES\" \/>\n<meta property=\"og:type\" content=\"article\" \/>\n<meta property=\"og:title\" content=\"Testimonios - Vistas Law Group\" \/>\n<meta property=\"og:description\" content=\"Vistas Law Group\" \/>\n<meta property=\"og:url\" content=\"https:\/\/vistaslawgroup.com\/es\/testimonios\/\" \/>\n<meta property=\"og:site_name\" content=\"Vistas Law Group\" \/>\n<meta name=\"twitter:card\" content=\"summary_large_image\" \/>\n<meta name=\"twitter:label1\" content=\"Tiempo de lectura\" \/>\n\t<meta name=\"twitter:data1\" content=\"1 minuto\" \/>\n<script type=\"application\/ld+json\" class=\"yoast-schema-graph\">{\"@context\":\"https:\\\/\\\/schema.org\",\"@graph\":[{\"@type\":\"WebPage\",\"@id\":\"https:\\\/\\\/vistaslawgroup.com\\\/es\\\/testimonios\\\/\",\"url\":\"https:\\\/\\\/vistaslawgroup.com\\\/es\\\/testimonios\\\/\",\"name\":\"Testimonios - Vistas Law Group\",\"isPartOf\":{\"@id\":\"https:\\\/\\\/vistaslawgroup.com\\\/es\\\/#website\"},\"datePublished\":\"2023-12-13T08:21:43+00:00\",\"description\":\"Vistas Law Group\",\"breadcrumb\":{\"@id\":\"https:\\\/\\\/vistaslawgroup.com\\\/es\\\/testimonios\\\/#breadcrumb\"},\"inLanguage\":\"es\",\"potentialAction\":[{\"@type\":\"ReadAction\",\"target\":[\"https:\\\/\\\/vistaslawgroup.com\\\/es\\\/testimonios\\\/\"]}]},{\"@type\":\"BreadcrumbList\",\"@id\":\"https:\\\/\\\/vistaslawgroup.com\\\/es\\\/testimonios\\\/#breadcrumb\",\"itemListElement\":[{\"@type\":\"ListItem\",\"position\":1,\"name\":\"Home\",\"item\":\"https:\\\/\\\/vistaslawgroup.com\\\/es\\\/\"},{\"@type\":\"ListItem\",\"position\":2,\"name\":\"Testimonios\"}]},{\"@type\":\"WebSite\",\"@id\":\"https:\\\/\\\/vistaslawgroup.com\\\/es\\\/#website\",\"url\":\"https:\\\/\\\/vistaslawgroup.com\\\/es\\\/\",\"name\":\"Vistas Law Group\",\"description\":\"\",\"publisher\":{\"@id\":\"https:\\\/\\\/vistaslawgroup.com\\\/es\\\/#organization\"},\"potentialAction\":[{\"@type\":\"SearchAction\",\"target\":{\"@type\":\"EntryPoint\",\"urlTemplate\":\"https:\\\/\\\/vistaslawgroup.com\\\/es\\\/?s={search_term_string}\"},\"query-input\":{\"@type\":\"PropertyValueSpecification\",\"valueRequired\":true,\"valueName\":\"search_term_string\"}}],\"inLanguage\":\"es\"},{\"@type\":\"Organization\",\"@id\":\"https:\\\/\\\/vistaslawgroup.com\\\/es\\\/#organization\",\"name\":\"Vistas Law Group\",\"url\":\"https:\\\/\\\/vistaslawgroup.com\\\/es\\\/\",\"logo\":{\"@type\":\"ImageObject\",\"inLanguage\":\"es\",\"@id\":\"https:\\\/\\\/vistaslawgroup.com\\\/es\\\/#\\\/schema\\\/logo\\\/image\\\/\",\"url\":\"https:\\\/\\\/vistaslawgroup.com\\\/wp-content\\\/uploads\\\/2023\\\/10\\\/Vistas.png\",\"contentUrl\":\"https:\\\/\\\/vistaslawgroup.com\\\/wp-content\\\/uploads\\\/2023\\\/10\\\/Vistas.png\",\"width\":304,\"height\":73,\"caption\":\"Vistas Law Group\"},\"image\":{\"@id\":\"https:\\\/\\\/vistaslawgroup.com\\\/es\\\/#\\\/schema\\\/logo\\\/image\\\/\"}}]}<\/script>\n<!-- \/ Yoast SEO plugin. -->","yoast_head_json":{"title":"Testimonios - Vistas Law Group","description":"Vistas Law Group","robots":{"index":"index","follow":"follow","max-snippet":"max-snippet:-1","max-image-preview":"max-image-preview:large","max-video-preview":"max-video-preview:-1"},"canonical":"https:\/\/vistaslawgroup.com\/es\/testimonios\/","og_locale":"es_ES","og_type":"article","og_title":"Testimonios - Vistas Law Group","og_description":"Vistas Law Group","og_url":"https:\/\/vistaslawgroup.com\/es\/testimonios\/","og_site_name":"Vistas Law Group","twitter_card":"summary_large_image","twitter_misc":{"Tiempo de lectura":"1 minuto"},"schema":{"@context":"https:\/\/schema.org","@graph":[{"@type":"WebPage","@id":"https:\/\/vistaslawgroup.com\/es\/testimonios\/","url":"https:\/\/vistaslawgroup.com\/es\/testimonios\/","name":"Testimonios - Vistas Law Group","isPartOf":{"@id":"https:\/\/vistaslawgroup.com\/es\/#website"},"datePublished":"2023-12-13T08:21:43+00:00","description":"Vistas Law Group","breadcrumb":{"@id":"https:\/\/vistaslawgroup.com\/es\/testimonios\/#breadcrumb"},"inLanguage":"es","potentialAction":[{"@type":"ReadAction","target":["https:\/\/vistaslawgroup.com\/es\/testimonios\/"]}]},{"@type":"BreadcrumbList","@id":"https:\/\/vistaslawgroup.com\/es\/testimonios\/#breadcrumb","itemListElement":[{"@type":"ListItem","position":1,"name":"Home","item":"https:\/\/vistaslawgroup.com\/es\/"},{"@type":"ListItem","position":2,"name":"Testimonios"}]},{"@type":"WebSite","@id":"https:\/\/vistaslawgroup.com\/es\/#website","url":"https:\/\/vistaslawgroup.com\/es\/","name":"Vistas Law Group","description":"","publisher":{"@id":"https:\/\/vistaslawgroup.com\/es\/#organization"},"potentialAction":[{"@type":"SearchAction","target":{"@type":"EntryPoint","urlTemplate":"https:\/\/vistaslawgroup.com\/es\/?s={search_term_string}"},"query-input":{"@type":"PropertyValueSpecification","valueRequired":true,"valueName":"search_term_string"}}],"inLanguage":"es"},{"@type":"Organization","@id":"https:\/\/vistaslawgroup.com\/es\/#organization","name":"Vistas Law Group","url":"https:\/\/vistaslawgroup.com\/es\/","logo":{"@type":"ImageObject","inLanguage":"es","@id":"https:\/\/vistaslawgroup.com\/es\/#\/schema\/logo\/image\/","url":"https:\/\/vistaslawgroup.com\/wp-content\/uploads\/2023\/10\/Vistas.png","contentUrl":"https:\/\/vistaslawgroup.com\/wp-content\/uploads\/2023\/10\/Vistas.png","width":304,"height":73,"caption":"Vistas Law Group"},"image":{"@id":"https:\/\/vistaslawgroup.com\/es\/#\/schema\/logo\/image\/"}}]}},"_links":{"self":[{"href":"https:\/\/vistaslawgroup.com\/es\/wp-json\/wp\/v2\/pages\/7267","targetHints":{"allow":["GET"]}}],"collection":[{"href":"https:\/\/vistaslawgroup.com\/es\/wp-json\/wp\/v2\/pages"}],"about":[{"href":"https:\/\/vistaslawgroup.com\/es\/wp-json\/wp\/v2\/types\/page"}],"author":[{"embeddable":true,"href":"https:\/\/vistaslawgroup.com\/es\/wp-json\/wp\/v2\/users\/1"}],"replies":[{"embeddable":true,"href":"https:\/\/vistaslawgroup.com\/es\/wp-json\/wp\/v2\/comments?post=7267"}],"version-history":[{"count":0,"href":"https:\/\/vistaslawgroup.com\/es\/wp-json\/wp\/v2\/pages\/7267\/revisions"}],"wp:attachment":[{"href":"https:\/\/vistaslawgroup.com\/es\/wp-json\/wp\/v2\/media?parent=7267"}],"curies":[{"name":"wp","href":"https:\/\/api.w.org\/{rel}","templated":true}]}}