{"id":7271,"date":"2023-12-29T04:40:05","date_gmt":"2023-12-29T04:40:05","guid":{"rendered":"https:\/\/vistaslawgroup.com\/impugnacion-de-un-fideicomiso\/"},"modified":"2023-12-29T04:40:05","modified_gmt":"2023-12-29T04:40:05","slug":"impugnacion-de-un-fideicomiso","status":"publish","type":"page","link":"https:\/\/vistaslawgroup.com\/es\/recursos\/impugnacion-de-un-fideicomiso\/","title":{"rendered":"Impugnaci\u00f3n de un Fideicomiso"},"content":{"rendered":"<p>En Vistas Law Group, entendemos que el proceso de planificaci\u00f3n patrimonial puede ser complicado. Si necesita impugnar un fideicomiso en California, puede estar seguro de que estamos aqu\u00ed para guiarlo a trav\u00e9s del proceso con compasi\u00f3n y experiencia.  <\/p>\n<h2>Entendiendo los Motivos para Impugnar un Fideicomiso<\/h2>\n<p> Impugnar un fideicomiso puede ser un paso complejo y legalmente significativo, y es crucial estar bien informado sobre los motivos por los cuales puede desafiar un fideicomiso en California. Hay varias razones por las cuales alguien puede impugnar un fideicomiso, incluyendo reclamos de influencia indebida, falta de capacidad, fraude o la creencia de que el documento del fideicomiso no refleja con precisi\u00f3n las intenciones del fideicomitente. <span class=\"Apple-converted-space\"> <\/span> La influencia indebida se refiere a situaciones en las que una persona ejerce presi\u00f3n sobre el fideicomitente para cambiar el documento del fideicomiso de manera que no refleje sus verdaderos deseos. La falta de capacidad se refiere a situaciones en las que el fideicomitente no estaba en pleno uso de sus facultades mentales al crear el fideicomiso. El fraude se refiere a casos en los que el fideicomitente fue enga\u00f1ado o inducido a error para crear el fideicomiso, como mediante la provisi\u00f3n de informaci\u00f3n falsa.  <span class=\"Apple-converted-space\">  <\/span>Si est\u00e1 considerando impugnar un fideicomiso, es esencial buscar orientaci\u00f3n de un profesional legal calificado que pueda ayudarlo a entender sus opciones y brindarle el apoyo necesario durante este momento dif\u00edcil. En Vistas Law Group, tenemos una amplia experiencia en litigios sobre fideicomisos y podemos ayudarlo a superar el complejo proceso legal de impugnar un fideicomiso en California.  <\/p>\n<h2>Nuestro Enfoque para Impugnar un Fideicomiso<\/h2>\n<p> Entendemos que las disputas sobre fideicomisos pueden surgir por diversas razones. Nuestros abogados tienen una amplia experiencia en el manejo de una variedad de disputas sobre fideicomisos y est\u00e1n bien equipados para evaluar la validez del fideicomiso y determinar el mejor curso de acci\u00f3n. Trabajamos incansablemente para proteger sus derechos e intereses durante todo el proceso legal, ya sea a trav\u00e9s de la negociaci\u00f3n o la litigaci\u00f3n. Nos enorgullecemos de asegurar que nuestros clientes reciban servicios legales de primer nivel. Estamos comprometidos a brindarle atenci\u00f3n personalizada, actualizaciones oportunas y transparencia a lo largo del proceso. Si est\u00e1 enfrentando una disputa sobre un fideicomiso, no dude en ponerse en contacto con nuestro equipo de abogados patrimoniales en California, y perm\u00edtanos ayudarlo durante este momento desafiante.      <\/p>\n<h2>Problemas Comunes en las Impugnaciones de Fideicomisos<\/h2>\n<p> Las impugnaciones de fideicomisos a menudo involucran una serie de problemas que se encuentran con frecuencia. Estos problemas pueden ser dif\u00edciles de resolver y pueden requerir la asistencia de un profesional legal. Aqu\u00ed est\u00e1n los desaf\u00edos m\u00e1s comunes al impugnar un fideicomiso:   <\/p>\n<ol>\n<li><b>Influencia Indebida:<\/b> La influencia indebida ocurre cuando una persona presiona al fideicomitente para que tome decisiones en contra de sus verdaderas intenciones. Reconocer la influencia indebida es crucial en la impugnaci\u00f3n de un fideicomiso, y nuestros abogados experimentados est\u00e1n bien versados en identificar y abordar este problema. <\/li>\n<li><b>Falta de Capacidad:<\/b> Impugnar un fideicomiso puede basarse en el argumento de que el fideicomitente carec\u00eda de la capacidad mental para crear o modificar el fideicomiso. Nuestro equipo evaluar\u00e1 cuidadosamente la evidencia y abogar\u00e1 por su posici\u00f3n, asegurando que el tribunal comprenda las complejidades relacionadas con los problemas de capacidad. <\/li>\n<li><b>Actividad Fraudulenta:<\/b> Si cree que el documento del fideicomiso fue resultado de una actividad fraudulenta, nuestro equipo legal investigar\u00e1 el asunto a fondo. Impugnar un fideicomiso por motivos de fraude requiere un enfoque meticuloso, y estamos comprometidos a construir un caso s\u00f3lido en su nombre. <\/li>\n<\/ol>\n<h2>El Panorama Legal en California<\/h2>\n<p> El panorama legal de California puede ser intrincado, especialmente en lo que respecta a las impugnaciones de fideicomisos. Nuestros abogados patrimoniales en Vistas Law Group est\u00e1n bien familiarizados con las leyes y regulaciones del estado, brind\u00e1ndole una representaci\u00f3n legal informada y efectiva. Nuestro objetivo es simplificar el proceso y asegurarnos de que entienda cada paso.   <\/p>\n<h2>Programa una Consulta con Vistas Law Group<\/h2>\n<p> Si est\u00e1 considerando impugnar un fideicomiso o tiene preguntas sobre el proceso, comun\u00edquese con Vistas Law Group. Ll\u00e1menos para hablar con un abogado en Los \u00c1ngeles al <a href=\"tel:213-745-8747\">213-745-8747<\/a> o <a href=\"tel:909-415-0540\">951-307-9154<\/a> para Inland Empire. Tambi\u00e9n puede <a href=\"https:\/\/vistasnewsite.com\/contact-us\/\">contactarnos en l\u00ednea<\/a> para programar una consulta. Permita que nuestros dedicados abogados patrimoniales lo gu\u00eden a trav\u00e9s de las complejidades de las impugnaciones de fideicomisos, ofreci\u00e9ndole apoyo y defensa adaptados a su situaci\u00f3n \u00fanica.   <\/p>\n","protected":false},"excerpt":{"rendered":"<p>En Vistas Law Group, entendemos que el proceso de planificaci\u00f3n patrimonial puede ser complicado. Si necesita impugnar un fideicomiso en California, puede estar seguro de que estamos aqu\u00ed para guiarlo a trav\u00e9s del proceso con compasi\u00f3n y experiencia. Entendiendo los Motivos para Impugnar un Fideicomiso Impugnar un fideicomiso puede ser un paso complejo y legalmente&hellip;<\/p>\n","protected":false},"author":10,"featured_media":0,"parent":6995,"menu_order":0,"comment_status":"closed","ping_status":"closed","template":"","meta":{"_acf_changed":false,"inline_featured_image":false,"footnotes":""},"class_list":["post-7271","page","type-page","status-publish","hentry"],"acf":[],"yoast_head":"<!-- This site is optimized with the Yoast SEO plugin v27.5 - https:\/\/yoast.com\/product\/yoast-seo-wordpress\/ -->\n<title>Impugnaci\u00f3n de un Fideicomiso - Vistas Law Group<\/title>\n<meta name=\"description\" content=\"Vistas Law Group\" \/>\n<meta name=\"robots\" content=\"index, follow, max-snippet:-1, max-image-preview:large, max-video-preview:-1\" \/>\n<link rel=\"canonical\" href=\"https:\/\/vistaslawgroup.com\/es\/recursos\/impugnacion-de-un-fideicomiso\/\" \/>\n<meta property=\"og:locale\" content=\"es_ES\" \/>\n<meta property=\"og:type\" content=\"article\" \/>\n<meta property=\"og:title\" content=\"Impugnaci\u00f3n de un Fideicomiso - Vistas Law Group\" \/>\n<meta property=\"og:description\" content=\"Vistas Law Group\" \/>\n<meta property=\"og:url\" content=\"https:\/\/vistaslawgroup.com\/es\/recursos\/impugnacion-de-un-fideicomiso\/\" \/>\n<meta property=\"og:site_name\" content=\"Vistas Law Group\" \/>\n<meta name=\"twitter:card\" content=\"summary_large_image\" \/>\n<meta name=\"twitter:label1\" content=\"Tiempo de lectura\" \/>\n\t<meta name=\"twitter:data1\" content=\"4 minutos\" \/>\n<script type=\"application\/ld+json\" class=\"yoast-schema-graph\">{\"@context\":\"https:\\\/\\\/schema.org\",\"@graph\":[{\"@type\":\"WebPage\",\"@id\":\"https:\\\/\\\/vistaslawgroup.com\\\/es\\\/recursos\\\/impugnacion-de-un-fideicomiso\\\/\",\"url\":\"https:\\\/\\\/vistaslawgroup.com\\\/es\\\/recursos\\\/impugnacion-de-un-fideicomiso\\\/\",\"name\":\"Impugnaci\u00f3n de un Fideicomiso - Vistas Law Group\",\"isPartOf\":{\"@id\":\"https:\\\/\\\/vistaslawgroup.com\\\/es\\\/#website\"},\"datePublished\":\"2023-12-29T04:40:05+00:00\",\"description\":\"Vistas Law Group\",\"breadcrumb\":{\"@id\":\"https:\\\/\\\/vistaslawgroup.com\\\/es\\\/recursos\\\/impugnacion-de-un-fideicomiso\\\/#breadcrumb\"},\"inLanguage\":\"es\",\"potentialAction\":[{\"@type\":\"ReadAction\",\"target\":[\"https:\\\/\\\/vistaslawgroup.com\\\/es\\\/recursos\\\/impugnacion-de-un-fideicomiso\\\/\"]}]},{\"@type\":\"BreadcrumbList\",\"@id\":\"https:\\\/\\\/vistaslawgroup.com\\\/es\\\/recursos\\\/impugnacion-de-un-fideicomiso\\\/#breadcrumb\",\"itemListElement\":[{\"@type\":\"ListItem\",\"position\":1,\"name\":\"Home\",\"item\":\"https:\\\/\\\/vistaslawgroup.com\\\/es\\\/\"},{\"@type\":\"ListItem\",\"position\":2,\"name\":\"Impugnaci\u00f3n de un Fideicomiso\"}]},{\"@type\":\"WebSite\",\"@id\":\"https:\\\/\\\/vistaslawgroup.com\\\/es\\\/#website\",\"url\":\"https:\\\/\\\/vistaslawgroup.com\\\/es\\\/\",\"name\":\"Vistas Law Group\",\"description\":\"\",\"publisher\":{\"@id\":\"https:\\\/\\\/vistaslawgroup.com\\\/es\\\/#organization\"},\"potentialAction\":[{\"@type\":\"SearchAction\",\"target\":{\"@type\":\"EntryPoint\",\"urlTemplate\":\"https:\\\/\\\/vistaslawgroup.com\\\/es\\\/?s={search_term_string}\"},\"query-input\":{\"@type\":\"PropertyValueSpecification\",\"valueRequired\":true,\"valueName\":\"search_term_string\"}}],\"inLanguage\":\"es\"},{\"@type\":\"Organization\",\"@id\":\"https:\\\/\\\/vistaslawgroup.com\\\/es\\\/#organization\",\"name\":\"Vistas Law Group\",\"url\":\"https:\\\/\\\/vistaslawgroup.com\\\/es\\\/\",\"logo\":{\"@type\":\"ImageObject\",\"inLanguage\":\"es\",\"@id\":\"https:\\\/\\\/vistaslawgroup.com\\\/es\\\/#\\\/schema\\\/logo\\\/image\\\/\",\"url\":\"https:\\\/\\\/vistaslawgroup.com\\\/wp-content\\\/uploads\\\/2023\\\/10\\\/Vistas.png\",\"contentUrl\":\"https:\\\/\\\/vistaslawgroup.com\\\/wp-content\\\/uploads\\\/2023\\\/10\\\/Vistas.png\",\"width\":304,\"height\":73,\"caption\":\"Vistas Law Group\"},\"image\":{\"@id\":\"https:\\\/\\\/vistaslawgroup.com\\\/es\\\/#\\\/schema\\\/logo\\\/image\\\/\"}}]}<\/script>\n<!-- \/ Yoast SEO plugin. -->","yoast_head_json":{"title":"Impugnaci\u00f3n de un Fideicomiso - Vistas Law Group","description":"Vistas Law Group","robots":{"index":"index","follow":"follow","max-snippet":"max-snippet:-1","max-image-preview":"max-image-preview:large","max-video-preview":"max-video-preview:-1"},"canonical":"https:\/\/vistaslawgroup.com\/es\/recursos\/impugnacion-de-un-fideicomiso\/","og_locale":"es_ES","og_type":"article","og_title":"Impugnaci\u00f3n de un Fideicomiso - Vistas Law Group","og_description":"Vistas Law Group","og_url":"https:\/\/vistaslawgroup.com\/es\/recursos\/impugnacion-de-un-fideicomiso\/","og_site_name":"Vistas Law Group","twitter_card":"summary_large_image","twitter_misc":{"Tiempo de lectura":"4 minutos"},"schema":{"@context":"https:\/\/schema.org","@graph":[{"@type":"WebPage","@id":"https:\/\/vistaslawgroup.com\/es\/recursos\/impugnacion-de-un-fideicomiso\/","url":"https:\/\/vistaslawgroup.com\/es\/recursos\/impugnacion-de-un-fideicomiso\/","name":"Impugnaci\u00f3n de un Fideicomiso - Vistas Law Group","isPartOf":{"@id":"https:\/\/vistaslawgroup.com\/es\/#website"},"datePublished":"2023-12-29T04:40:05+00:00","description":"Vistas Law Group","breadcrumb":{"@id":"https:\/\/vistaslawgroup.com\/es\/recursos\/impugnacion-de-un-fideicomiso\/#breadcrumb"},"inLanguage":"es","potentialAction":[{"@type":"ReadAction","target":["https:\/\/vistaslawgroup.com\/es\/recursos\/impugnacion-de-un-fideicomiso\/"]}]},{"@type":"BreadcrumbList","@id":"https:\/\/vistaslawgroup.com\/es\/recursos\/impugnacion-de-un-fideicomiso\/#breadcrumb","itemListElement":[{"@type":"ListItem","position":1,"name":"Home","item":"https:\/\/vistaslawgroup.com\/es\/"},{"@type":"ListItem","position":2,"name":"Impugnaci\u00f3n de un Fideicomiso"}]},{"@type":"WebSite","@id":"https:\/\/vistaslawgroup.com\/es\/#website","url":"https:\/\/vistaslawgroup.com\/es\/","name":"Vistas Law Group","description":"","publisher":{"@id":"https:\/\/vistaslawgroup.com\/es\/#organization"},"potentialAction":[{"@type":"SearchAction","target":{"@type":"EntryPoint","urlTemplate":"https:\/\/vistaslawgroup.com\/es\/?s={search_term_string}"},"query-input":{"@type":"PropertyValueSpecification","valueRequired":true,"valueName":"search_term_string"}}],"inLanguage":"es"},{"@type":"Organization","@id":"https:\/\/vistaslawgroup.com\/es\/#organization","name":"Vistas Law Group","url":"https:\/\/vistaslawgroup.com\/es\/","logo":{"@type":"ImageObject","inLanguage":"es","@id":"https:\/\/vistaslawgroup.com\/es\/#\/schema\/logo\/image\/","url":"https:\/\/vistaslawgroup.com\/wp-content\/uploads\/2023\/10\/Vistas.png","contentUrl":"https:\/\/vistaslawgroup.com\/wp-content\/uploads\/2023\/10\/Vistas.png","width":304,"height":73,"caption":"Vistas Law Group"},"image":{"@id":"https:\/\/vistaslawgroup.com\/es\/#\/schema\/logo\/image\/"}}]}},"_links":{"self":[{"href":"https:\/\/vistaslawgroup.com\/es\/wp-json\/wp\/v2\/pages\/7271","targetHints":{"allow":["GET"]}}],"collection":[{"href":"https:\/\/vistaslawgroup.com\/es\/wp-json\/wp\/v2\/pages"}],"about":[{"href":"https:\/\/vistaslawgroup.com\/es\/wp-json\/wp\/v2\/types\/page"}],"author":[{"embeddable":true,"href":"https:\/\/vistaslawgroup.com\/es\/wp-json\/wp\/v2\/users\/10"}],"replies":[{"embeddable":true,"href":"https:\/\/vistaslawgroup.com\/es\/wp-json\/wp\/v2\/comments?post=7271"}],"version-history":[{"count":0,"href":"https:\/\/vistaslawgroup.com\/es\/wp-json\/wp\/v2\/pages\/7271\/revisions"}],"up":[{"embeddable":true,"href":"https:\/\/vistaslawgroup.com\/es\/wp-json\/wp\/v2\/pages\/6995"}],"wp:attachment":[{"href":"https:\/\/vistaslawgroup.com\/es\/wp-json\/wp\/v2\/media?parent=7271"}],"curies":[{"name":"wp","href":"https:\/\/api.w.org\/{rel}","templated":true}]}}