{"id":7284,"date":"2023-12-29T04:38:57","date_gmt":"2023-12-29T04:38:57","guid":{"rendered":"https:\/\/vistaslawgroup.com\/abogado-de-fideicomiso-revocable\/"},"modified":"2024-10-25T16:18:01","modified_gmt":"2024-10-25T16:18:01","slug":"abogado-de-fideicomiso-revocable","status":"publish","type":"page","link":"https:\/\/vistaslawgroup.com\/es\/abogado-de-fideicomiso-revocable\/","title":{"rendered":"Abogado de Fideicomiso Revocable"},"content":{"rendered":"<p>En Vistas Law Group, comprendemos la importancia de planificar para el futuro. Nuestro enfoque en la planificaci\u00f3n patrimonial est\u00e1 dise\u00f1ado para satisfacer las necesidades \u00fanicas de cada cliente, con un enfoque particular en los Fideicomisos Revocables. En California, donde las leyes patrimoniales pueden ser complejas, es crucial contar con un equipo experto a su lado. Nuestro objetivo es simplificar el proceso, asegurando que tome decisiones informadas sobre su patrimonio. Los Fideicomisos Revocables ofrecen flexibilidad y control, lo que le permite ajustar sus planes a medida que la vida cambia.    <\/p>\n<h2>\u00bfPor qu\u00e9 elegir un Fideicomiso Revocable?<\/h2>\n<p>Elegir un Fideicomiso Revocable significa optar por la adaptabilidad en su plan patrimonial. A medida que las circunstancias de su vida evolucionan, tambi\u00e9n puede hacerlo su fideicomiso. Estos fideicomisos son modificables, lo que le permite cambiarlos o revocarlos seg\u00fan sea necesario. Esta flexibilidad es una ventaja significativa, especialmente considerando la imprevisibilidad de la vida. Adem\u00e1s, los Fideicomisos Revocables pueden ayudar a sus beneficiarios a evitar el proceso de sucesi\u00f3n, que a menudo es largo y p\u00fablico, permitiendo una transici\u00f3n m\u00e1s fluida y privada de los bienes.    <\/p>\n<h2>C\u00f3mo establecer su Fideicomiso Revocable en California<\/h2>\n<p>Establecer un Fideicomiso Revocable con Vistas Law Group es un proceso fluido y personalizado. Comenzamos por entender su situaci\u00f3n financiera y sus objetivos \u00fanicos. A partir de ah\u00ed, lo guiamos en la redacci\u00f3n de su documento de fideicomiso, detallando cuidadosamente c\u00f3mo deben ser gestionados y distribuidos sus activos. Esto incluye la selecci\u00f3n de fideicomisarios y beneficiarios y asegurarse de que su fideicomiso est\u00e9 debidamente financiado con sus bienes. Nuestro objetivo es crear un fideicomiso que no solo satisfaga sus necesidades actuales, sino que tambi\u00e9n pueda evolucionar con los cambios futuros.    <\/p>\n<h2>Beneficios de un Fideicomiso Revocable para Residentes de California<\/h2>\n<p>Los fideicomisos revocables ofrecen varios beneficios, especialmente para los residentes de California, donde las leyes patrimoniales y fiscales pueden ser complejas. Aqu\u00ed est\u00e1 un desglose detallado de estas ventajas: <\/p>\n<ol>\n<li><b>Evitar la Sucesi\u00f3n:<\/b> Los fideicomisos revocables permiten la distribuci\u00f3n de activos a los beneficiarios sin pasar por el proceso de sucesi\u00f3n, que puede ser largo y costoso. A diferencia de los testamentos, que se convierten en registros p\u00fablicos a trav\u00e9s del proceso de sucesi\u00f3n, los fideicomisos mantienen la privacidad sobre la distribuci\u00f3n de activos. Adem\u00e1s, para aquellos que poseen propiedades en varios estados, un fideicomiso revocable puede evitar procedimientos de sucesi\u00f3n separados en cada estado, lo cual es particularmente beneficioso para los residentes de California que puedan tener propiedades fuera del estado.  <\/li>\n<li><b>Flexibilidad y Control<\/b>: A medida que cambian las circunstancias de la vida, puede modificar f\u00e1cilmente los t\u00e9rminos de un fideicomiso revocable. Esto incluye cambiar beneficiarios, fideicomisarios o c\u00f3mo se distribuyen los bienes. Usted mantiene el control sobre los bienes en el fideicomiso durante su vida. Puede agregar o eliminar activos y disolver el fideicomiso si lo desea.   <\/li>\n<li><b>Gesti\u00f3n de Activos Durante la Incapacidad: <\/b>Si llega a estar incapacitado, un fideicomisario sucesor puede gestionar los activos del fideicomiso, garantizando la continuidad sin intervenci\u00f3n judicial<span class=\"Apple-converted-space\">.<\/span> Este acuerdo puede ayudar a evitar disputas familiares sobre el control de los bienes durante per\u00edodos de incapacidad.<\/li>\n<li><b>Eficiencia en la Planificaci\u00f3n Patrimonial: <\/b>Un fideicomiso revocable puede ser una declaraci\u00f3n clara de sus deseos para la distribuci\u00f3n de activos, reduciendo el potencial de disputas entre los beneficiarios. Puede funcionar junto con un testamento para cubrir cualquier activo que no haya sido incluido en el fideicomiso. <\/li>\n<li><b>Ahorro Potencial en Tarifas e Impuestos<span class=\"Apple-converted-space\">: <\/span><\/b>Al evitar la sucesi\u00f3n, puede ahorrar en tarifas judiciales y de ejecutores, que pueden ser significativas en California. Si bien un fideicomiso revocable no ofrece beneficios fiscales durante su vida, puede estructurarse para proporcionar ventajas fiscales a sus beneficiarios despu\u00e9s de su fallecimiento. <\/li>\n<li><b>Protecci\u00f3n en Situaciones Familiares Complejas:<\/b> Para aquellos con familias mixtas, un fideicomiso revocable puede asegurar que los bienes espec\u00edficos de matrimonios o relaciones anteriores se distribuyan a los hijos.<\/li>\n<li><b>Casos de Uso Espec\u00edficos<span class=\"Apple-converted-space\">: <\/span><\/b>Para los residentes de California con propiedades inmobiliarias sustanciales, colocar la propiedad en un fideicomiso revocable puede simplificar la gesti\u00f3n y distribuci\u00f3n<span class=\"Apple-converted-space\">. <\/span>Los due\u00f1os de negocios pueden utilizar un fideicomiso revocable para planificar la sucesi\u00f3n de sus intereses comerciales.<\/li>\n<\/ol>\n<h2>Comprendiendo sus Opciones en California<\/h2>\n<p>Muchos clientes preguntan sobre la diferencia entre un Fideicomiso Revocable y un Testamento. Aunque ambos son herramientas esenciales de planificaci\u00f3n patrimonial, cumplen funciones diferentes. Un testamento entra en vigor despu\u00e9s de su muerte, dictando c\u00f3mo deben ser distribuidos sus bienes. Sin embargo, debe pasar por el proceso de sucesi\u00f3n, que puede ser largo y p\u00fablico. Por otro lado, un Fideicomiso Revocable entra en vigor tan pronto como se crea y financia, lo que permite una gesti\u00f3n y transferencia de bienes m\u00e1s inmediata y privada.    <\/p>\n<h2>Contacte a Vistas Law Group<span class=\"Apple-converted-space\">, <\/span>sus Abogados de Fideicomisos en California<\/h2>\n<p>Planificar para el futuro no tiene que ser intimidante. En Vistas Law Group, estamos dedicados a guiarlo en la creaci\u00f3n y gesti\u00f3n de su Fideicomiso Revocable. Nuestra experiencia en la ley patrimonial de California, combinada con nuestro enfoque personalizado, asegura que su plan patrimonial refleje sus deseos y provea para sus seres queridos.<br \/>Para hablar con un abogado de planificaci\u00f3n patrimonial en Vistas Law Group en Los \u00c1ngeles, llame al <a href=\"tel:213-745-8747\">213-745-8747<\/a> o en Inland Empire al <a href=\"tel:909-415-0540\">951-307-1093<\/a>. Alternativamente, <a href=\"https:\/\/vistasnewsite.com\/contact-us\/\">cont\u00e1ctenos en l\u00ednea<\/a> para programar una consulta con un abogado de planificaci\u00f3n patrimonial comprometido en servir a clientes en California. Perm\u00edtanos ayudarlo a asegurar su legado y brindar tranquilidad a las generaciones futuras.  <\/p>\n","protected":false},"excerpt":{"rendered":"<p>En Vistas Law Group, comprendemos la importancia de planificar para el futuro. Nuestro enfoque en la planificaci\u00f3n patrimonial est\u00e1 dise\u00f1ado para satisfacer las necesidades \u00fanicas de cada cliente, con un enfoque particular en los Fideicomisos Revocables. En California, donde las leyes patrimoniales pueden ser complejas, es crucial contar con un equipo experto a su lado.&hellip;<\/p>\n","protected":false},"author":10,"featured_media":0,"parent":0,"menu_order":0,"comment_status":"closed","ping_status":"closed","template":"","meta":{"_acf_changed":false,"inline_featured_image":false,"footnotes":""},"class_list":["post-7284","page","type-page","status-publish","hentry"],"acf":[],"yoast_head":"<!-- This site is optimized with the Yoast SEO plugin v27.5 - https:\/\/yoast.com\/product\/yoast-seo-wordpress\/ -->\n<title>Abogado de Fideicomiso Revocable - Vistas Law Group<\/title>\n<meta name=\"description\" content=\"Vistas Law Group\" \/>\n<meta name=\"robots\" content=\"index, follow, max-snippet:-1, max-image-preview:large, max-video-preview:-1\" \/>\n<link rel=\"canonical\" href=\"https:\/\/vistaslawgroup.com\/es\/abogado-de-fideicomiso-revocable\/\" \/>\n<meta property=\"og:locale\" content=\"es_ES\" \/>\n<meta property=\"og:type\" content=\"article\" \/>\n<meta property=\"og:title\" content=\"Abogado de Fideicomiso Revocable - Vistas Law Group\" \/>\n<meta property=\"og:description\" content=\"Vistas Law Group\" \/>\n<meta property=\"og:url\" content=\"https:\/\/vistaslawgroup.com\/es\/abogado-de-fideicomiso-revocable\/\" \/>\n<meta property=\"og:site_name\" content=\"Vistas Law Group\" \/>\n<meta property=\"article:modified_time\" content=\"2024-10-25T16:18:01+00:00\" \/>\n<meta name=\"twitter:card\" content=\"summary_large_image\" \/>\n<meta name=\"twitter:label1\" content=\"Tiempo de lectura\" \/>\n\t<meta name=\"twitter:data1\" content=\"5 minutos\" \/>\n<script type=\"application\/ld+json\" class=\"yoast-schema-graph\">{\"@context\":\"https:\\\/\\\/schema.org\",\"@graph\":[{\"@type\":\"WebPage\",\"@id\":\"https:\\\/\\\/vistaslawgroup.com\\\/es\\\/abogado-de-fideicomiso-revocable\\\/\",\"url\":\"https:\\\/\\\/vistaslawgroup.com\\\/es\\\/abogado-de-fideicomiso-revocable\\\/\",\"name\":\"Abogado de Fideicomiso Revocable - Vistas Law Group\",\"isPartOf\":{\"@id\":\"https:\\\/\\\/vistaslawgroup.com\\\/es\\\/#website\"},\"datePublished\":\"2023-12-29T04:38:57+00:00\",\"dateModified\":\"2024-10-25T16:18:01+00:00\",\"description\":\"Vistas Law Group\",\"breadcrumb\":{\"@id\":\"https:\\\/\\\/vistaslawgroup.com\\\/es\\\/abogado-de-fideicomiso-revocable\\\/#breadcrumb\"},\"inLanguage\":\"es\",\"potentialAction\":[{\"@type\":\"ReadAction\",\"target\":[\"https:\\\/\\\/vistaslawgroup.com\\\/es\\\/abogado-de-fideicomiso-revocable\\\/\"]}]},{\"@type\":\"BreadcrumbList\",\"@id\":\"https:\\\/\\\/vistaslawgroup.com\\\/es\\\/abogado-de-fideicomiso-revocable\\\/#breadcrumb\",\"itemListElement\":[{\"@type\":\"ListItem\",\"position\":1,\"name\":\"Home\",\"item\":\"https:\\\/\\\/vistaslawgroup.com\\\/es\\\/\"},{\"@type\":\"ListItem\",\"position\":2,\"name\":\"Abogado de Fideicomiso Revocable\"}]},{\"@type\":\"WebSite\",\"@id\":\"https:\\\/\\\/vistaslawgroup.com\\\/es\\\/#website\",\"url\":\"https:\\\/\\\/vistaslawgroup.com\\\/es\\\/\",\"name\":\"Vistas Law Group\",\"description\":\"\",\"publisher\":{\"@id\":\"https:\\\/\\\/vistaslawgroup.com\\\/es\\\/#organization\"},\"potentialAction\":[{\"@type\":\"SearchAction\",\"target\":{\"@type\":\"EntryPoint\",\"urlTemplate\":\"https:\\\/\\\/vistaslawgroup.com\\\/es\\\/?s={search_term_string}\"},\"query-input\":{\"@type\":\"PropertyValueSpecification\",\"valueRequired\":true,\"valueName\":\"search_term_string\"}}],\"inLanguage\":\"es\"},{\"@type\":\"Organization\",\"@id\":\"https:\\\/\\\/vistaslawgroup.com\\\/es\\\/#organization\",\"name\":\"Vistas Law Group\",\"url\":\"https:\\\/\\\/vistaslawgroup.com\\\/es\\\/\",\"logo\":{\"@type\":\"ImageObject\",\"inLanguage\":\"es\",\"@id\":\"https:\\\/\\\/vistaslawgroup.com\\\/es\\\/#\\\/schema\\\/logo\\\/image\\\/\",\"url\":\"https:\\\/\\\/vistaslawgroup.com\\\/wp-content\\\/uploads\\\/2023\\\/10\\\/Vistas.png\",\"contentUrl\":\"https:\\\/\\\/vistaslawgroup.com\\\/wp-content\\\/uploads\\\/2023\\\/10\\\/Vistas.png\",\"width\":304,\"height\":73,\"caption\":\"Vistas Law Group\"},\"image\":{\"@id\":\"https:\\\/\\\/vistaslawgroup.com\\\/es\\\/#\\\/schema\\\/logo\\\/image\\\/\"}}]}<\/script>\n<!-- \/ Yoast SEO plugin. -->","yoast_head_json":{"title":"Abogado de Fideicomiso Revocable - Vistas Law Group","description":"Vistas Law Group","robots":{"index":"index","follow":"follow","max-snippet":"max-snippet:-1","max-image-preview":"max-image-preview:large","max-video-preview":"max-video-preview:-1"},"canonical":"https:\/\/vistaslawgroup.com\/es\/abogado-de-fideicomiso-revocable\/","og_locale":"es_ES","og_type":"article","og_title":"Abogado de Fideicomiso Revocable - Vistas Law Group","og_description":"Vistas Law Group","og_url":"https:\/\/vistaslawgroup.com\/es\/abogado-de-fideicomiso-revocable\/","og_site_name":"Vistas Law Group","article_modified_time":"2024-10-25T16:18:01+00:00","twitter_card":"summary_large_image","twitter_misc":{"Tiempo de lectura":"5 minutos"},"schema":{"@context":"https:\/\/schema.org","@graph":[{"@type":"WebPage","@id":"https:\/\/vistaslawgroup.com\/es\/abogado-de-fideicomiso-revocable\/","url":"https:\/\/vistaslawgroup.com\/es\/abogado-de-fideicomiso-revocable\/","name":"Abogado de Fideicomiso Revocable - Vistas Law Group","isPartOf":{"@id":"https:\/\/vistaslawgroup.com\/es\/#website"},"datePublished":"2023-12-29T04:38:57+00:00","dateModified":"2024-10-25T16:18:01+00:00","description":"Vistas Law Group","breadcrumb":{"@id":"https:\/\/vistaslawgroup.com\/es\/abogado-de-fideicomiso-revocable\/#breadcrumb"},"inLanguage":"es","potentialAction":[{"@type":"ReadAction","target":["https:\/\/vistaslawgroup.com\/es\/abogado-de-fideicomiso-revocable\/"]}]},{"@type":"BreadcrumbList","@id":"https:\/\/vistaslawgroup.com\/es\/abogado-de-fideicomiso-revocable\/#breadcrumb","itemListElement":[{"@type":"ListItem","position":1,"name":"Home","item":"https:\/\/vistaslawgroup.com\/es\/"},{"@type":"ListItem","position":2,"name":"Abogado de Fideicomiso Revocable"}]},{"@type":"WebSite","@id":"https:\/\/vistaslawgroup.com\/es\/#website","url":"https:\/\/vistaslawgroup.com\/es\/","name":"Vistas Law Group","description":"","publisher":{"@id":"https:\/\/vistaslawgroup.com\/es\/#organization"},"potentialAction":[{"@type":"SearchAction","target":{"@type":"EntryPoint","urlTemplate":"https:\/\/vistaslawgroup.com\/es\/?s={search_term_string}"},"query-input":{"@type":"PropertyValueSpecification","valueRequired":true,"valueName":"search_term_string"}}],"inLanguage":"es"},{"@type":"Organization","@id":"https:\/\/vistaslawgroup.com\/es\/#organization","name":"Vistas Law Group","url":"https:\/\/vistaslawgroup.com\/es\/","logo":{"@type":"ImageObject","inLanguage":"es","@id":"https:\/\/vistaslawgroup.com\/es\/#\/schema\/logo\/image\/","url":"https:\/\/vistaslawgroup.com\/wp-content\/uploads\/2023\/10\/Vistas.png","contentUrl":"https:\/\/vistaslawgroup.com\/wp-content\/uploads\/2023\/10\/Vistas.png","width":304,"height":73,"caption":"Vistas Law Group"},"image":{"@id":"https:\/\/vistaslawgroup.com\/es\/#\/schema\/logo\/image\/"}}]}},"_links":{"self":[{"href":"https:\/\/vistaslawgroup.com\/es\/wp-json\/wp\/v2\/pages\/7284","targetHints":{"allow":["GET"]}}],"collection":[{"href":"https:\/\/vistaslawgroup.com\/es\/wp-json\/wp\/v2\/pages"}],"about":[{"href":"https:\/\/vistaslawgroup.com\/es\/wp-json\/wp\/v2\/types\/page"}],"author":[{"embeddable":true,"href":"https:\/\/vistaslawgroup.com\/es\/wp-json\/wp\/v2\/users\/10"}],"replies":[{"embeddable":true,"href":"https:\/\/vistaslawgroup.com\/es\/wp-json\/wp\/v2\/comments?post=7284"}],"version-history":[{"count":0,"href":"https:\/\/vistaslawgroup.com\/es\/wp-json\/wp\/v2\/pages\/7284\/revisions"}],"wp:attachment":[{"href":"https:\/\/vistaslawgroup.com\/es\/wp-json\/wp\/v2\/media?parent=7284"}],"curies":[{"name":"wp","href":"https:\/\/api.w.org\/{rel}","templated":true}]}}