{"id":7318,"date":"2024-05-31T02:35:08","date_gmt":"2024-05-31T02:35:08","guid":{"rendered":"https:\/\/vistaslawgroup.com\/abogado-de-fideicomisos-de-tercer-partido-para-necesidades-especiales-en-california\/"},"modified":"2024-05-31T02:35:08","modified_gmt":"2024-05-31T02:35:08","slug":"abogado-de-fideicomisos-de-tercer-partido-para-necesidades-especiales-en-california","status":"publish","type":"page","link":"https:\/\/vistaslawgroup.com\/es\/abogado-de-fideicomisos-de-tercer-partido-para-necesidades-especiales-en-california\/","title":{"rendered":"Abogado de Fideicomisos de Tercer Partido para Necesidades Especiales en California"},"content":{"rendered":"<p>Entender los matices y la importancia de planificar el futuro de un ser querido con necesidades especiales puede ser un camino complejo lleno de emociones y preocupaciones. En Vistas Law Group, LLP, reconocemos el peso de estas decisiones. Nos comprometemos a guiar a las familias a trav\u00e9s de la creaci\u00f3n de Fideicomisos de Tercer Partido para Necesidades Especiales en California con empat\u00eda y un toque personalizado. Nuestros servicios biling\u00fces aseguran que cada familia a la que asistimos se sienta comprendida, respetada y valorada.   <\/p>\n<h2>Empoderando a Seres Queridos a trav\u00e9s de Fideicomisos de Tercer Partido para Necesidades Especiales<\/h2>\n<p>Un Fideicomiso de Tercer Partido para Necesidades Especiales es una herramienta poderosa dise\u00f1ada para cubrir las necesidades adicionales y suplementarias de una persona con discapacidades sin poner en riesgo su elegibilidad para beneficios gubernamentales vitales, como Medicaid o el Ingreso Suplementario de Seguridad (SSI, por sus siglas en ingl\u00e9s). A diferencia de otros tipos de fideicomisos, un Fideicomiso de Tercer Partido para Necesidades Especiales se financia con activos que nunca pertenecieron al beneficiario, t\u00edpicamente establecidos por padres, abuelos u otros miembros de la familia. <\/p>\n<h2>Caracter\u00edsticas Clave de los Fideicomisos de Tercer Partido para Necesidades Especiales en California<\/h2>\n<p>La creaci\u00f3n de un Fideicomiso de Tercer Partido para Necesidades Especiales en California est\u00e1 guiada por regulaciones estatales y federales espec\u00edficas para garantizar que se cumplan las necesidades de los beneficiarios sin descalificarlos de la asistencia gubernamental. Esto es lo que las familias deben saber: <\/p>\n<ul>\n<li><b>Protecci\u00f3n de Beneficios: <\/b>Los activos mantenidos dentro del fideicomiso no afectan la elegibilidad del beneficiario para programas de asistencia p\u00fablica.<\/li>\n<li><b>Uso Flexible de los Fondos:<\/b> Los activos del fideicomiso pueden utilizarse para una amplia gama de gastos que mejoran la calidad de vida m\u00e1s all\u00e1 de lo cubierto por la ayuda gubernamental, como educaci\u00f3n, recreaci\u00f3n y art\u00edculos de cuidado personal.<\/li>\n<li><b>Integraci\u00f3n en la Planificaci\u00f3n Patrimonial:<\/b> Estos fideicomisos pueden integrarse sin problemas en el plan patrimonial m\u00e1s amplio de la familia, asegurando un enfoque cohesivo de gesti\u00f3n de activos y planificaci\u00f3n del legado.<\/li>\n<\/ul>\n<h2>Elegir al Fiduciario Adecuado<\/h2>\n<p>Seleccionar al fiduciario apropiado para un Fideicomiso de Tercer Partido para Necesidades Especiales es crucial. Esta persona o instituci\u00f3n gestionar\u00e1 los activos del fideicomiso y har\u00e1 distribuciones en nombre del beneficiario. El rol del fiduciario es tanto fiduciario como compasivo, requiriendo un equilibrio entre la administraci\u00f3n financiera prudente y una profunda comprensi\u00f3n de las necesidades y los mejores intereses del beneficiario.  <\/p>\n<h2>Consideraciones al Establecer un Fideicomiso de Tercer Partido para Necesidades Especiales<\/h2>\n<p>Establecer un Fideicomiso de Tercer Partido para Necesidades Especiales implica varias consideraciones importantes para garantizar que sirva eficazmente a su prop\u00f3sito:<\/p>\n<ul>\n<li><b>Financiamiento Adecuado:<\/b> Aunque estos fideicomisos se financian con activos que no pertenecen al beneficiario, decidir los activos adecuados requiere una planificaci\u00f3n cuidadosa. Esto puede incluir desde efectivo e inversiones hasta bienes ra\u00edces y p\u00f3lizas de seguro de vida. <\/li>\n<li><b>Implicaciones Fiscales<\/b>: Es importante que tanto el donante como el beneficiario comprendan las posibles ventajas y obligaciones fiscales asociadas con el fideicomiso.<\/li>\n<li><b>Planificaci\u00f3n a Largo Plazo:<\/b> Es esencial considerar las posibles necesidades a largo plazo del beneficiario y c\u00f3mo el fideicomiso puede estructurarse mejor para satisfacer esas necesidades con el tiempo.<\/li>\n<\/ul>\n<h2>Tus Socios en la Planificaci\u00f3n para Necesidades Especiales<\/h2>\n<p>En Vistas Law Group, LLP, estamos dedicados a ayudar a las familias en California a proporcionar para las necesidades especiales de sus seres queridos sin comprometer su seguridad financiera ni su elegibilidad para la asistencia gubernamental. Nuestro enfoque se caracteriza por un profundo compromiso personal con la situaci\u00f3n \u00fanica de cada familia, y nos enorgullece ofrecer soluciones que reflejan no solo nuestro conocimiento legal, sino tambi\u00e9n nuestro genuino cuidado y comprensi\u00f3n. <\/p>\n<h2>Construyendo un Futuro Seguro Juntos<\/h2>\n<p>Crear un Fideicomiso de Tercer Partido para Necesidades Especiales es un paso significativo para garantizar que un ser querido con discapacidades est\u00e9 atendido y apoyado durante toda su vida. Nuestro bufete est\u00e1 aqu\u00ed para hacer que este proceso sea lo m\u00e1s fluido y libre de preocupaciones posible, asegurando que puedas enfocarte en lo que m\u00e1s importa: el bienestar y la felicidad de los miembros de tu familia. Para obtener una orientaci\u00f3n personalizada sobre la creaci\u00f3n de un Fideicomiso de Tercer Partido para Necesidades Especiales en California, contacta a Vistas Law Group, LLP. Ya sea en Los \u00c1ngeles o en el Inland Empire, ll\u00e1manos al <a href=\"tel:213-745-8747\">213-745-8747<\/a> o al <a href=\"tel:909-415-0540\">951-262-8375<\/a>. Tambi\u00e9n puedes contactarnos <a href=\"https:\/\/vistasnewsite.com\">en l\u00ednea<\/a> para programar una consulta con un abogado de herencias dedicado a atender a clientes en todo California. Trabajemos juntos para crear un futuro seguro y lleno de cuidados para tu ser querido. <\/p>\n<p><span class=\"Apple-converted-space\"> <\/span><\/p>\n","protected":false},"excerpt":{"rendered":"<p>Entender los matices y la importancia de planificar el futuro de un ser querido con necesidades especiales puede ser un camino complejo lleno de emociones y preocupaciones. En Vistas Law Group, LLP, reconocemos el peso de estas decisiones. Nos comprometemos a guiar a las familias a trav\u00e9s de la creaci\u00f3n de Fideicomisos de Tercer Partido&hellip;<\/p>\n","protected":false},"author":10,"featured_media":0,"parent":0,"menu_order":0,"comment_status":"closed","ping_status":"closed","template":"","meta":{"_acf_changed":false,"inline_featured_image":false,"footnotes":""},"class_list":["post-7318","page","type-page","status-publish","hentry"],"acf":[],"yoast_head":"<!-- This site is optimized with the Yoast SEO plugin v27.5 - https:\/\/yoast.com\/product\/yoast-seo-wordpress\/ -->\n<title>Abogado de Fideicomisos de Tercer Partido para Necesidades Especiales en California - Vistas Law Group<\/title>\n<meta name=\"description\" content=\"Vistas Law Group\" \/>\n<meta name=\"robots\" content=\"index, follow, max-snippet:-1, max-image-preview:large, max-video-preview:-1\" \/>\n<link rel=\"canonical\" href=\"https:\/\/vistaslawgroup.com\/es\/abogado-de-fideicomisos-de-tercer-partido-para-necesidades-especiales-en-california\/\" \/>\n<meta property=\"og:locale\" content=\"es_ES\" \/>\n<meta property=\"og:type\" content=\"article\" \/>\n<meta property=\"og:title\" content=\"Abogado de Fideicomisos de Tercer Partido para Necesidades Especiales en California - Vistas Law Group\" \/>\n<meta property=\"og:description\" content=\"Vistas Law Group\" \/>\n<meta property=\"og:url\" content=\"https:\/\/vistaslawgroup.com\/es\/abogado-de-fideicomisos-de-tercer-partido-para-necesidades-especiales-en-california\/\" \/>\n<meta property=\"og:site_name\" content=\"Vistas Law Group\" \/>\n<meta name=\"twitter:card\" content=\"summary_large_image\" \/>\n<meta name=\"twitter:label1\" content=\"Tiempo de lectura\" \/>\n\t<meta name=\"twitter:data1\" content=\"4 minutos\" \/>\n<script type=\"application\/ld+json\" class=\"yoast-schema-graph\">{\"@context\":\"https:\\\/\\\/schema.org\",\"@graph\":[{\"@type\":\"WebPage\",\"@id\":\"https:\\\/\\\/vistaslawgroup.com\\\/es\\\/abogado-de-fideicomisos-de-tercer-partido-para-necesidades-especiales-en-california\\\/\",\"url\":\"https:\\\/\\\/vistaslawgroup.com\\\/es\\\/abogado-de-fideicomisos-de-tercer-partido-para-necesidades-especiales-en-california\\\/\",\"name\":\"Abogado de Fideicomisos de Tercer Partido para Necesidades Especiales en California - Vistas Law Group\",\"isPartOf\":{\"@id\":\"https:\\\/\\\/vistaslawgroup.com\\\/es\\\/#website\"},\"datePublished\":\"2024-05-31T02:35:08+00:00\",\"description\":\"Vistas Law Group\",\"breadcrumb\":{\"@id\":\"https:\\\/\\\/vistaslawgroup.com\\\/es\\\/abogado-de-fideicomisos-de-tercer-partido-para-necesidades-especiales-en-california\\\/#breadcrumb\"},\"inLanguage\":\"es\",\"potentialAction\":[{\"@type\":\"ReadAction\",\"target\":[\"https:\\\/\\\/vistaslawgroup.com\\\/es\\\/abogado-de-fideicomisos-de-tercer-partido-para-necesidades-especiales-en-california\\\/\"]}]},{\"@type\":\"BreadcrumbList\",\"@id\":\"https:\\\/\\\/vistaslawgroup.com\\\/es\\\/abogado-de-fideicomisos-de-tercer-partido-para-necesidades-especiales-en-california\\\/#breadcrumb\",\"itemListElement\":[{\"@type\":\"ListItem\",\"position\":1,\"name\":\"Home\",\"item\":\"https:\\\/\\\/vistaslawgroup.com\\\/es\\\/\"},{\"@type\":\"ListItem\",\"position\":2,\"name\":\"Abogado de Fideicomisos de Tercer Partido para Necesidades Especiales en California\"}]},{\"@type\":\"WebSite\",\"@id\":\"https:\\\/\\\/vistaslawgroup.com\\\/es\\\/#website\",\"url\":\"https:\\\/\\\/vistaslawgroup.com\\\/es\\\/\",\"name\":\"Vistas Law Group\",\"description\":\"\",\"publisher\":{\"@id\":\"https:\\\/\\\/vistaslawgroup.com\\\/es\\\/#organization\"},\"potentialAction\":[{\"@type\":\"SearchAction\",\"target\":{\"@type\":\"EntryPoint\",\"urlTemplate\":\"https:\\\/\\\/vistaslawgroup.com\\\/es\\\/?s={search_term_string}\"},\"query-input\":{\"@type\":\"PropertyValueSpecification\",\"valueRequired\":true,\"valueName\":\"search_term_string\"}}],\"inLanguage\":\"es\"},{\"@type\":\"Organization\",\"@id\":\"https:\\\/\\\/vistaslawgroup.com\\\/es\\\/#organization\",\"name\":\"Vistas Law Group\",\"url\":\"https:\\\/\\\/vistaslawgroup.com\\\/es\\\/\",\"logo\":{\"@type\":\"ImageObject\",\"inLanguage\":\"es\",\"@id\":\"https:\\\/\\\/vistaslawgroup.com\\\/es\\\/#\\\/schema\\\/logo\\\/image\\\/\",\"url\":\"https:\\\/\\\/vistaslawgroup.com\\\/wp-content\\\/uploads\\\/2023\\\/10\\\/Vistas.png\",\"contentUrl\":\"https:\\\/\\\/vistaslawgroup.com\\\/wp-content\\\/uploads\\\/2023\\\/10\\\/Vistas.png\",\"width\":304,\"height\":73,\"caption\":\"Vistas Law Group\"},\"image\":{\"@id\":\"https:\\\/\\\/vistaslawgroup.com\\\/es\\\/#\\\/schema\\\/logo\\\/image\\\/\"}}]}<\/script>\n<!-- \/ Yoast SEO plugin. -->","yoast_head_json":{"title":"Abogado de Fideicomisos de Tercer Partido para Necesidades Especiales en California - Vistas Law Group","description":"Vistas Law Group","robots":{"index":"index","follow":"follow","max-snippet":"max-snippet:-1","max-image-preview":"max-image-preview:large","max-video-preview":"max-video-preview:-1"},"canonical":"https:\/\/vistaslawgroup.com\/es\/abogado-de-fideicomisos-de-tercer-partido-para-necesidades-especiales-en-california\/","og_locale":"es_ES","og_type":"article","og_title":"Abogado de Fideicomisos de Tercer Partido para Necesidades Especiales en California - Vistas Law Group","og_description":"Vistas Law Group","og_url":"https:\/\/vistaslawgroup.com\/es\/abogado-de-fideicomisos-de-tercer-partido-para-necesidades-especiales-en-california\/","og_site_name":"Vistas Law Group","twitter_card":"summary_large_image","twitter_misc":{"Tiempo de lectura":"4 minutos"},"schema":{"@context":"https:\/\/schema.org","@graph":[{"@type":"WebPage","@id":"https:\/\/vistaslawgroup.com\/es\/abogado-de-fideicomisos-de-tercer-partido-para-necesidades-especiales-en-california\/","url":"https:\/\/vistaslawgroup.com\/es\/abogado-de-fideicomisos-de-tercer-partido-para-necesidades-especiales-en-california\/","name":"Abogado de Fideicomisos de Tercer Partido para Necesidades Especiales en California - Vistas Law Group","isPartOf":{"@id":"https:\/\/vistaslawgroup.com\/es\/#website"},"datePublished":"2024-05-31T02:35:08+00:00","description":"Vistas Law Group","breadcrumb":{"@id":"https:\/\/vistaslawgroup.com\/es\/abogado-de-fideicomisos-de-tercer-partido-para-necesidades-especiales-en-california\/#breadcrumb"},"inLanguage":"es","potentialAction":[{"@type":"ReadAction","target":["https:\/\/vistaslawgroup.com\/es\/abogado-de-fideicomisos-de-tercer-partido-para-necesidades-especiales-en-california\/"]}]},{"@type":"BreadcrumbList","@id":"https:\/\/vistaslawgroup.com\/es\/abogado-de-fideicomisos-de-tercer-partido-para-necesidades-especiales-en-california\/#breadcrumb","itemListElement":[{"@type":"ListItem","position":1,"name":"Home","item":"https:\/\/vistaslawgroup.com\/es\/"},{"@type":"ListItem","position":2,"name":"Abogado de Fideicomisos de Tercer Partido para Necesidades Especiales en California"}]},{"@type":"WebSite","@id":"https:\/\/vistaslawgroup.com\/es\/#website","url":"https:\/\/vistaslawgroup.com\/es\/","name":"Vistas Law Group","description":"","publisher":{"@id":"https:\/\/vistaslawgroup.com\/es\/#organization"},"potentialAction":[{"@type":"SearchAction","target":{"@type":"EntryPoint","urlTemplate":"https:\/\/vistaslawgroup.com\/es\/?s={search_term_string}"},"query-input":{"@type":"PropertyValueSpecification","valueRequired":true,"valueName":"search_term_string"}}],"inLanguage":"es"},{"@type":"Organization","@id":"https:\/\/vistaslawgroup.com\/es\/#organization","name":"Vistas Law Group","url":"https:\/\/vistaslawgroup.com\/es\/","logo":{"@type":"ImageObject","inLanguage":"es","@id":"https:\/\/vistaslawgroup.com\/es\/#\/schema\/logo\/image\/","url":"https:\/\/vistaslawgroup.com\/wp-content\/uploads\/2023\/10\/Vistas.png","contentUrl":"https:\/\/vistaslawgroup.com\/wp-content\/uploads\/2023\/10\/Vistas.png","width":304,"height":73,"caption":"Vistas Law Group"},"image":{"@id":"https:\/\/vistaslawgroup.com\/es\/#\/schema\/logo\/image\/"}}]}},"_links":{"self":[{"href":"https:\/\/vistaslawgroup.com\/es\/wp-json\/wp\/v2\/pages\/7318","targetHints":{"allow":["GET"]}}],"collection":[{"href":"https:\/\/vistaslawgroup.com\/es\/wp-json\/wp\/v2\/pages"}],"about":[{"href":"https:\/\/vistaslawgroup.com\/es\/wp-json\/wp\/v2\/types\/page"}],"author":[{"embeddable":true,"href":"https:\/\/vistaslawgroup.com\/es\/wp-json\/wp\/v2\/users\/10"}],"replies":[{"embeddable":true,"href":"https:\/\/vistaslawgroup.com\/es\/wp-json\/wp\/v2\/comments?post=7318"}],"version-history":[{"count":0,"href":"https:\/\/vistaslawgroup.com\/es\/wp-json\/wp\/v2\/pages\/7318\/revisions"}],"wp:attachment":[{"href":"https:\/\/vistaslawgroup.com\/es\/wp-json\/wp\/v2\/media?parent=7318"}],"curies":[{"name":"wp","href":"https:\/\/api.w.org\/{rel}","templated":true}]}}