{"id":7819,"date":"2024-10-23T11:17:27","date_gmt":"2024-10-23T11:17:27","guid":{"rendered":"https:\/\/vistaslawgroup.com\/oficina-de-los-angeles\/"},"modified":"2025-05-21T18:25:34","modified_gmt":"2025-05-21T18:25:34","slug":"oficina-de-los-angeles","status":"publish","type":"page","link":"https:\/\/vistaslawgroup.com\/es\/oficina-de-los-angeles\/","title":{"rendered":"Nuestro Equipo en la Oficina de Los Angeles"},"content":{"rendered":"\n\n\t\t\t\t<img decoding=\"async\" src=\"https:\/\/vistaslawgroup.com\/wp-content\/uploads\/2023\/12\/Mario-Vega-Bio-Page_cr.png\" alt=\"Mario Vega Bio Page_cr\" itemprop=\"image\" height=\"461\" width=\"361\" title=\"Mario Vega Bio Page_cr\" onerror=\"this.style.display='none'\" loading='lazy' \/>\n<h2>\n\t\t\tMario D. Vega\t<\/h2>\n\t<p>Socio Principal<\/p>\n\t<p>Mario Vega se desempe\u00f1a como un distinguido Socio Principal en Vistas Law Group.<\/p>\n\t\t\t<a href=\"https:\/\/vistaslawgroup.com\/es\/mario-vega\/\" target=\"_self\">\n\t\t\t\t\t\t\tVer m\u00e1s\n\t\t\t\t\t<\/a>\n\t\t\t\t<img decoding=\"async\" src=\"https:\/\/vistaslawgroup.com\/wp-content\/uploads\/2024\/06\/Nelson-E.-Cavour-No-Background_.png\" alt=\"Nelson E. Cavour No Background_\" itemprop=\"image\" height=\"390\" width=\"312\" title=\"Nelson E. Cavour No Background_\" onerror=\"this.style.display='none'\" loading='lazy' \/>\n<h2>\n\t\t\tNelson E. Cavour\t<\/h2>\n\t<p>Abogado asociado<\/p>\n\t\t\t<a href=\"https:\/\/vistaslawgroup.com\/es\/nelson-e-cavour\/\" target=\"_self\">\n\t\t\t\t\t\t\tVer m\u00e1s\n\t\t\t\t\t<\/a>\n\n","protected":false},"excerpt":{"rendered":"<p>Mario D. Vega Socio Principal Mario Vega se desempe\u00f1a como un distinguido Socio Principal en Vistas Law Group. Ver m\u00e1s Nelson E. Cavour Abogado asociado Ver m\u00e1s<\/p>\n","protected":false},"author":9,"featured_media":0,"parent":0,"menu_order":0,"comment_status":"closed","ping_status":"closed","template":"","meta":{"_acf_changed":false,"inline_featured_image":false,"footnotes":""},"class_list":["post-7819","page","type-page","status-publish","hentry"],"acf":[],"yoast_head":"<!-- This site is optimized with the Yoast SEO plugin v27.5 - https:\/\/yoast.com\/product\/yoast-seo-wordpress\/ -->\n<title>Nuestro Equipo en la Oficina de Los Angeles - Vistas Law Group<\/title>\n<meta name=\"description\" content=\"Vistas Law Group\" \/>\n<meta name=\"robots\" content=\"index, follow, max-snippet:-1, max-image-preview:large, max-video-preview:-1\" \/>\n<link rel=\"canonical\" href=\"https:\/\/vistaslawgroup.com\/es\/oficina-de-los-angeles\/\" \/>\n<meta property=\"og:locale\" content=\"es_ES\" \/>\n<meta property=\"og:type\" content=\"article\" \/>\n<meta property=\"og:title\" content=\"Nuestro Equipo en la Oficina de Los Angeles - Vistas Law Group\" \/>\n<meta property=\"og:description\" content=\"Vistas Law Group\" \/>\n<meta property=\"og:url\" content=\"https:\/\/vistaslawgroup.com\/es\/oficina-de-los-angeles\/\" \/>\n<meta property=\"og:site_name\" content=\"Vistas Law Group\" \/>\n<meta property=\"article:modified_time\" content=\"2025-05-21T18:25:34+00:00\" \/>\n<meta property=\"og:image\" content=\"https:\/\/vistaslawgroup.com\/wp-content\/uploads\/2023\/12\/Mario-Vega-Bio-Page_cr.png\" \/>\n<meta name=\"twitter:card\" content=\"summary_large_image\" \/>\n<meta name=\"twitter:label1\" content=\"Tiempo de lectura\" \/>\n\t<meta name=\"twitter:data1\" content=\"1 minuto\" \/>\n<script type=\"application\/ld+json\" class=\"yoast-schema-graph\">{\"@context\":\"https:\\\/\\\/schema.org\",\"@graph\":[{\"@type\":\"WebPage\",\"@id\":\"https:\\\/\\\/vistaslawgroup.com\\\/es\\\/oficina-de-los-angeles\\\/\",\"url\":\"https:\\\/\\\/vistaslawgroup.com\\\/es\\\/oficina-de-los-angeles\\\/\",\"name\":\"Nuestro Equipo en la Oficina de Los Angeles - Vistas Law Group\",\"isPartOf\":{\"@id\":\"https:\\\/\\\/vistaslawgroup.com\\\/es\\\/#website\"},\"primaryImageOfPage\":{\"@id\":\"https:\\\/\\\/vistaslawgroup.com\\\/es\\\/oficina-de-los-angeles\\\/#primaryimage\"},\"image\":{\"@id\":\"https:\\\/\\\/vistaslawgroup.com\\\/es\\\/oficina-de-los-angeles\\\/#primaryimage\"},\"thumbnailUrl\":\"https:\\\/\\\/vistaslawgroup.com\\\/wp-content\\\/uploads\\\/2023\\\/12\\\/Mario-Vega-Bio-Page_cr.png\",\"datePublished\":\"2024-10-23T11:17:27+00:00\",\"dateModified\":\"2025-05-21T18:25:34+00:00\",\"description\":\"Vistas Law Group\",\"breadcrumb\":{\"@id\":\"https:\\\/\\\/vistaslawgroup.com\\\/es\\\/oficina-de-los-angeles\\\/#breadcrumb\"},\"inLanguage\":\"es\",\"potentialAction\":[{\"@type\":\"ReadAction\",\"target\":[\"https:\\\/\\\/vistaslawgroup.com\\\/es\\\/oficina-de-los-angeles\\\/\"]}]},{\"@type\":\"ImageObject\",\"inLanguage\":\"es\",\"@id\":\"https:\\\/\\\/vistaslawgroup.com\\\/es\\\/oficina-de-los-angeles\\\/#primaryimage\",\"url\":\"https:\\\/\\\/vistaslawgroup.com\\\/wp-content\\\/uploads\\\/2023\\\/12\\\/Mario-Vega-Bio-Page_cr.png\",\"contentUrl\":\"https:\\\/\\\/vistaslawgroup.com\\\/wp-content\\\/uploads\\\/2023\\\/12\\\/Mario-Vega-Bio-Page_cr.png\"},{\"@type\":\"BreadcrumbList\",\"@id\":\"https:\\\/\\\/vistaslawgroup.com\\\/es\\\/oficina-de-los-angeles\\\/#breadcrumb\",\"itemListElement\":[{\"@type\":\"ListItem\",\"position\":1,\"name\":\"Home\",\"item\":\"https:\\\/\\\/vistaslawgroup.com\\\/es\\\/\"},{\"@type\":\"ListItem\",\"position\":2,\"name\":\"Nuestro Equipo en la Oficina de Los Angeles\"}]},{\"@type\":\"WebSite\",\"@id\":\"https:\\\/\\\/vistaslawgroup.com\\\/es\\\/#website\",\"url\":\"https:\\\/\\\/vistaslawgroup.com\\\/es\\\/\",\"name\":\"Vistas Law Group\",\"description\":\"\",\"publisher\":{\"@id\":\"https:\\\/\\\/vistaslawgroup.com\\\/es\\\/#organization\"},\"potentialAction\":[{\"@type\":\"SearchAction\",\"target\":{\"@type\":\"EntryPoint\",\"urlTemplate\":\"https:\\\/\\\/vistaslawgroup.com\\\/es\\\/?s={search_term_string}\"},\"query-input\":{\"@type\":\"PropertyValueSpecification\",\"valueRequired\":true,\"valueName\":\"search_term_string\"}}],\"inLanguage\":\"es\"},{\"@type\":\"Organization\",\"@id\":\"https:\\\/\\\/vistaslawgroup.com\\\/es\\\/#organization\",\"name\":\"Vistas Law Group\",\"url\":\"https:\\\/\\\/vistaslawgroup.com\\\/es\\\/\",\"logo\":{\"@type\":\"ImageObject\",\"inLanguage\":\"es\",\"@id\":\"https:\\\/\\\/vistaslawgroup.com\\\/es\\\/#\\\/schema\\\/logo\\\/image\\\/\",\"url\":\"https:\\\/\\\/vistaslawgroup.com\\\/wp-content\\\/uploads\\\/2023\\\/10\\\/Vistas.png\",\"contentUrl\":\"https:\\\/\\\/vistaslawgroup.com\\\/wp-content\\\/uploads\\\/2023\\\/10\\\/Vistas.png\",\"width\":304,\"height\":73,\"caption\":\"Vistas Law Group\"},\"image\":{\"@id\":\"https:\\\/\\\/vistaslawgroup.com\\\/es\\\/#\\\/schema\\\/logo\\\/image\\\/\"}}]}<\/script>\n<!-- \/ Yoast SEO plugin. -->","yoast_head_json":{"title":"Nuestro Equipo en la Oficina de Los Angeles - Vistas Law Group","description":"Vistas Law Group","robots":{"index":"index","follow":"follow","max-snippet":"max-snippet:-1","max-image-preview":"max-image-preview:large","max-video-preview":"max-video-preview:-1"},"canonical":"https:\/\/vistaslawgroup.com\/es\/oficina-de-los-angeles\/","og_locale":"es_ES","og_type":"article","og_title":"Nuestro Equipo en la Oficina de Los Angeles - Vistas Law Group","og_description":"Vistas Law Group","og_url":"https:\/\/vistaslawgroup.com\/es\/oficina-de-los-angeles\/","og_site_name":"Vistas Law Group","article_modified_time":"2025-05-21T18:25:34+00:00","og_image":[{"url":"https:\/\/vistaslawgroup.com\/wp-content\/uploads\/2023\/12\/Mario-Vega-Bio-Page_cr.png","type":"","width":"","height":""}],"twitter_card":"summary_large_image","twitter_misc":{"Tiempo de lectura":"1 minuto"},"schema":{"@context":"https:\/\/schema.org","@graph":[{"@type":"WebPage","@id":"https:\/\/vistaslawgroup.com\/es\/oficina-de-los-angeles\/","url":"https:\/\/vistaslawgroup.com\/es\/oficina-de-los-angeles\/","name":"Nuestro Equipo en la Oficina de Los Angeles - Vistas Law Group","isPartOf":{"@id":"https:\/\/vistaslawgroup.com\/es\/#website"},"primaryImageOfPage":{"@id":"https:\/\/vistaslawgroup.com\/es\/oficina-de-los-angeles\/#primaryimage"},"image":{"@id":"https:\/\/vistaslawgroup.com\/es\/oficina-de-los-angeles\/#primaryimage"},"thumbnailUrl":"https:\/\/vistaslawgroup.com\/wp-content\/uploads\/2023\/12\/Mario-Vega-Bio-Page_cr.png","datePublished":"2024-10-23T11:17:27+00:00","dateModified":"2025-05-21T18:25:34+00:00","description":"Vistas Law Group","breadcrumb":{"@id":"https:\/\/vistaslawgroup.com\/es\/oficina-de-los-angeles\/#breadcrumb"},"inLanguage":"es","potentialAction":[{"@type":"ReadAction","target":["https:\/\/vistaslawgroup.com\/es\/oficina-de-los-angeles\/"]}]},{"@type":"ImageObject","inLanguage":"es","@id":"https:\/\/vistaslawgroup.com\/es\/oficina-de-los-angeles\/#primaryimage","url":"https:\/\/vistaslawgroup.com\/wp-content\/uploads\/2023\/12\/Mario-Vega-Bio-Page_cr.png","contentUrl":"https:\/\/vistaslawgroup.com\/wp-content\/uploads\/2023\/12\/Mario-Vega-Bio-Page_cr.png"},{"@type":"BreadcrumbList","@id":"https:\/\/vistaslawgroup.com\/es\/oficina-de-los-angeles\/#breadcrumb","itemListElement":[{"@type":"ListItem","position":1,"name":"Home","item":"https:\/\/vistaslawgroup.com\/es\/"},{"@type":"ListItem","position":2,"name":"Nuestro Equipo en la Oficina de Los Angeles"}]},{"@type":"WebSite","@id":"https:\/\/vistaslawgroup.com\/es\/#website","url":"https:\/\/vistaslawgroup.com\/es\/","name":"Vistas Law Group","description":"","publisher":{"@id":"https:\/\/vistaslawgroup.com\/es\/#organization"},"potentialAction":[{"@type":"SearchAction","target":{"@type":"EntryPoint","urlTemplate":"https:\/\/vistaslawgroup.com\/es\/?s={search_term_string}"},"query-input":{"@type":"PropertyValueSpecification","valueRequired":true,"valueName":"search_term_string"}}],"inLanguage":"es"},{"@type":"Organization","@id":"https:\/\/vistaslawgroup.com\/es\/#organization","name":"Vistas Law Group","url":"https:\/\/vistaslawgroup.com\/es\/","logo":{"@type":"ImageObject","inLanguage":"es","@id":"https:\/\/vistaslawgroup.com\/es\/#\/schema\/logo\/image\/","url":"https:\/\/vistaslawgroup.com\/wp-content\/uploads\/2023\/10\/Vistas.png","contentUrl":"https:\/\/vistaslawgroup.com\/wp-content\/uploads\/2023\/10\/Vistas.png","width":304,"height":73,"caption":"Vistas Law Group"},"image":{"@id":"https:\/\/vistaslawgroup.com\/es\/#\/schema\/logo\/image\/"}}]}},"_links":{"self":[{"href":"https:\/\/vistaslawgroup.com\/es\/wp-json\/wp\/v2\/pages\/7819","targetHints":{"allow":["GET"]}}],"collection":[{"href":"https:\/\/vistaslawgroup.com\/es\/wp-json\/wp\/v2\/pages"}],"about":[{"href":"https:\/\/vistaslawgroup.com\/es\/wp-json\/wp\/v2\/types\/page"}],"author":[{"embeddable":true,"href":"https:\/\/vistaslawgroup.com\/es\/wp-json\/wp\/v2\/users\/9"}],"replies":[{"embeddable":true,"href":"https:\/\/vistaslawgroup.com\/es\/wp-json\/wp\/v2\/comments?post=7819"}],"version-history":[{"count":5,"href":"https:\/\/vistaslawgroup.com\/es\/wp-json\/wp\/v2\/pages\/7819\/revisions"}],"predecessor-version":[{"id":7884,"href":"https:\/\/vistaslawgroup.com\/es\/wp-json\/wp\/v2\/pages\/7819\/revisions\/7884"}],"wp:attachment":[{"href":"https:\/\/vistaslawgroup.com\/es\/wp-json\/wp\/v2\/media?parent=7819"}],"curies":[{"name":"wp","href":"https:\/\/api.w.org\/{rel}","templated":true}]}}